{"id":8148,"date":"2023-01-29T17:39:24","date_gmt":"2023-01-29T16:39:24","guid":{"rendered":"https:\/\/eshop.tca.sk\/unkategorisiert\/visiere-troy-industries-ar-15-sight-set\/"},"modified":"2025-11-26T16:49:49","modified_gmt":"2025-11-26T15:49:49","slug":"visiere-troy-industries-ar-15-sight-set","status":"publish","type":"product","link":"https:\/\/eshop.tca.sk\/de\/waffenzubehoer\/visiere-troy-industries-ar-15-sight-set\/","title":{"rendered":"Visiere Troy Industries AR-15 Sight Set"},"content":{"rendered":"<h3><strong>Visiere Troy Industries AR-15 Sight Set<\/strong><\/h3>\n<p>Die Troy Industries AR-15 Sight Set-Visierungen sind robuste, klappbare Visierungen, die als Backup-System f\u00fcr den Fall eines Ausfalls der prim\u00e4ren optischen Visierung dienen. Das Geh\u00e4use des Visiers l\u00e4sst sich bei Bedarf leicht einklappen und wird durch einen starken Federdruck und zwei Verriegelungen fest verschlossen, so dass es nicht versehentlich eingeklappt werden kann, bis Sie den Knopf an der linken Seite der Basis dr\u00fccken. Die Basis l\u00e4sst sich mit einem handels\u00fcblichen Schlitzschraubendreher fest an jeder milit\u00e4rischen oder kommerziellen Picatinny-Schiene befestigen. Keine hervorstehenden Kn\u00f6pfe oder Hebel, die an Str\u00e4uchern, Kleidung oder anderem Equipment h\u00e4ngen bleiben k\u00f6nnen.<\/p>\n<p>Stabile, sch\u00fctzende \u201eOhren\u201c sch\u00fctzen den Visier und das Zielfernrohr vor St\u00f6\u00dfen. Die hinteren Visierungen werden an der Picatinny-Schiene befestigt und sind im geneigten Zustand nur 460&#8243; hoch. Der Einstellmechanismus mit kurzen Rasten erm\u00f6glicht eine \u00c4nderung der Windeinstellung um \u00bd MOA. Die vorderen Visierungen werden an der Picatinny-Schiene an den zus\u00e4tzlichen Griffen befestigt und sind im geneigten Zustand nur \u00bd Zoll hoch. Alle Modelle haben einen M4-Typ Post, der in \u00bd MOA-Schritten in der H\u00f6he verstellbar ist.<\/p>\n","protected":false},"excerpt":{"rendered":"<p><img loading=\"lazy\" decoding=\"async\" class=\"alignnone size-full wp-image-8144\" src=\"https:\/\/eshop.tca.sk\/wp-content\/uploads\/2023\/01\/Troy_Logo_Hozizontal.jpg\" alt=\"\" width=\"121\" height=\"27\"><\/p>\n<p>Langlebige, klappbare Visiere bieten ein Backup-System f\u00fcr den Fall, dass das prim\u00e4re optische Visier ausf\u00e4llt.<\/p>\n<p><img loading=\"lazy\" decoding=\"async\" class=\"wp-image-8564 alignnone\" src=\"https:\/\/eshop.tca.sk\/wp-content\/uploads\/2023\/04\/Logo-Whack-Black-White-R-APPROVED.png\" alt=\"\" width=\"138\" height=\"75\" srcset=\"https:\/\/eshop.tca.sk\/wp-content\/uploads\/2023\/04\/Logo-Whack-Black-White-R-APPROVED.png 571w, https:\/\/eshop.tca.sk\/wp-content\/uploads\/2023\/04\/Logo-Whack-Black-White-R-APPROVED-300x163.png 300w\" sizes=\"auto, (max-width: 138px) 100vw, 138px\" \/><\/p>\n<p>Vom <strong>TCA<\/strong> und dem <strong>WHACK<\/strong>-System verwendete und empfohlene Equipment.<\/p>\n","protected":false},"featured_media":8141,"template":"","meta":{"inline_featured_image":false},"product_brand":[],"product_cat":[417,318],"product_tag":[432],"giftcard-category":[],"class_list":{"0":"post-8148","1":"product","2":"type-product","3":"status-publish","4":"has-post-thumbnail","6":"product_cat-waffenvisiere","7":"product_cat-waffenzubehoer","8":"product_tag-troy-industries-de","10":"first","11":"instock","12":"taxable","13":"shipping-taxable","14":"purchasable","15":"product-type-simple"},"yoast_head":"<!-- This site is optimized with the Yoast SEO plugin v26.4 - https:\/\/yoast.com\/wordpress\/plugins\/seo\/ -->\n<title>Visiere Troy Industries AR-15 Sight Set - TCA eShop - Tactical Combat Academy<\/title>\n<meta name=\"description\" content=\"Die Troy Industries AR-15 Sight Set-Visierungen sind robuste, klappbare Visierungen, die als Backup-System f\u00fcr den Fall eines Ausfalls der prim\u00e4ren optischen Visierung dienen.\" \/>\n<meta name=\"robots\" content=\"index, follow, max-snippet:-1, max-image-preview:large, max-video-preview:-1\" \/>\n<link rel=\"canonical\" href=\"https:\/\/eshop.tca.sk\/de\/waffenzubehoer\/visiere-troy-industries-ar-15-sight-set\/\" \/>\n<meta property=\"og:locale\" content=\"de_DE\" \/>\n<meta property=\"og:type\" content=\"article\" \/>\n<meta property=\"og:title\" content=\"Visiere Troy Industries AR-15 Sight Set - TCA eShop - Tactical Combat Academy\" \/>\n<meta property=\"og:description\" content=\"Die Troy Industries AR-15 Sight Set-Visierungen sind robuste, klappbare Visierungen, die als Backup-System f\u00fcr den Fall eines Ausfalls der prim\u00e4ren optischen Visierung dienen.\" \/>\n<meta property=\"og:url\" content=\"https:\/\/eshop.tca.sk\/de\/waffenzubehoer\/visiere-troy-industries-ar-15-sight-set\/\" \/>\n<meta property=\"og:site_name\" content=\"TCA eShop - Tactical Combat Academy\" \/>\n<meta property=\"article:modified_time\" content=\"2025-11-26T15:49:49+00:00\" \/>\n<meta property=\"og:image\" content=\"https:\/\/eshop.tca.sk\/wp-content\/uploads\/2023\/01\/Mieridla-Troy-Industries-AR-15-Sight-Set-1.jpg\" \/>\n\t<meta property=\"og:image:width\" content=\"700\" \/>\n\t<meta property=\"og:image:height\" content=\"700\" \/>\n\t<meta property=\"og:image:type\" content=\"image\/jpeg\" \/>\n<meta name=\"twitter:card\" content=\"summary_large_image\" \/>\n<script type=\"application\/ld+json\" class=\"yoast-schema-graph\">{\"@context\":\"https:\/\/schema.org\",\"@graph\":[{\"@type\":\"WebPage\",\"@id\":\"https:\/\/eshop.tca.sk\/de\/waffenzubehoer\/visiere-troy-industries-ar-15-sight-set\/\",\"url\":\"https:\/\/eshop.tca.sk\/de\/waffenzubehoer\/visiere-troy-industries-ar-15-sight-set\/\",\"name\":\"Visiere Troy Industries AR-15 Sight Set - TCA eShop - Tactical Combat Academy\",\"isPartOf\":{\"@id\":\"https:\/\/eshop.tca.sk\/de\/#website\"},\"primaryImageOfPage\":{\"@id\":\"https:\/\/eshop.tca.sk\/de\/waffenzubehoer\/visiere-troy-industries-ar-15-sight-set\/#primaryimage\"},\"image\":{\"@id\":\"https:\/\/eshop.tca.sk\/de\/waffenzubehoer\/visiere-troy-industries-ar-15-sight-set\/#primaryimage\"},\"thumbnailUrl\":\"https:\/\/eshop.tca.sk\/wp-content\/uploads\/2023\/01\/Mieridla-Troy-Industries-AR-15-Sight-Set-1.jpg\",\"datePublished\":\"2023-01-29T16:39:24+00:00\",\"dateModified\":\"2025-11-26T15:49:49+00:00\",\"description\":\"Die Troy Industries AR-15 Sight Set-Visierungen sind robuste, klappbare Visierungen, die als Backup-System f\u00fcr den Fall eines Ausfalls der prim\u00e4ren optischen Visierung dienen.\",\"breadcrumb\":{\"@id\":\"https:\/\/eshop.tca.sk\/de\/waffenzubehoer\/visiere-troy-industries-ar-15-sight-set\/#breadcrumb\"},\"inLanguage\":\"de\",\"potentialAction\":[{\"@type\":\"ReadAction\",\"target\":[\"https:\/\/eshop.tca.sk\/de\/waffenzubehoer\/visiere-troy-industries-ar-15-sight-set\/\"]}]},{\"@type\":\"ImageObject\",\"inLanguage\":\"de\",\"@id\":\"https:\/\/eshop.tca.sk\/de\/waffenzubehoer\/visiere-troy-industries-ar-15-sight-set\/#primaryimage\",\"url\":\"https:\/\/eshop.tca.sk\/wp-content\/uploads\/2023\/01\/Mieridla-Troy-Industries-AR-15-Sight-Set-1.jpg\",\"contentUrl\":\"https:\/\/eshop.tca.sk\/wp-content\/uploads\/2023\/01\/Mieridla-Troy-Industries-AR-15-Sight-Set-1.jpg\",\"width\":700,\"height\":700,\"caption\":\"Mieridl\u00e1 Troy Industries AR-15 Sight Set\"},{\"@type\":\"BreadcrumbList\",\"@id\":\"https:\/\/eshop.tca.sk\/de\/waffenzubehoer\/visiere-troy-industries-ar-15-sight-set\/#breadcrumb\",\"itemListElement\":[{\"@type\":\"ListItem\",\"position\":1,\"name\":\"Domovsk\u00e1 str\u00e1nka\",\"item\":\"https:\/\/eshop.tca.sk\/de\/\"},{\"@type\":\"ListItem\",\"position\":2,\"name\":\"Shop\",\"item\":\"https:\/\/eshop.tca.sk\/de\/shop\/\"},{\"@type\":\"ListItem\",\"position\":3,\"name\":\"Visiere Troy Industries AR-15 Sight Set\"}]},{\"@type\":\"WebSite\",\"@id\":\"https:\/\/eshop.tca.sk\/de\/#website\",\"url\":\"https:\/\/eshop.tca.sk\/de\/\",\"name\":\"TCA eShop - Tactical Combat Academy\",\"description\":\"Tactical Combat Academy\",\"publisher\":{\"@id\":\"https:\/\/eshop.tca.sk\/de\/#organization\"},\"potentialAction\":[{\"@type\":\"SearchAction\",\"target\":{\"@type\":\"EntryPoint\",\"urlTemplate\":\"https:\/\/eshop.tca.sk\/de\/?s={search_term_string}\"},\"query-input\":{\"@type\":\"PropertyValueSpecification\",\"valueRequired\":true,\"valueName\":\"search_term_string\"}}],\"inLanguage\":\"de\"},{\"@type\":\"Organization\",\"@id\":\"https:\/\/eshop.tca.sk\/de\/#organization\",\"name\":\"TCA eShop - Tactical Combat Academy\",\"url\":\"https:\/\/eshop.tca.sk\/de\/\",\"logo\":{\"@type\":\"ImageObject\",\"inLanguage\":\"de\",\"@id\":\"https:\/\/eshop.tca.sk\/de\/#\/schema\/logo\/image\/\",\"url\":\"https:\/\/eshop.tca.sk\/wp-content\/uploads\/2025\/06\/logo-new-header.png\",\"contentUrl\":\"https:\/\/eshop.tca.sk\/wp-content\/uploads\/2025\/06\/logo-new-header.png\",\"width\":300,\"height\":294,\"caption\":\"TCA eShop - Tactical Combat Academy\"},\"image\":{\"@id\":\"https:\/\/eshop.tca.sk\/de\/#\/schema\/logo\/image\/\"}}]}<\/script>\n<!-- \/ Yoast SEO plugin. -->","yoast_head_json":{"title":"Visiere Troy Industries AR-15 Sight Set - TCA eShop - Tactical Combat Academy","description":"Die Troy Industries AR-15 Sight Set-Visierungen sind robuste, klappbare Visierungen, die als Backup-System f\u00fcr den Fall eines Ausfalls der prim\u00e4ren optischen Visierung dienen.","robots":{"index":"index","follow":"follow","max-snippet":"max-snippet:-1","max-image-preview":"max-image-preview:large","max-video-preview":"max-video-preview:-1"},"canonical":"https:\/\/eshop.tca.sk\/de\/waffenzubehoer\/visiere-troy-industries-ar-15-sight-set\/","og_locale":"de_DE","og_type":"article","og_title":"Visiere Troy Industries AR-15 Sight Set - TCA eShop - Tactical Combat Academy","og_description":"Die Troy Industries AR-15 Sight Set-Visierungen sind robuste, klappbare Visierungen, die als Backup-System f\u00fcr den Fall eines Ausfalls der prim\u00e4ren optischen Visierung dienen.","og_url":"https:\/\/eshop.tca.sk\/de\/waffenzubehoer\/visiere-troy-industries-ar-15-sight-set\/","og_site_name":"TCA eShop - Tactical Combat Academy","article_modified_time":"2025-11-26T15:49:49+00:00","og_image":[{"width":700,"height":700,"url":"https:\/\/eshop.tca.sk\/wp-content\/uploads\/2023\/01\/Mieridla-Troy-Industries-AR-15-Sight-Set-1.jpg","type":"image\/jpeg"}],"twitter_card":"summary_large_image","schema":{"@context":"https:\/\/schema.org","@graph":[{"@type":"WebPage","@id":"https:\/\/eshop.tca.sk\/de\/waffenzubehoer\/visiere-troy-industries-ar-15-sight-set\/","url":"https:\/\/eshop.tca.sk\/de\/waffenzubehoer\/visiere-troy-industries-ar-15-sight-set\/","name":"Visiere Troy Industries AR-15 Sight Set - TCA eShop - Tactical Combat Academy","isPartOf":{"@id":"https:\/\/eshop.tca.sk\/de\/#website"},"primaryImageOfPage":{"@id":"https:\/\/eshop.tca.sk\/de\/waffenzubehoer\/visiere-troy-industries-ar-15-sight-set\/#primaryimage"},"image":{"@id":"https:\/\/eshop.tca.sk\/de\/waffenzubehoer\/visiere-troy-industries-ar-15-sight-set\/#primaryimage"},"thumbnailUrl":"https:\/\/eshop.tca.sk\/wp-content\/uploads\/2023\/01\/Mieridla-Troy-Industries-AR-15-Sight-Set-1.jpg","datePublished":"2023-01-29T16:39:24+00:00","dateModified":"2025-11-26T15:49:49+00:00","description":"Die Troy Industries AR-15 Sight Set-Visierungen sind robuste, klappbare Visierungen, die als Backup-System f\u00fcr den Fall eines Ausfalls der prim\u00e4ren optischen Visierung dienen.","breadcrumb":{"@id":"https:\/\/eshop.tca.sk\/de\/waffenzubehoer\/visiere-troy-industries-ar-15-sight-set\/#breadcrumb"},"inLanguage":"de","potentialAction":[{"@type":"ReadAction","target":["https:\/\/eshop.tca.sk\/de\/waffenzubehoer\/visiere-troy-industries-ar-15-sight-set\/"]}]},{"@type":"ImageObject","inLanguage":"de","@id":"https:\/\/eshop.tca.sk\/de\/waffenzubehoer\/visiere-troy-industries-ar-15-sight-set\/#primaryimage","url":"https:\/\/eshop.tca.sk\/wp-content\/uploads\/2023\/01\/Mieridla-Troy-Industries-AR-15-Sight-Set-1.jpg","contentUrl":"https:\/\/eshop.tca.sk\/wp-content\/uploads\/2023\/01\/Mieridla-Troy-Industries-AR-15-Sight-Set-1.jpg","width":700,"height":700,"caption":"Mieridl\u00e1 Troy Industries AR-15 Sight Set"},{"@type":"BreadcrumbList","@id":"https:\/\/eshop.tca.sk\/de\/waffenzubehoer\/visiere-troy-industries-ar-15-sight-set\/#breadcrumb","itemListElement":[{"@type":"ListItem","position":1,"name":"Domovsk\u00e1 str\u00e1nka","item":"https:\/\/eshop.tca.sk\/de\/"},{"@type":"ListItem","position":2,"name":"Shop","item":"https:\/\/eshop.tca.sk\/de\/shop\/"},{"@type":"ListItem","position":3,"name":"Visiere Troy Industries AR-15 Sight Set"}]},{"@type":"WebSite","@id":"https:\/\/eshop.tca.sk\/de\/#website","url":"https:\/\/eshop.tca.sk\/de\/","name":"TCA eShop - Tactical Combat Academy","description":"Tactical Combat Academy","publisher":{"@id":"https:\/\/eshop.tca.sk\/de\/#organization"},"potentialAction":[{"@type":"SearchAction","target":{"@type":"EntryPoint","urlTemplate":"https:\/\/eshop.tca.sk\/de\/?s={search_term_string}"},"query-input":{"@type":"PropertyValueSpecification","valueRequired":true,"valueName":"search_term_string"}}],"inLanguage":"de"},{"@type":"Organization","@id":"https:\/\/eshop.tca.sk\/de\/#organization","name":"TCA eShop - Tactical Combat Academy","url":"https:\/\/eshop.tca.sk\/de\/","logo":{"@type":"ImageObject","inLanguage":"de","@id":"https:\/\/eshop.tca.sk\/de\/#\/schema\/logo\/image\/","url":"https:\/\/eshop.tca.sk\/wp-content\/uploads\/2025\/06\/logo-new-header.png","contentUrl":"https:\/\/eshop.tca.sk\/wp-content\/uploads\/2025\/06\/logo-new-header.png","width":300,"height":294,"caption":"TCA eShop - Tactical Combat Academy"},"image":{"@id":"https:\/\/eshop.tca.sk\/de\/#\/schema\/logo\/image\/"}}]}},"_links":{"self":[{"href":"https:\/\/eshop.tca.sk\/de\/wp-json\/wp\/v2\/product\/8148","targetHints":{"allow":["GET"]}}],"collection":[{"href":"https:\/\/eshop.tca.sk\/de\/wp-json\/wp\/v2\/product"}],"about":[{"href":"https:\/\/eshop.tca.sk\/de\/wp-json\/wp\/v2\/types\/product"}],"wp:featuredmedia":[{"embeddable":true,"href":"https:\/\/eshop.tca.sk\/de\/wp-json\/wp\/v2\/media\/8141"}],"wp:attachment":[{"href":"https:\/\/eshop.tca.sk\/de\/wp-json\/wp\/v2\/media?parent=8148"}],"wp:term":[{"taxonomy":"product_brand","embeddable":true,"href":"https:\/\/eshop.tca.sk\/de\/wp-json\/wp\/v2\/product_brand?post=8148"},{"taxonomy":"product_cat","embeddable":true,"href":"https:\/\/eshop.tca.sk\/de\/wp-json\/wp\/v2\/product_cat?post=8148"},{"taxonomy":"product_tag","embeddable":true,"href":"https:\/\/eshop.tca.sk\/de\/wp-json\/wp\/v2\/product_tag?post=8148"},{"taxonomy":"giftcard-category","embeddable":true,"href":"https:\/\/eshop.tca.sk\/de\/wp-json\/wp\/v2\/giftcard-category?post=8148"}],"curies":[{"name":"wp","href":"https:\/\/api.w.org\/{rel}","templated":true}]}}