{"id":8216,"date":"2023-02-21T16:03:45","date_gmt":"2023-02-21T15:03:45","guid":{"rendered":"https:\/\/eshop.tca.sk\/?post_type=product&#038;p=8216"},"modified":"2025-11-26T16:49:47","modified_gmt":"2025-11-26T15:49:47","slug":"kolimator-eotech-hws-xps3-0","status":"publish","type":"product","link":"https:\/\/eshop.tca.sk\/de\/waffenzubehoer\/kolimator-eotech-hws-xps3-0\/","title":{"rendered":"Kollimator EOTech HWS XPS3-0"},"content":{"rendered":"<h3>Kollimator EOTech HWS XPS3-0<\/h3>\n<p>Das Kollimatorzielger\u00e4t EOTech HWS XPS3-0 ist ein holografisches Zielger\u00e4t, das f\u00fcr das Schie\u00dfen auf kurze und mittlere Entfernungen entwickelt wurde. Der Kollimator ist 97 mm lang, wiegt 255 g und hat ein offenes Design, das dem Sch\u00fctzen ein gr\u00f6\u00dferes Sichtfeld und die M\u00f6glichkeit bietet, schnell zu reagieren. Der Kollimator hat ein bewusstes Muster, bestehend aus einem 1MOA-Punkt und einem 68MOA-Kreis in Rot mit einer Fenstergr\u00f6\u00dfe von 30x23mm, was bis zu 30 Helligkeitseinstellungen erm\u00f6glicht. Montage auf Standard Picatinny-Schiene oder Weaver. Der Kollimator ist bis zu einer Tiefe von 10 m wasserdicht und wird mit einer CR123A-Batterie betrieben, die bei der Grundeinstellung der Leuchtkraft 1000 Stunden h\u00e4lt. Das Modell <b>XPS3-0<\/b> <b>verf\u00fcgt \u00fcber Nachtsichtunterst\u00fctzung, keine Schnellwechselhalterung mit Vorsatzmuster 0 (1MOA Punkt + 68MOA Kreis).<\/b> <\/p>\n<ul>\n<li><b>Vergr\u00f6\u00dferung<\/b>: 1x<\/li>\n<li><b>Gr\u00f6\u00dfe des Intentionspunkts:<\/b> 1MOA Punkt + 68MOA Kreis (Intentionsmuster 0)<\/li>\n<li><b>Kurbelgr\u00f6\u00dfe:<\/b> 1\/2 MOA<\/li>\n<li><b>Ausf\u00fchrung:<\/b> offenes, kurzes Modell, mit r\u00fcckseitiger Steuerung<\/li>\n<li><b>L\u00e4nge:<\/b> 97 mm<\/li>\n<li><b>Gewicht:<\/b> 255g<\/li>\n<li><b>Stromversorgung:<\/b> 1x CR123A Batterie<\/li>\n<\/ul>\n<p><img loading=\"lazy\" decoding=\"async\" class=\"alignnone size-full wp-image-8225\" src=\"https:\/\/eshop.tca.sk\/wp-content\/uploads\/2023\/02\/Kolimator-XPS3-0-Black-4.png\" alt=\"\" width=\"1608\" height=\"658\" srcset=\"https:\/\/eshop.tca.sk\/wp-content\/uploads\/2023\/02\/Kolimator-XPS3-0-Black-4.png 1608w, https:\/\/eshop.tca.sk\/wp-content\/uploads\/2023\/02\/Kolimator-XPS3-0-Black-4-300x123.png 300w, https:\/\/eshop.tca.sk\/wp-content\/uploads\/2023\/02\/Kolimator-XPS3-0-Black-4-768x314.png 768w, https:\/\/eshop.tca.sk\/wp-content\/uploads\/2023\/02\/Kolimator-XPS3-0-Black-4-600x246.png 600w\" sizes=\"auto, (max-width: 1608px) 100vw, 1608px\" \/><\/p>\n<p>&nbsp;<\/p>\n<h3><strong>Einstellung der Helligkeit<\/strong><\/h3>\n<p><img loading=\"lazy\" decoding=\"async\" class=\"alignnone size-full wp-image-8227\" src=\"https:\/\/eshop.tca.sk\/wp-content\/uploads\/2023\/02\/Kolimator-XPS3-0-Black-5.png\" alt=\"\" width=\"1195\" height=\"239\" srcset=\"https:\/\/eshop.tca.sk\/wp-content\/uploads\/2023\/02\/Kolimator-XPS3-0-Black-5.png 1195w, https:\/\/eshop.tca.sk\/wp-content\/uploads\/2023\/02\/Kolimator-XPS3-0-Black-5-300x60.png 300w, https:\/\/eshop.tca.sk\/wp-content\/uploads\/2023\/02\/Kolimator-XPS3-0-Black-5-768x154.png 768w, https:\/\/eshop.tca.sk\/wp-content\/uploads\/2023\/02\/Kolimator-XPS3-0-Black-5-600x120.png 600w\" sizes=\"auto, (max-width: 1195px) 100vw, 1195px\" \/><\/p>\n<h3><strong>Beabsichtigte Musteroptionen<\/strong><\/h3>\n<p data-wp-editing=\"1\"><img loading=\"lazy\" decoding=\"async\" class=\"alignnone wp-image-8229\" src=\"https:\/\/eshop.tca.sk\/wp-content\/uploads\/2023\/02\/Kolimator-XPS3-0-Black-6.png\" alt=\"\" width=\"381\" height=\"247\" srcset=\"https:\/\/eshop.tca.sk\/wp-content\/uploads\/2023\/02\/Kolimator-XPS3-0-Black-6.png 1101w, https:\/\/eshop.tca.sk\/wp-content\/uploads\/2023\/02\/Kolimator-XPS3-0-Black-6-300x194.png 300w, https:\/\/eshop.tca.sk\/wp-content\/uploads\/2023\/02\/Kolimator-XPS3-0-Black-6-768x497.png 768w, https:\/\/eshop.tca.sk\/wp-content\/uploads\/2023\/02\/Kolimator-XPS3-0-Black-6-600x388.png 600w\" sizes=\"auto, (max-width: 381px) 100vw, 381px\" \/> <img loading=\"lazy\" decoding=\"async\" class=\"alignnone size-full wp-image-8231\" src=\"https:\/\/eshop.tca.sk\/wp-content\/uploads\/2023\/02\/Kolimator-XPS3-0-Black-7.png\" alt=\"\" width=\"949\" height=\"235\" srcset=\"https:\/\/eshop.tca.sk\/wp-content\/uploads\/2023\/02\/Kolimator-XPS3-0-Black-7.png 949w, https:\/\/eshop.tca.sk\/wp-content\/uploads\/2023\/02\/Kolimator-XPS3-0-Black-7-300x74.png 300w, https:\/\/eshop.tca.sk\/wp-content\/uploads\/2023\/02\/Kolimator-XPS3-0-Black-7-768x190.png 768w, https:\/\/eshop.tca.sk\/wp-content\/uploads\/2023\/02\/Kolimator-XPS3-0-Black-7-600x149.png 600w\" sizes=\"auto, (max-width: 949px) 100vw, 949px\" \/><\/p>\n<p>&nbsp;<\/p>\n","protected":false},"excerpt":{"rendered":"<p><img loading=\"lazy\" decoding=\"async\" class=\"alignnone size-full wp-image-7425\" src=\"https:\/\/eshop.tca.sk\/wp-content\/uploads\/2022\/10\/EOTech_logo.png\" alt=\"\" width=\"75\" height=\"71\"><\/p>\n<p>Der <b>EOTech XPS3-0<\/b> Kollimator ist ein holografisches Visier, das f\u00fcr das Schie\u00dfen auf kurze und mittlere Distanzen entwickelt wurde.<\/p>\n<p><img loading=\"lazy\" decoding=\"async\" class=\"wp-image-8564 alignnone\" src=\"https:\/\/eshop.tca.sk\/wp-content\/uploads\/2023\/04\/Logo-Whack-Black-White-R-APPROVED.png\" alt=\"\" width=\"138\" height=\"75\" srcset=\"https:\/\/eshop.tca.sk\/wp-content\/uploads\/2023\/04\/Logo-Whack-Black-White-R-APPROVED.png 571w, https:\/\/eshop.tca.sk\/wp-content\/uploads\/2023\/04\/Logo-Whack-Black-White-R-APPROVED-300x163.png 300w\" sizes=\"auto, (max-width: 138px) 100vw, 138px\" \/><\/p>\n<p>Vom <strong>TCA<\/strong> und dem <strong>WHACK<\/strong>-System verwendete und empfohlene Equipment.<\/p>\n","protected":false},"featured_media":8234,"template":"","meta":{"inline_featured_image":false},"product_brand":[],"product_cat":[320,318],"product_tag":[378],"giftcard-category":[],"class_list":{"0":"post-8216","1":"product","2":"type-product","3":"status-publish","4":"has-post-thumbnail","6":"product_cat-optik","7":"product_cat-waffenzubehoer","8":"product_tag-eotech-de","10":"first","11":"instock","12":"taxable","13":"shipping-taxable","14":"purchasable","15":"product-type-simple"},"yoast_head":"<!-- This site is optimized with the Yoast SEO plugin v26.4 - https:\/\/yoast.com\/wordpress\/plugins\/seo\/ -->\n<title>Kollimator EOTech HWS XPS3-0 - TCA eShop - Tactical Combat Academy<\/title>\n<meta name=\"description\" content=\"Das Kollimatorzielger\u00e4t EOTech HWS XPS3-0 ist ein holografisches Zielger\u00e4t, das f\u00fcr das Schie\u00dfen auf kurze und mittlere Entfernungen entwickelt wurde.\" \/>\n<meta name=\"robots\" content=\"index, follow, max-snippet:-1, max-image-preview:large, max-video-preview:-1\" \/>\n<link rel=\"canonical\" href=\"https:\/\/eshop.tca.sk\/de\/waffenzubehoer\/kolimator-eotech-hws-xps3-0\/\" \/>\n<meta property=\"og:locale\" content=\"de_DE\" \/>\n<meta property=\"og:type\" content=\"article\" \/>\n<meta property=\"og:title\" content=\"Kollimator EOTech HWS XPS3-0 - TCA eShop - Tactical Combat Academy\" \/>\n<meta property=\"og:description\" content=\"Das Kollimatorzielger\u00e4t EOTech HWS XPS3-0 ist ein holografisches Zielger\u00e4t, das f\u00fcr das Schie\u00dfen auf kurze und mittlere Entfernungen entwickelt wurde.\" \/>\n<meta property=\"og:url\" content=\"https:\/\/eshop.tca.sk\/de\/waffenzubehoer\/kolimator-eotech-hws-xps3-0\/\" \/>\n<meta property=\"og:site_name\" content=\"TCA eShop - Tactical Combat Academy\" \/>\n<meta property=\"article:modified_time\" content=\"2025-11-26T15:49:47+00:00\" \/>\n<meta property=\"og:image\" content=\"https:\/\/eshop.tca.sk\/wp-content\/uploads\/2023\/02\/Kolimator-XPS3-0-Black-8.png\" \/>\n\t<meta property=\"og:image:width\" content=\"800\" \/>\n\t<meta property=\"og:image:height\" content=\"800\" \/>\n\t<meta property=\"og:image:type\" content=\"image\/png\" \/>\n<meta name=\"twitter:card\" content=\"summary_large_image\" \/>\n<script type=\"application\/ld+json\" class=\"yoast-schema-graph\">{\"@context\":\"https:\/\/schema.org\",\"@graph\":[{\"@type\":\"WebPage\",\"@id\":\"https:\/\/eshop.tca.sk\/de\/waffenzubehoer\/kolimator-eotech-hws-xps3-0\/\",\"url\":\"https:\/\/eshop.tca.sk\/de\/waffenzubehoer\/kolimator-eotech-hws-xps3-0\/\",\"name\":\"Kollimator EOTech HWS XPS3-0 - TCA eShop - Tactical Combat Academy\",\"isPartOf\":{\"@id\":\"https:\/\/eshop.tca.sk\/de\/#website\"},\"primaryImageOfPage\":{\"@id\":\"https:\/\/eshop.tca.sk\/de\/waffenzubehoer\/kolimator-eotech-hws-xps3-0\/#primaryimage\"},\"image\":{\"@id\":\"https:\/\/eshop.tca.sk\/de\/waffenzubehoer\/kolimator-eotech-hws-xps3-0\/#primaryimage\"},\"thumbnailUrl\":\"https:\/\/eshop.tca.sk\/wp-content\/uploads\/2023\/02\/Kolimator-XPS3-0-Black-8.png\",\"datePublished\":\"2023-02-21T15:03:45+00:00\",\"dateModified\":\"2025-11-26T15:49:47+00:00\",\"description\":\"Das Kollimatorzielger\u00e4t EOTech HWS XPS3-0 ist ein holografisches Zielger\u00e4t, das f\u00fcr das Schie\u00dfen auf kurze und mittlere Entfernungen entwickelt wurde.\",\"breadcrumb\":{\"@id\":\"https:\/\/eshop.tca.sk\/de\/waffenzubehoer\/kolimator-eotech-hws-xps3-0\/#breadcrumb\"},\"inLanguage\":\"de\",\"potentialAction\":[{\"@type\":\"ReadAction\",\"target\":[\"https:\/\/eshop.tca.sk\/de\/waffenzubehoer\/kolimator-eotech-hws-xps3-0\/\"]}]},{\"@type\":\"ImageObject\",\"inLanguage\":\"de\",\"@id\":\"https:\/\/eshop.tca.sk\/de\/waffenzubehoer\/kolimator-eotech-hws-xps3-0\/#primaryimage\",\"url\":\"https:\/\/eshop.tca.sk\/wp-content\/uploads\/2023\/02\/Kolimator-XPS3-0-Black-8.png\",\"contentUrl\":\"https:\/\/eshop.tca.sk\/wp-content\/uploads\/2023\/02\/Kolimator-XPS3-0-Black-8.png\",\"width\":800,\"height\":800,\"caption\":\"Kolim\u00e1tor EOTech HWS XPS3-0\"},{\"@type\":\"BreadcrumbList\",\"@id\":\"https:\/\/eshop.tca.sk\/de\/waffenzubehoer\/kolimator-eotech-hws-xps3-0\/#breadcrumb\",\"itemListElement\":[{\"@type\":\"ListItem\",\"position\":1,\"name\":\"Domovsk\u00e1 str\u00e1nka\",\"item\":\"https:\/\/eshop.tca.sk\/de\/\"},{\"@type\":\"ListItem\",\"position\":2,\"name\":\"Shop\",\"item\":\"https:\/\/eshop.tca.sk\/de\/shop\/\"},{\"@type\":\"ListItem\",\"position\":3,\"name\":\"Kollimator EOTech HWS XPS3-0\"}]},{\"@type\":\"WebSite\",\"@id\":\"https:\/\/eshop.tca.sk\/de\/#website\",\"url\":\"https:\/\/eshop.tca.sk\/de\/\",\"name\":\"TCA eShop - Tactical Combat Academy\",\"description\":\"Tactical Combat Academy\",\"publisher\":{\"@id\":\"https:\/\/eshop.tca.sk\/de\/#organization\"},\"potentialAction\":[{\"@type\":\"SearchAction\",\"target\":{\"@type\":\"EntryPoint\",\"urlTemplate\":\"https:\/\/eshop.tca.sk\/de\/?s={search_term_string}\"},\"query-input\":{\"@type\":\"PropertyValueSpecification\",\"valueRequired\":true,\"valueName\":\"search_term_string\"}}],\"inLanguage\":\"de\"},{\"@type\":\"Organization\",\"@id\":\"https:\/\/eshop.tca.sk\/de\/#organization\",\"name\":\"TCA eShop - Tactical Combat Academy\",\"url\":\"https:\/\/eshop.tca.sk\/de\/\",\"logo\":{\"@type\":\"ImageObject\",\"inLanguage\":\"de\",\"@id\":\"https:\/\/eshop.tca.sk\/de\/#\/schema\/logo\/image\/\",\"url\":\"https:\/\/eshop.tca.sk\/wp-content\/uploads\/2025\/06\/logo-new-header.png\",\"contentUrl\":\"https:\/\/eshop.tca.sk\/wp-content\/uploads\/2025\/06\/logo-new-header.png\",\"width\":300,\"height\":294,\"caption\":\"TCA eShop - Tactical Combat Academy\"},\"image\":{\"@id\":\"https:\/\/eshop.tca.sk\/de\/#\/schema\/logo\/image\/\"}}]}<\/script>\n<!-- \/ Yoast SEO plugin. -->","yoast_head_json":{"title":"Kollimator EOTech HWS XPS3-0 - TCA eShop - Tactical Combat Academy","description":"Das Kollimatorzielger\u00e4t EOTech HWS XPS3-0 ist ein holografisches Zielger\u00e4t, das f\u00fcr das Schie\u00dfen auf kurze und mittlere Entfernungen entwickelt wurde.","robots":{"index":"index","follow":"follow","max-snippet":"max-snippet:-1","max-image-preview":"max-image-preview:large","max-video-preview":"max-video-preview:-1"},"canonical":"https:\/\/eshop.tca.sk\/de\/waffenzubehoer\/kolimator-eotech-hws-xps3-0\/","og_locale":"de_DE","og_type":"article","og_title":"Kollimator EOTech HWS XPS3-0 - TCA eShop - Tactical Combat Academy","og_description":"Das Kollimatorzielger\u00e4t EOTech HWS XPS3-0 ist ein holografisches Zielger\u00e4t, das f\u00fcr das Schie\u00dfen auf kurze und mittlere Entfernungen entwickelt wurde.","og_url":"https:\/\/eshop.tca.sk\/de\/waffenzubehoer\/kolimator-eotech-hws-xps3-0\/","og_site_name":"TCA eShop - Tactical Combat Academy","article_modified_time":"2025-11-26T15:49:47+00:00","og_image":[{"width":800,"height":800,"url":"https:\/\/eshop.tca.sk\/wp-content\/uploads\/2023\/02\/Kolimator-XPS3-0-Black-8.png","type":"image\/png"}],"twitter_card":"summary_large_image","schema":{"@context":"https:\/\/schema.org","@graph":[{"@type":"WebPage","@id":"https:\/\/eshop.tca.sk\/de\/waffenzubehoer\/kolimator-eotech-hws-xps3-0\/","url":"https:\/\/eshop.tca.sk\/de\/waffenzubehoer\/kolimator-eotech-hws-xps3-0\/","name":"Kollimator EOTech HWS XPS3-0 - TCA eShop - Tactical Combat Academy","isPartOf":{"@id":"https:\/\/eshop.tca.sk\/de\/#website"},"primaryImageOfPage":{"@id":"https:\/\/eshop.tca.sk\/de\/waffenzubehoer\/kolimator-eotech-hws-xps3-0\/#primaryimage"},"image":{"@id":"https:\/\/eshop.tca.sk\/de\/waffenzubehoer\/kolimator-eotech-hws-xps3-0\/#primaryimage"},"thumbnailUrl":"https:\/\/eshop.tca.sk\/wp-content\/uploads\/2023\/02\/Kolimator-XPS3-0-Black-8.png","datePublished":"2023-02-21T15:03:45+00:00","dateModified":"2025-11-26T15:49:47+00:00","description":"Das Kollimatorzielger\u00e4t EOTech HWS XPS3-0 ist ein holografisches Zielger\u00e4t, das f\u00fcr das Schie\u00dfen auf kurze und mittlere Entfernungen entwickelt wurde.","breadcrumb":{"@id":"https:\/\/eshop.tca.sk\/de\/waffenzubehoer\/kolimator-eotech-hws-xps3-0\/#breadcrumb"},"inLanguage":"de","potentialAction":[{"@type":"ReadAction","target":["https:\/\/eshop.tca.sk\/de\/waffenzubehoer\/kolimator-eotech-hws-xps3-0\/"]}]},{"@type":"ImageObject","inLanguage":"de","@id":"https:\/\/eshop.tca.sk\/de\/waffenzubehoer\/kolimator-eotech-hws-xps3-0\/#primaryimage","url":"https:\/\/eshop.tca.sk\/wp-content\/uploads\/2023\/02\/Kolimator-XPS3-0-Black-8.png","contentUrl":"https:\/\/eshop.tca.sk\/wp-content\/uploads\/2023\/02\/Kolimator-XPS3-0-Black-8.png","width":800,"height":800,"caption":"Kolim\u00e1tor EOTech HWS XPS3-0"},{"@type":"BreadcrumbList","@id":"https:\/\/eshop.tca.sk\/de\/waffenzubehoer\/kolimator-eotech-hws-xps3-0\/#breadcrumb","itemListElement":[{"@type":"ListItem","position":1,"name":"Domovsk\u00e1 str\u00e1nka","item":"https:\/\/eshop.tca.sk\/de\/"},{"@type":"ListItem","position":2,"name":"Shop","item":"https:\/\/eshop.tca.sk\/de\/shop\/"},{"@type":"ListItem","position":3,"name":"Kollimator EOTech HWS XPS3-0"}]},{"@type":"WebSite","@id":"https:\/\/eshop.tca.sk\/de\/#website","url":"https:\/\/eshop.tca.sk\/de\/","name":"TCA eShop - Tactical Combat Academy","description":"Tactical Combat Academy","publisher":{"@id":"https:\/\/eshop.tca.sk\/de\/#organization"},"potentialAction":[{"@type":"SearchAction","target":{"@type":"EntryPoint","urlTemplate":"https:\/\/eshop.tca.sk\/de\/?s={search_term_string}"},"query-input":{"@type":"PropertyValueSpecification","valueRequired":true,"valueName":"search_term_string"}}],"inLanguage":"de"},{"@type":"Organization","@id":"https:\/\/eshop.tca.sk\/de\/#organization","name":"TCA eShop - Tactical Combat Academy","url":"https:\/\/eshop.tca.sk\/de\/","logo":{"@type":"ImageObject","inLanguage":"de","@id":"https:\/\/eshop.tca.sk\/de\/#\/schema\/logo\/image\/","url":"https:\/\/eshop.tca.sk\/wp-content\/uploads\/2025\/06\/logo-new-header.png","contentUrl":"https:\/\/eshop.tca.sk\/wp-content\/uploads\/2025\/06\/logo-new-header.png","width":300,"height":294,"caption":"TCA eShop - Tactical Combat Academy"},"image":{"@id":"https:\/\/eshop.tca.sk\/de\/#\/schema\/logo\/image\/"}}]}},"_links":{"self":[{"href":"https:\/\/eshop.tca.sk\/de\/wp-json\/wp\/v2\/product\/8216","targetHints":{"allow":["GET"]}}],"collection":[{"href":"https:\/\/eshop.tca.sk\/de\/wp-json\/wp\/v2\/product"}],"about":[{"href":"https:\/\/eshop.tca.sk\/de\/wp-json\/wp\/v2\/types\/product"}],"wp:featuredmedia":[{"embeddable":true,"href":"https:\/\/eshop.tca.sk\/de\/wp-json\/wp\/v2\/media\/8234"}],"wp:attachment":[{"href":"https:\/\/eshop.tca.sk\/de\/wp-json\/wp\/v2\/media?parent=8216"}],"wp:term":[{"taxonomy":"product_brand","embeddable":true,"href":"https:\/\/eshop.tca.sk\/de\/wp-json\/wp\/v2\/product_brand?post=8216"},{"taxonomy":"product_cat","embeddable":true,"href":"https:\/\/eshop.tca.sk\/de\/wp-json\/wp\/v2\/product_cat?post=8216"},{"taxonomy":"product_tag","embeddable":true,"href":"https:\/\/eshop.tca.sk\/de\/wp-json\/wp\/v2\/product_tag?post=8216"},{"taxonomy":"giftcard-category","embeddable":true,"href":"https:\/\/eshop.tca.sk\/de\/wp-json\/wp\/v2\/giftcard-category?post=8216"}],"curies":[{"name":"wp","href":"https:\/\/api.w.org\/{rel}","templated":true}]}}