{"id":8690,"date":"2023-04-07T14:35:38","date_gmt":"2023-04-07T12:35:38","guid":{"rendered":"https:\/\/eshop.tca.sk\/unkategorisiert\/scalarworks-leap-05-trijicon-mro-mount-1-42-36mm\/"},"modified":"2025-11-26T16:49:38","modified_gmt":"2025-11-26T15:49:38","slug":"scalarworks-leap-05-trijicon-mro-mount-1-42-36mm","status":"publish","type":"product","link":"https:\/\/eshop.tca.sk\/de\/waffenzubehoer\/scalarworks-leap-05-trijicon-mro-mount-1-42-36mm\/","title":{"rendered":"Scalarworks LEAP\/05 Trijicon MRO-Montage"},"content":{"rendered":"<h3><strong>Scalarworks LEAP\/05 Trijicon MRO-Montage<\/strong><\/h3>\n<p>Die LEAP\/05-Montage von Scalarworks ist die leichteste, st\u00e4rkste und kompakteste Schnellwechselmontage f\u00fcr T<strong>rijicon MRO-Optiken. <\/strong><\/p>\n<p>Der patentierte ClickDrive-Schnelll\u00f6semechanismus ist intuitiv, selbsteinstellend und absolut r\u00fcckschlagsicher. Durch die Entkopplung der Klemmkraft vom Vibrationswiderstand ben\u00f6tigt ClickDrive keine gro\u00dfen Mengen an unpr\u00e4zisem Drehmoment und ist nicht auf unzuverl\u00e4ssige Reibung angewiesen. Die versenkten Daumenr\u00e4der mit niedrigem Profil sch\u00fctzen vor St\u00f6\u00dfen von au\u00dfen und erm\u00f6glichen ein sekundenschnelles Abnehmen der Halterung &#8211; mit oder ohne Handschuhe.<\/p>\n<p>CNC-gefr\u00e4st aus ultrahochfestem 7075-T6-Aluminium. Stromlinienf\u00f6rmiges Profil ohne hervorstehende Hebel und Kn\u00f6pfe: Kein H\u00e4ngenbleiben an Kleidung, Ausr\u00fcstung und Umgebung. St\u00e4rke und geringes Gewicht durch \u00fcberlegene Technik.<\/p>\n<p>Die Leap ist die <strong>st\u00e4rkste Aimpoint Micro T-2 Quick-Detach-Montage<\/strong>, die wir je getestet haben. Wir haben alle High-End-Schnellwechselhalterungen auf einem digitalen Pr\u00fcfstand verglichen, der eine Kraft von bis zu 1.500 Pfund aus\u00fcben kann. Anhand dieser Daten haben wir dann das Design des Aimpoint Micro T-2 Halters verfeinert. Das Ergebnis ist LEAP, eine Schnellwechselhalterung, die sowohl die leichteste als auch die st\u00e4rkste Halterung auf dem Markt ist.<\/p>\n<p><img loading=\"lazy\" decoding=\"async\" class=\"alignnone size-full wp-image-13187\" src=\"https:\/\/eshop.tca.sk\/wp-content\/uploads\/2023\/04\/Montaz-Scalarworks-LEAP-05-Trijicon-MRO-Mount-1.42-36mm.jpg\" alt=\"\" width=\"1200\" height=\"600\" srcset=\"https:\/\/eshop.tca.sk\/wp-content\/uploads\/2023\/04\/Montaz-Scalarworks-LEAP-05-Trijicon-MRO-Mount-1.42-36mm.jpg 1200w, https:\/\/eshop.tca.sk\/wp-content\/uploads\/2023\/04\/Montaz-Scalarworks-LEAP-05-Trijicon-MRO-Mount-1.42-36mm-300x150.jpg 300w, https:\/\/eshop.tca.sk\/wp-content\/uploads\/2023\/04\/Montaz-Scalarworks-LEAP-05-Trijicon-MRO-Mount-1.42-36mm-768x384.jpg 768w, https:\/\/eshop.tca.sk\/wp-content\/uploads\/2023\/04\/Montaz-Scalarworks-LEAP-05-Trijicon-MRO-Mount-1.42-36mm-24x12.jpg 24w, https:\/\/eshop.tca.sk\/wp-content\/uploads\/2023\/04\/Montaz-Scalarworks-LEAP-05-Trijicon-MRO-Mount-1.42-36mm-36x18.jpg 36w, https:\/\/eshop.tca.sk\/wp-content\/uploads\/2023\/04\/Montaz-Scalarworks-LEAP-05-Trijicon-MRO-Mount-1.42-36mm-48x24.jpg 48w, https:\/\/eshop.tca.sk\/wp-content\/uploads\/2023\/04\/Montaz-Scalarworks-LEAP-05-Trijicon-MRO-Mount-1.42-36mm-600x300.jpg 600w\" sizes=\"auto, (max-width: 1200px) 100vw, 1200px\" \/><\/p>\n<h4><strong>Eigenschaften::<\/strong><\/h4>\n<ul>\n<li>F\u00fcr MIL-STD-1913 Picatinny-Schienen<\/li>\n<li>Hergestellt aus 7075-T6 Aluminium \/ 4140H Stahl. 7075-T6 Aluminiumkn\u00fcppel hat wesentlich bessere mechanische Eigenschaften als 6061-T6 und wird dort eingesetzt, wo maximale Festigkeit und Haltbarkeit die Kosten \u00fcberwiegen.<\/li>\n<li>Typ III Eloxierung \/ Flash-Nitrid-Beschichtung<\/li>\n<li>Die geschlitzte Krone erfordert nur das Drehmoment Ihrer blo\u00dfen Hand, um die Halterung sicher an der Stange zu befestigen, und nutzt die St\u00e4rke eines federbelasteten Kugelzapfens, um sie vollkommen r\u00fccksto\u00dfsicher zu machen. Eine R\u00fcckkehr zum Nullpunkt ist garantiert, solange es von derselben Person eingesetzt und entfernt wird.<\/li>\n<li>LEAP hat keine hervorstehenden Hebel, Schrauben oder Kn\u00f6pfe, die Ihre Gelenke beeintr\u00e4chtigen oder sich in Kleidung, Ausr\u00fcstung und Umgebung verfangen k\u00f6nnten<\/li>\n<\/ul>\n<h4><strong>Kompabilit\u00e4t:<\/strong><\/h4>\n<p><strong>Trijicon:<\/strong> MRO, MRO HD, MRO Patrol<\/p>\n","protected":false},"excerpt":{"rendered":"<p><img loading=\"lazy\" decoding=\"async\" class=\"alignnone wp-image-8673\" src=\"https:\/\/eshop.tca.sk\/wp-content\/uploads\/2023\/04\/scalaworks-logo.png\" alt=\"\" width=\"217\" height=\"34\" srcset=\"https:\/\/eshop.tca.sk\/wp-content\/uploads\/2023\/04\/scalaworks-logo.png 568w, https:\/\/eshop.tca.sk\/wp-content\/uploads\/2023\/04\/scalaworks-logo-300x47.png 300w\" sizes=\"auto, (max-width: 217px) 100vw, 217px\" \/><\/p>\n<p>Die LEAP\/05-Montage von Scalarworks ist die leichteste, st\u00e4rkste und kompakteste Schnellwechselmontage f\u00fcr Trijicon M<strong>RO-Optiken.<\/strong><\/p>\n<p><img loading=\"lazy\" decoding=\"async\" class=\"wp-image-8564 alignnone\" src=\"https:\/\/eshop.tca.sk\/wp-content\/uploads\/2023\/04\/Logo-Whack-Black-White-R-APPROVED.png\" alt=\"\" width=\"138\" height=\"75\" srcset=\"https:\/\/eshop.tca.sk\/wp-content\/uploads\/2023\/04\/Logo-Whack-Black-White-R-APPROVED.png 571w, https:\/\/eshop.tca.sk\/wp-content\/uploads\/2023\/04\/Logo-Whack-Black-White-R-APPROVED-300x163.png 300w\" sizes=\"auto, (max-width: 138px) 100vw, 138px\" \/><\/p>\n<p>Vom TCA und dem WHACK-System verwendete und empfohlene Equipment.<\/p>\n","protected":false},"featured_media":8684,"template":"","meta":{"inline_featured_image":false},"product_brand":[],"product_cat":[463,318],"product_tag":[466],"giftcard-category":[],"class_list":{"0":"post-8690","1":"product","2":"type-product","3":"status-publish","4":"has-post-thumbnail","6":"product_cat-montage","7":"product_cat-waffenzubehoer","8":"product_tag-scalaworks-de","10":"first","11":"instock","12":"taxable","13":"shipping-taxable","14":"purchasable","15":"product-type-variable"},"yoast_head":"<!-- This site is optimized with the Yoast SEO plugin v26.4 - https:\/\/yoast.com\/wordpress\/plugins\/seo\/ -->\n<title>Scalarworks LEAP\/05 Trijicon MRO-Montage - TCA eShop - Tactical Combat Academy<\/title>\n<meta name=\"description\" content=\"Scalarworks LEAP\/05 Trijicon MRO Montierung - Die LEAP\/05 Montierung von Scalarworks ist die leichteste, st\u00e4rkste und kompakteste Schnellwechselmontage f\u00fcr Trijicon MRO Optiken.\" \/>\n<meta name=\"robots\" content=\"index, follow, max-snippet:-1, max-image-preview:large, max-video-preview:-1\" \/>\n<link rel=\"canonical\" href=\"https:\/\/eshop.tca.sk\/de\/waffenzubehoer\/scalarworks-leap-05-trijicon-mro-mount-1-42-36mm\/\" \/>\n<meta property=\"og:locale\" content=\"de_DE\" \/>\n<meta property=\"og:type\" content=\"article\" \/>\n<meta property=\"og:title\" content=\"Scalarworks LEAP\/05 Trijicon MRO-Montage - TCA eShop - Tactical Combat Academy\" \/>\n<meta property=\"og:description\" content=\"Scalarworks LEAP\/05 Trijicon MRO Montierung - Die LEAP\/05 Montierung von Scalarworks ist die leichteste, st\u00e4rkste und kompakteste Schnellwechselmontage f\u00fcr Trijicon MRO Optiken.\" \/>\n<meta property=\"og:url\" content=\"https:\/\/eshop.tca.sk\/de\/waffenzubehoer\/scalarworks-leap-05-trijicon-mro-mount-1-42-36mm\/\" \/>\n<meta property=\"og:site_name\" content=\"TCA eShop - Tactical Combat Academy\" \/>\n<meta property=\"article:modified_time\" content=\"2025-11-26T15:49:38+00:00\" \/>\n<meta property=\"og:image\" content=\"https:\/\/eshop.tca.sk\/wp-content\/uploads\/2023\/04\/Scalarworks-LEAP05-Trijicon-MRO-Mount-1-3.jpg\" \/>\n\t<meta property=\"og:image:width\" content=\"1200\" \/>\n\t<meta property=\"og:image:height\" content=\"1200\" \/>\n\t<meta property=\"og:image:type\" content=\"image\/jpeg\" \/>\n<meta name=\"twitter:card\" content=\"summary_large_image\" \/>\n<script type=\"application\/ld+json\" class=\"yoast-schema-graph\">{\"@context\":\"https:\/\/schema.org\",\"@graph\":[{\"@type\":\"WebPage\",\"@id\":\"https:\/\/eshop.tca.sk\/de\/waffenzubehoer\/scalarworks-leap-05-trijicon-mro-mount-1-42-36mm\/\",\"url\":\"https:\/\/eshop.tca.sk\/de\/waffenzubehoer\/scalarworks-leap-05-trijicon-mro-mount-1-42-36mm\/\",\"name\":\"Scalarworks LEAP\/05 Trijicon MRO-Montage - TCA eShop - Tactical Combat Academy\",\"isPartOf\":{\"@id\":\"https:\/\/eshop.tca.sk\/de\/#website\"},\"primaryImageOfPage\":{\"@id\":\"https:\/\/eshop.tca.sk\/de\/waffenzubehoer\/scalarworks-leap-05-trijicon-mro-mount-1-42-36mm\/#primaryimage\"},\"image\":{\"@id\":\"https:\/\/eshop.tca.sk\/de\/waffenzubehoer\/scalarworks-leap-05-trijicon-mro-mount-1-42-36mm\/#primaryimage\"},\"thumbnailUrl\":\"https:\/\/eshop.tca.sk\/wp-content\/uploads\/2023\/04\/Scalarworks-LEAP05-Trijicon-MRO-Mount-1-3.jpg\",\"datePublished\":\"2023-04-07T12:35:38+00:00\",\"dateModified\":\"2025-11-26T15:49:38+00:00\",\"description\":\"Scalarworks LEAP\/05 Trijicon MRO Montierung - Die LEAP\/05 Montierung von Scalarworks ist die leichteste, st\u00e4rkste und kompakteste Schnellwechselmontage f\u00fcr Trijicon MRO Optiken.\",\"breadcrumb\":{\"@id\":\"https:\/\/eshop.tca.sk\/de\/waffenzubehoer\/scalarworks-leap-05-trijicon-mro-mount-1-42-36mm\/#breadcrumb\"},\"inLanguage\":\"de\",\"potentialAction\":[{\"@type\":\"ReadAction\",\"target\":[\"https:\/\/eshop.tca.sk\/de\/waffenzubehoer\/scalarworks-leap-05-trijicon-mro-mount-1-42-36mm\/\"]}]},{\"@type\":\"ImageObject\",\"inLanguage\":\"de\",\"@id\":\"https:\/\/eshop.tca.sk\/de\/waffenzubehoer\/scalarworks-leap-05-trijicon-mro-mount-1-42-36mm\/#primaryimage\",\"url\":\"https:\/\/eshop.tca.sk\/wp-content\/uploads\/2023\/04\/Scalarworks-LEAP05-Trijicon-MRO-Mount-1-3.jpg\",\"contentUrl\":\"https:\/\/eshop.tca.sk\/wp-content\/uploads\/2023\/04\/Scalarworks-LEAP05-Trijicon-MRO-Mount-1-3.jpg\",\"width\":1200,\"height\":1200},{\"@type\":\"BreadcrumbList\",\"@id\":\"https:\/\/eshop.tca.sk\/de\/waffenzubehoer\/scalarworks-leap-05-trijicon-mro-mount-1-42-36mm\/#breadcrumb\",\"itemListElement\":[{\"@type\":\"ListItem\",\"position\":1,\"name\":\"Domovsk\u00e1 str\u00e1nka\",\"item\":\"https:\/\/eshop.tca.sk\/de\/\"},{\"@type\":\"ListItem\",\"position\":2,\"name\":\"Shop\",\"item\":\"https:\/\/eshop.tca.sk\/de\/shop\/\"},{\"@type\":\"ListItem\",\"position\":3,\"name\":\"Scalarworks LEAP\/05 Trijicon MRO-Montage\"}]},{\"@type\":\"WebSite\",\"@id\":\"https:\/\/eshop.tca.sk\/de\/#website\",\"url\":\"https:\/\/eshop.tca.sk\/de\/\",\"name\":\"TCA eShop - Tactical Combat Academy\",\"description\":\"Tactical Combat Academy\",\"publisher\":{\"@id\":\"https:\/\/eshop.tca.sk\/de\/#organization\"},\"potentialAction\":[{\"@type\":\"SearchAction\",\"target\":{\"@type\":\"EntryPoint\",\"urlTemplate\":\"https:\/\/eshop.tca.sk\/de\/?s={search_term_string}\"},\"query-input\":{\"@type\":\"PropertyValueSpecification\",\"valueRequired\":true,\"valueName\":\"search_term_string\"}}],\"inLanguage\":\"de\"},{\"@type\":\"Organization\",\"@id\":\"https:\/\/eshop.tca.sk\/de\/#organization\",\"name\":\"TCA eShop - Tactical Combat Academy\",\"url\":\"https:\/\/eshop.tca.sk\/de\/\",\"logo\":{\"@type\":\"ImageObject\",\"inLanguage\":\"de\",\"@id\":\"https:\/\/eshop.tca.sk\/de\/#\/schema\/logo\/image\/\",\"url\":\"https:\/\/eshop.tca.sk\/wp-content\/uploads\/2025\/06\/logo-new-header.png\",\"contentUrl\":\"https:\/\/eshop.tca.sk\/wp-content\/uploads\/2025\/06\/logo-new-header.png\",\"width\":300,\"height\":294,\"caption\":\"TCA eShop - Tactical Combat Academy\"},\"image\":{\"@id\":\"https:\/\/eshop.tca.sk\/de\/#\/schema\/logo\/image\/\"}}]}<\/script>\n<!-- \/ Yoast SEO plugin. -->","yoast_head_json":{"title":"Scalarworks LEAP\/05 Trijicon MRO-Montage - TCA eShop - Tactical Combat Academy","description":"Scalarworks LEAP\/05 Trijicon MRO Montierung - Die LEAP\/05 Montierung von Scalarworks ist die leichteste, st\u00e4rkste und kompakteste Schnellwechselmontage f\u00fcr Trijicon MRO Optiken.","robots":{"index":"index","follow":"follow","max-snippet":"max-snippet:-1","max-image-preview":"max-image-preview:large","max-video-preview":"max-video-preview:-1"},"canonical":"https:\/\/eshop.tca.sk\/de\/waffenzubehoer\/scalarworks-leap-05-trijicon-mro-mount-1-42-36mm\/","og_locale":"de_DE","og_type":"article","og_title":"Scalarworks LEAP\/05 Trijicon MRO-Montage - TCA eShop - Tactical Combat Academy","og_description":"Scalarworks LEAP\/05 Trijicon MRO Montierung - Die LEAP\/05 Montierung von Scalarworks ist die leichteste, st\u00e4rkste und kompakteste Schnellwechselmontage f\u00fcr Trijicon MRO Optiken.","og_url":"https:\/\/eshop.tca.sk\/de\/waffenzubehoer\/scalarworks-leap-05-trijicon-mro-mount-1-42-36mm\/","og_site_name":"TCA eShop - Tactical Combat Academy","article_modified_time":"2025-11-26T15:49:38+00:00","og_image":[{"width":1200,"height":1200,"url":"https:\/\/eshop.tca.sk\/wp-content\/uploads\/2023\/04\/Scalarworks-LEAP05-Trijicon-MRO-Mount-1-3.jpg","type":"image\/jpeg"}],"twitter_card":"summary_large_image","schema":{"@context":"https:\/\/schema.org","@graph":[{"@type":"WebPage","@id":"https:\/\/eshop.tca.sk\/de\/waffenzubehoer\/scalarworks-leap-05-trijicon-mro-mount-1-42-36mm\/","url":"https:\/\/eshop.tca.sk\/de\/waffenzubehoer\/scalarworks-leap-05-trijicon-mro-mount-1-42-36mm\/","name":"Scalarworks LEAP\/05 Trijicon MRO-Montage - TCA eShop - Tactical Combat Academy","isPartOf":{"@id":"https:\/\/eshop.tca.sk\/de\/#website"},"primaryImageOfPage":{"@id":"https:\/\/eshop.tca.sk\/de\/waffenzubehoer\/scalarworks-leap-05-trijicon-mro-mount-1-42-36mm\/#primaryimage"},"image":{"@id":"https:\/\/eshop.tca.sk\/de\/waffenzubehoer\/scalarworks-leap-05-trijicon-mro-mount-1-42-36mm\/#primaryimage"},"thumbnailUrl":"https:\/\/eshop.tca.sk\/wp-content\/uploads\/2023\/04\/Scalarworks-LEAP05-Trijicon-MRO-Mount-1-3.jpg","datePublished":"2023-04-07T12:35:38+00:00","dateModified":"2025-11-26T15:49:38+00:00","description":"Scalarworks LEAP\/05 Trijicon MRO Montierung - Die LEAP\/05 Montierung von Scalarworks ist die leichteste, st\u00e4rkste und kompakteste Schnellwechselmontage f\u00fcr Trijicon MRO Optiken.","breadcrumb":{"@id":"https:\/\/eshop.tca.sk\/de\/waffenzubehoer\/scalarworks-leap-05-trijicon-mro-mount-1-42-36mm\/#breadcrumb"},"inLanguage":"de","potentialAction":[{"@type":"ReadAction","target":["https:\/\/eshop.tca.sk\/de\/waffenzubehoer\/scalarworks-leap-05-trijicon-mro-mount-1-42-36mm\/"]}]},{"@type":"ImageObject","inLanguage":"de","@id":"https:\/\/eshop.tca.sk\/de\/waffenzubehoer\/scalarworks-leap-05-trijicon-mro-mount-1-42-36mm\/#primaryimage","url":"https:\/\/eshop.tca.sk\/wp-content\/uploads\/2023\/04\/Scalarworks-LEAP05-Trijicon-MRO-Mount-1-3.jpg","contentUrl":"https:\/\/eshop.tca.sk\/wp-content\/uploads\/2023\/04\/Scalarworks-LEAP05-Trijicon-MRO-Mount-1-3.jpg","width":1200,"height":1200},{"@type":"BreadcrumbList","@id":"https:\/\/eshop.tca.sk\/de\/waffenzubehoer\/scalarworks-leap-05-trijicon-mro-mount-1-42-36mm\/#breadcrumb","itemListElement":[{"@type":"ListItem","position":1,"name":"Domovsk\u00e1 str\u00e1nka","item":"https:\/\/eshop.tca.sk\/de\/"},{"@type":"ListItem","position":2,"name":"Shop","item":"https:\/\/eshop.tca.sk\/de\/shop\/"},{"@type":"ListItem","position":3,"name":"Scalarworks LEAP\/05 Trijicon MRO-Montage"}]},{"@type":"WebSite","@id":"https:\/\/eshop.tca.sk\/de\/#website","url":"https:\/\/eshop.tca.sk\/de\/","name":"TCA eShop - Tactical Combat Academy","description":"Tactical Combat Academy","publisher":{"@id":"https:\/\/eshop.tca.sk\/de\/#organization"},"potentialAction":[{"@type":"SearchAction","target":{"@type":"EntryPoint","urlTemplate":"https:\/\/eshop.tca.sk\/de\/?s={search_term_string}"},"query-input":{"@type":"PropertyValueSpecification","valueRequired":true,"valueName":"search_term_string"}}],"inLanguage":"de"},{"@type":"Organization","@id":"https:\/\/eshop.tca.sk\/de\/#organization","name":"TCA eShop - Tactical Combat Academy","url":"https:\/\/eshop.tca.sk\/de\/","logo":{"@type":"ImageObject","inLanguage":"de","@id":"https:\/\/eshop.tca.sk\/de\/#\/schema\/logo\/image\/","url":"https:\/\/eshop.tca.sk\/wp-content\/uploads\/2025\/06\/logo-new-header.png","contentUrl":"https:\/\/eshop.tca.sk\/wp-content\/uploads\/2025\/06\/logo-new-header.png","width":300,"height":294,"caption":"TCA eShop - Tactical Combat Academy"},"image":{"@id":"https:\/\/eshop.tca.sk\/de\/#\/schema\/logo\/image\/"}}]}},"_links":{"self":[{"href":"https:\/\/eshop.tca.sk\/de\/wp-json\/wp\/v2\/product\/8690","targetHints":{"allow":["GET"]}}],"collection":[{"href":"https:\/\/eshop.tca.sk\/de\/wp-json\/wp\/v2\/product"}],"about":[{"href":"https:\/\/eshop.tca.sk\/de\/wp-json\/wp\/v2\/types\/product"}],"wp:featuredmedia":[{"embeddable":true,"href":"https:\/\/eshop.tca.sk\/de\/wp-json\/wp\/v2\/media\/8684"}],"wp:attachment":[{"href":"https:\/\/eshop.tca.sk\/de\/wp-json\/wp\/v2\/media?parent=8690"}],"wp:term":[{"taxonomy":"product_brand","embeddable":true,"href":"https:\/\/eshop.tca.sk\/de\/wp-json\/wp\/v2\/product_brand?post=8690"},{"taxonomy":"product_cat","embeddable":true,"href":"https:\/\/eshop.tca.sk\/de\/wp-json\/wp\/v2\/product_cat?post=8690"},{"taxonomy":"product_tag","embeddable":true,"href":"https:\/\/eshop.tca.sk\/de\/wp-json\/wp\/v2\/product_tag?post=8690"},{"taxonomy":"giftcard-category","embeddable":true,"href":"https:\/\/eshop.tca.sk\/de\/wp-json\/wp\/v2\/giftcard-category?post=8690"}],"curies":[{"name":"wp","href":"https:\/\/api.w.org\/{rel}","templated":true}]}}