{"id":9160,"date":"2023-04-05T15:52:21","date_gmt":"2023-04-05T13:52:21","guid":{"rendered":"https:\/\/eshop.tca.sk\/unkategorisiert\/black-trident-holster-thor-g17-x300u-rh-black-komplet\/"},"modified":"2025-11-26T16:49:40","modified_gmt":"2025-11-26T15:49:40","slug":"black-trident-holster-thor-g17-x300u-rh-black-komplet","status":"publish","type":"product","link":"https:\/\/eshop.tca.sk\/de\/waffenholster\/black-trident-holster-thor-g17-x300u-rh-black-komplet\/","title":{"rendered":"Pistolenholster Black Trident Holster Thor G17 X300U RH BLACK KOMPLET"},"content":{"rendered":"<h3><strong>Pistolenholster Black Trident Holster Thor G17 X300U RH BLACK + Safariland CUBL 6070 Mid Ride + QLS FDE + Legacy Leg Strap BLACK<\/strong><\/h3>\n<p>Das Flagship von BLACK TRIDENT ist unser OWB Allrounder: \u201eTHOR\u201c. Das Holster ist leicht und gleichzeitig robust und wird daher als taktisches Holster empfohlen oder auch f\u00fcr das Sportschie\u00dfen. Ideal im Einsatz oder beim Training auf der Range. Dieses Holster l\u00e4sst sich mit diversen Montagesystemen kombinieren.<\/p>\n<h4><strong>Die Features im \u00dcberblick:<\/strong><\/h4>\n<ul>\n<li>Leicht und robust<\/li>\n<li>K\u00e4lteresistent<\/li>\n<li>Schlagfest<\/li>\n<li>Schwer entflammbar<\/li>\n<li>Pflegeleicht<\/li>\n<li>Wartungsarm<\/li>\n<li>Ziehwiderstand individuell einstellbar<\/li>\n<li>Sichere Arretierung und optimaler Halt<\/li>\n<li>Kompatibilit\u00e4t mit beliebten Tragesystemen, wie z.B. Safariland QLS, Blackhawk, Blade-Tech oder G-Code<\/li>\n<li>RedDot kompatibel<\/li>\n<li>Einschlaufhilfe im Design implementiert<\/li>\n<li>Kompatibilit\u00e4t mit Laser\/Licht Modul optional w\u00e4hlbar<\/li>\n<\/ul>\n<h4><strong>Komplet besteht aus:<\/strong><\/h4>\n<ol>\n<li><strong>Holster Thor G17 X300U RH BLACK<\/strong><\/li>\n<li><strong>Safariland CUBL 6070 Mid Ride Carrier System<\/strong><\/li>\n<li><strong>QLS FDE Geh\u00e4useaufsatz<\/strong><\/li>\n<li><strong>Legacy Leg strap Black<\/strong><\/li>\n<\/ol>\n<p>Das Black Trident Thor Holster ist die perfekte Wahl f\u00fcr das taktische &amp; sportliche Schie\u00dfen. Holster aus formstabilen Kydex, welches dir eine Vielzahl von Montagem\u00f6glichkeiten bietet. Dieses Holster wird dich dein ganzes Leben<\/p>\n<p>&nbsp;<\/p>\n<p><iframe loading=\"lazy\" title=\"Black Trident \/\/ Thor Holster\" width=\"1170\" height=\"658\" src=\"https:\/\/www.youtube.com\/embed\/bZK2W60-dOg?feature=oembed\" frameborder=\"0\" allow=\"accelerometer; autoplay; clipboard-write; encrypted-media; gyroscope; picture-in-picture; web-share\" allowfullscreen><\/iframe><\/p>\n<p>&nbsp;<\/p>\n","protected":false},"excerpt":{"rendered":"<p><img loading=\"lazy\" decoding=\"async\" class=\"alignnone wp-image-8549\" src=\"https:\/\/eshop.tca.sk\/wp-content\/uploads\/2023\/04\/logo-black-trident.png\" alt=\"\" width=\"179\" height=\"33\" srcset=\"https:\/\/eshop.tca.sk\/wp-content\/uploads\/2023\/04\/logo-black-trident.png 4749w, https:\/\/eshop.tca.sk\/wp-content\/uploads\/2023\/04\/logo-black-trident-300x55.png 300w, https:\/\/eshop.tca.sk\/wp-content\/uploads\/2023\/04\/logo-black-trident-768x142.png 768w, https:\/\/eshop.tca.sk\/wp-content\/uploads\/2023\/04\/logo-black-trident-600x111.png 600w\" sizes=\"auto, (max-width: 179px) 100vw, 179px\" \/><\/p>\n<p>Das Flagship von BLACK TRIDENT ist unser OWB Allrounder: \u201eTHOR\u201c. Das Holster ist leicht und gleichzeitig robust und wird daher als taktisches Holster empfohlen oder auch f\u00fcr das Sportschie\u00dfen.<\/p>\n<p><img loading=\"lazy\" decoding=\"async\" class=\"wp-image-8564 alignnone\" src=\"https:\/\/eshop.tca.sk\/wp-content\/uploads\/2023\/04\/Logo-Whack-Black-White-R-APPROVED.png\" alt=\"\" width=\"138\" height=\"75\" srcset=\"https:\/\/eshop.tca.sk\/wp-content\/uploads\/2023\/04\/Logo-Whack-Black-White-R-APPROVED.png 571w, https:\/\/eshop.tca.sk\/wp-content\/uploads\/2023\/04\/Logo-Whack-Black-White-R-APPROVED-300x163.png 300w\" sizes=\"auto, (max-width: 138px) 100vw, 138px\" \/><\/p>\n<p>Vom TCA und dem WHACK-System verwendete und empfohlene Equipment.<\/p>\n","protected":false},"featured_media":8570,"template":"","meta":{"inline_featured_image":false},"product_brand":[],"product_cat":[323,319,581],"product_tag":[477],"giftcard-category":[],"class_list":{"0":"post-9160","1":"product","2":"type-product","3":"status-publish","4":"has-post-thumbnail","6":"product_cat-ausruestung","7":"product_cat-waffenholster","8":"product_cat-pistolenholster","9":"product_tag-black-trident-de","11":"first","12":"outofstock","13":"taxable","14":"shipping-taxable","15":"purchasable","16":"product-type-simple"},"yoast_head":"<!-- This site is optimized with the Yoast SEO plugin v26.4 - https:\/\/yoast.com\/wordpress\/plugins\/seo\/ -->\n<title>Pistolenholster Black Trident Holster Thor G17 X300U RH BLACK KOMPLET - TCA eShop - Tactical Combat Academy<\/title>\n<meta name=\"description\" content=\"Black Trident Holster Thor G17 X300U RH BLACK KOMPLET - Das Black Trident Thor Holster ist die ideale Wahl f\u00fcr taktisches und sportliches Schie\u00dfen. Es handelt sich dabei um ein klassisches OWB (Outside The Waistband) Holster aus formstabilen Kydex\" \/>\n<meta name=\"robots\" content=\"index, follow, max-snippet:-1, max-image-preview:large, max-video-preview:-1\" \/>\n<link rel=\"canonical\" href=\"https:\/\/eshop.tca.sk\/de\/waffenholster\/black-trident-holster-thor-g17-x300u-rh-black-komplet\/\" \/>\n<meta property=\"og:locale\" content=\"de_DE\" \/>\n<meta property=\"og:type\" content=\"article\" \/>\n<meta property=\"og:title\" content=\"Pistolenholster Black Trident Holster Thor G17 X300U RH BLACK KOMPLET - TCA eShop - Tactical Combat Academy\" \/>\n<meta property=\"og:description\" content=\"Black Trident Holster Thor G17 X300U RH BLACK KOMPLET - Das Black Trident Thor Holster ist die ideale Wahl f\u00fcr taktisches und sportliches Schie\u00dfen. Es handelt sich dabei um ein klassisches OWB (Outside The Waistband) Holster aus formstabilen Kydex\" \/>\n<meta property=\"og:url\" content=\"https:\/\/eshop.tca.sk\/de\/waffenholster\/black-trident-holster-thor-g17-x300u-rh-black-komplet\/\" \/>\n<meta property=\"og:site_name\" content=\"TCA eShop - Tactical Combat Academy\" \/>\n<meta property=\"article:modified_time\" content=\"2025-11-26T15:49:40+00:00\" \/>\n<meta property=\"og:image\" content=\"https:\/\/eshop.tca.sk\/wp-content\/uploads\/2023\/04\/Black-Trident-Holster-Thor-G17-X300U-RH-BLACK-KOMPLET.png\" \/>\n\t<meta property=\"og:image:width\" content=\"1000\" \/>\n\t<meta property=\"og:image:height\" content=\"1000\" \/>\n\t<meta property=\"og:image:type\" content=\"image\/png\" \/>\n<meta name=\"twitter:card\" content=\"summary_large_image\" \/>\n<script type=\"application\/ld+json\" class=\"yoast-schema-graph\">{\"@context\":\"https:\/\/schema.org\",\"@graph\":[{\"@type\":\"WebPage\",\"@id\":\"https:\/\/eshop.tca.sk\/de\/waffenholster\/black-trident-holster-thor-g17-x300u-rh-black-komplet\/\",\"url\":\"https:\/\/eshop.tca.sk\/de\/waffenholster\/black-trident-holster-thor-g17-x300u-rh-black-komplet\/\",\"name\":\"Pistolenholster Black Trident Holster Thor G17 X300U RH BLACK KOMPLET - TCA eShop - Tactical Combat Academy\",\"isPartOf\":{\"@id\":\"https:\/\/eshop.tca.sk\/de\/#website\"},\"primaryImageOfPage\":{\"@id\":\"https:\/\/eshop.tca.sk\/de\/waffenholster\/black-trident-holster-thor-g17-x300u-rh-black-komplet\/#primaryimage\"},\"image\":{\"@id\":\"https:\/\/eshop.tca.sk\/de\/waffenholster\/black-trident-holster-thor-g17-x300u-rh-black-komplet\/#primaryimage\"},\"thumbnailUrl\":\"https:\/\/eshop.tca.sk\/wp-content\/uploads\/2023\/04\/Black-Trident-Holster-Thor-G17-X300U-RH-BLACK-KOMPLET.png\",\"datePublished\":\"2023-04-05T13:52:21+00:00\",\"dateModified\":\"2025-11-26T15:49:40+00:00\",\"description\":\"Black Trident Holster Thor G17 X300U RH BLACK KOMPLET - Das Black Trident Thor Holster ist die ideale Wahl f\u00fcr taktisches und sportliches Schie\u00dfen. Es handelt sich dabei um ein klassisches OWB (Outside The Waistband) Holster aus formstabilen Kydex\",\"breadcrumb\":{\"@id\":\"https:\/\/eshop.tca.sk\/de\/waffenholster\/black-trident-holster-thor-g17-x300u-rh-black-komplet\/#breadcrumb\"},\"inLanguage\":\"de\",\"potentialAction\":[{\"@type\":\"ReadAction\",\"target\":[\"https:\/\/eshop.tca.sk\/de\/waffenholster\/black-trident-holster-thor-g17-x300u-rh-black-komplet\/\"]}]},{\"@type\":\"ImageObject\",\"inLanguage\":\"de\",\"@id\":\"https:\/\/eshop.tca.sk\/de\/waffenholster\/black-trident-holster-thor-g17-x300u-rh-black-komplet\/#primaryimage\",\"url\":\"https:\/\/eshop.tca.sk\/wp-content\/uploads\/2023\/04\/Black-Trident-Holster-Thor-G17-X300U-RH-BLACK-KOMPLET.png\",\"contentUrl\":\"https:\/\/eshop.tca.sk\/wp-content\/uploads\/2023\/04\/Black-Trident-Holster-Thor-G17-X300U-RH-BLACK-KOMPLET.png\",\"width\":1000,\"height\":1000},{\"@type\":\"BreadcrumbList\",\"@id\":\"https:\/\/eshop.tca.sk\/de\/waffenholster\/black-trident-holster-thor-g17-x300u-rh-black-komplet\/#breadcrumb\",\"itemListElement\":[{\"@type\":\"ListItem\",\"position\":1,\"name\":\"Domovsk\u00e1 str\u00e1nka\",\"item\":\"https:\/\/eshop.tca.sk\/de\/\"},{\"@type\":\"ListItem\",\"position\":2,\"name\":\"Shop\",\"item\":\"https:\/\/eshop.tca.sk\/de\/shop\/\"},{\"@type\":\"ListItem\",\"position\":3,\"name\":\"Pistolenholster Black Trident Holster Thor G17 X300U RH BLACK KOMPLET\"}]},{\"@type\":\"WebSite\",\"@id\":\"https:\/\/eshop.tca.sk\/de\/#website\",\"url\":\"https:\/\/eshop.tca.sk\/de\/\",\"name\":\"TCA eShop - Tactical Combat Academy\",\"description\":\"Tactical Combat Academy\",\"publisher\":{\"@id\":\"https:\/\/eshop.tca.sk\/de\/#organization\"},\"potentialAction\":[{\"@type\":\"SearchAction\",\"target\":{\"@type\":\"EntryPoint\",\"urlTemplate\":\"https:\/\/eshop.tca.sk\/de\/?s={search_term_string}\"},\"query-input\":{\"@type\":\"PropertyValueSpecification\",\"valueRequired\":true,\"valueName\":\"search_term_string\"}}],\"inLanguage\":\"de\"},{\"@type\":\"Organization\",\"@id\":\"https:\/\/eshop.tca.sk\/de\/#organization\",\"name\":\"TCA eShop - Tactical Combat Academy\",\"url\":\"https:\/\/eshop.tca.sk\/de\/\",\"logo\":{\"@type\":\"ImageObject\",\"inLanguage\":\"de\",\"@id\":\"https:\/\/eshop.tca.sk\/de\/#\/schema\/logo\/image\/\",\"url\":\"https:\/\/eshop.tca.sk\/wp-content\/uploads\/2025\/06\/logo-new-header.png\",\"contentUrl\":\"https:\/\/eshop.tca.sk\/wp-content\/uploads\/2025\/06\/logo-new-header.png\",\"width\":300,\"height\":294,\"caption\":\"TCA eShop - Tactical Combat Academy\"},\"image\":{\"@id\":\"https:\/\/eshop.tca.sk\/de\/#\/schema\/logo\/image\/\"}}]}<\/script>\n<!-- \/ Yoast SEO plugin. -->","yoast_head_json":{"title":"Pistolenholster Black Trident Holster Thor G17 X300U RH BLACK KOMPLET - TCA eShop - Tactical Combat Academy","description":"Black Trident Holster Thor G17 X300U RH BLACK KOMPLET - Das Black Trident Thor Holster ist die ideale Wahl f\u00fcr taktisches und sportliches Schie\u00dfen. Es handelt sich dabei um ein klassisches OWB (Outside The Waistband) Holster aus formstabilen Kydex","robots":{"index":"index","follow":"follow","max-snippet":"max-snippet:-1","max-image-preview":"max-image-preview:large","max-video-preview":"max-video-preview:-1"},"canonical":"https:\/\/eshop.tca.sk\/de\/waffenholster\/black-trident-holster-thor-g17-x300u-rh-black-komplet\/","og_locale":"de_DE","og_type":"article","og_title":"Pistolenholster Black Trident Holster Thor G17 X300U RH BLACK KOMPLET - TCA eShop - Tactical Combat Academy","og_description":"Black Trident Holster Thor G17 X300U RH BLACK KOMPLET - Das Black Trident Thor Holster ist die ideale Wahl f\u00fcr taktisches und sportliches Schie\u00dfen. Es handelt sich dabei um ein klassisches OWB (Outside The Waistband) Holster aus formstabilen Kydex","og_url":"https:\/\/eshop.tca.sk\/de\/waffenholster\/black-trident-holster-thor-g17-x300u-rh-black-komplet\/","og_site_name":"TCA eShop - Tactical Combat Academy","article_modified_time":"2025-11-26T15:49:40+00:00","og_image":[{"width":1000,"height":1000,"url":"https:\/\/eshop.tca.sk\/wp-content\/uploads\/2023\/04\/Black-Trident-Holster-Thor-G17-X300U-RH-BLACK-KOMPLET.png","type":"image\/png"}],"twitter_card":"summary_large_image","schema":{"@context":"https:\/\/schema.org","@graph":[{"@type":"WebPage","@id":"https:\/\/eshop.tca.sk\/de\/waffenholster\/black-trident-holster-thor-g17-x300u-rh-black-komplet\/","url":"https:\/\/eshop.tca.sk\/de\/waffenholster\/black-trident-holster-thor-g17-x300u-rh-black-komplet\/","name":"Pistolenholster Black Trident Holster Thor G17 X300U RH BLACK KOMPLET - TCA eShop - Tactical Combat Academy","isPartOf":{"@id":"https:\/\/eshop.tca.sk\/de\/#website"},"primaryImageOfPage":{"@id":"https:\/\/eshop.tca.sk\/de\/waffenholster\/black-trident-holster-thor-g17-x300u-rh-black-komplet\/#primaryimage"},"image":{"@id":"https:\/\/eshop.tca.sk\/de\/waffenholster\/black-trident-holster-thor-g17-x300u-rh-black-komplet\/#primaryimage"},"thumbnailUrl":"https:\/\/eshop.tca.sk\/wp-content\/uploads\/2023\/04\/Black-Trident-Holster-Thor-G17-X300U-RH-BLACK-KOMPLET.png","datePublished":"2023-04-05T13:52:21+00:00","dateModified":"2025-11-26T15:49:40+00:00","description":"Black Trident Holster Thor G17 X300U RH BLACK KOMPLET - Das Black Trident Thor Holster ist die ideale Wahl f\u00fcr taktisches und sportliches Schie\u00dfen. Es handelt sich dabei um ein klassisches OWB (Outside The Waistband) Holster aus formstabilen Kydex","breadcrumb":{"@id":"https:\/\/eshop.tca.sk\/de\/waffenholster\/black-trident-holster-thor-g17-x300u-rh-black-komplet\/#breadcrumb"},"inLanguage":"de","potentialAction":[{"@type":"ReadAction","target":["https:\/\/eshop.tca.sk\/de\/waffenholster\/black-trident-holster-thor-g17-x300u-rh-black-komplet\/"]}]},{"@type":"ImageObject","inLanguage":"de","@id":"https:\/\/eshop.tca.sk\/de\/waffenholster\/black-trident-holster-thor-g17-x300u-rh-black-komplet\/#primaryimage","url":"https:\/\/eshop.tca.sk\/wp-content\/uploads\/2023\/04\/Black-Trident-Holster-Thor-G17-X300U-RH-BLACK-KOMPLET.png","contentUrl":"https:\/\/eshop.tca.sk\/wp-content\/uploads\/2023\/04\/Black-Trident-Holster-Thor-G17-X300U-RH-BLACK-KOMPLET.png","width":1000,"height":1000},{"@type":"BreadcrumbList","@id":"https:\/\/eshop.tca.sk\/de\/waffenholster\/black-trident-holster-thor-g17-x300u-rh-black-komplet\/#breadcrumb","itemListElement":[{"@type":"ListItem","position":1,"name":"Domovsk\u00e1 str\u00e1nka","item":"https:\/\/eshop.tca.sk\/de\/"},{"@type":"ListItem","position":2,"name":"Shop","item":"https:\/\/eshop.tca.sk\/de\/shop\/"},{"@type":"ListItem","position":3,"name":"Pistolenholster Black Trident Holster Thor G17 X300U RH BLACK KOMPLET"}]},{"@type":"WebSite","@id":"https:\/\/eshop.tca.sk\/de\/#website","url":"https:\/\/eshop.tca.sk\/de\/","name":"TCA eShop - Tactical Combat Academy","description":"Tactical Combat Academy","publisher":{"@id":"https:\/\/eshop.tca.sk\/de\/#organization"},"potentialAction":[{"@type":"SearchAction","target":{"@type":"EntryPoint","urlTemplate":"https:\/\/eshop.tca.sk\/de\/?s={search_term_string}"},"query-input":{"@type":"PropertyValueSpecification","valueRequired":true,"valueName":"search_term_string"}}],"inLanguage":"de"},{"@type":"Organization","@id":"https:\/\/eshop.tca.sk\/de\/#organization","name":"TCA eShop - Tactical Combat Academy","url":"https:\/\/eshop.tca.sk\/de\/","logo":{"@type":"ImageObject","inLanguage":"de","@id":"https:\/\/eshop.tca.sk\/de\/#\/schema\/logo\/image\/","url":"https:\/\/eshop.tca.sk\/wp-content\/uploads\/2025\/06\/logo-new-header.png","contentUrl":"https:\/\/eshop.tca.sk\/wp-content\/uploads\/2025\/06\/logo-new-header.png","width":300,"height":294,"caption":"TCA eShop - Tactical Combat Academy"},"image":{"@id":"https:\/\/eshop.tca.sk\/de\/#\/schema\/logo\/image\/"}}]}},"_links":{"self":[{"href":"https:\/\/eshop.tca.sk\/de\/wp-json\/wp\/v2\/product\/9160","targetHints":{"allow":["GET"]}}],"collection":[{"href":"https:\/\/eshop.tca.sk\/de\/wp-json\/wp\/v2\/product"}],"about":[{"href":"https:\/\/eshop.tca.sk\/de\/wp-json\/wp\/v2\/types\/product"}],"wp:featuredmedia":[{"embeddable":true,"href":"https:\/\/eshop.tca.sk\/de\/wp-json\/wp\/v2\/media\/8570"}],"wp:attachment":[{"href":"https:\/\/eshop.tca.sk\/de\/wp-json\/wp\/v2\/media?parent=9160"}],"wp:term":[{"taxonomy":"product_brand","embeddable":true,"href":"https:\/\/eshop.tca.sk\/de\/wp-json\/wp\/v2\/product_brand?post=9160"},{"taxonomy":"product_cat","embeddable":true,"href":"https:\/\/eshop.tca.sk\/de\/wp-json\/wp\/v2\/product_cat?post=9160"},{"taxonomy":"product_tag","embeddable":true,"href":"https:\/\/eshop.tca.sk\/de\/wp-json\/wp\/v2\/product_tag?post=9160"},{"taxonomy":"giftcard-category","embeddable":true,"href":"https:\/\/eshop.tca.sk\/de\/wp-json\/wp\/v2\/giftcard-category?post=9160"}],"curies":[{"name":"wp","href":"https:\/\/api.w.org\/{rel}","templated":true}]}}