{"id":9171,"date":"2023-04-07T17:17:47","date_gmt":"2023-04-07T15:17:47","guid":{"rendered":"https:\/\/eshop.tca.sk\/unkategorisiert\/black-trident-glock-single-mag-carrier-black-rh-lpm\/"},"modified":"2025-11-26T16:49:38","modified_gmt":"2025-11-26T15:49:38","slug":"black-trident-glock-single-mag-carrier-black-rh-lpm","status":"publish","type":"product","link":"https:\/\/eshop.tca.sk\/de\/waffenholster\/black-trident-glock-single-mag-carrier-black-rh-lpm\/","title":{"rendered":"Pistolenholster f\u00fcr Magazine Black Trident Glock Single Mag Carrier BLACK RH LPM"},"content":{"rendered":"<h3><strong>Pistolenholster f\u00fcr Magazine Black Trident Glock Single Mag Carrier BLACK RH LPM<\/strong><\/h3>\n<h4><strong>Die Features im \u00dcberblick:<\/strong><\/h4>\n<ul>\n<li>Ziehwiderstand individuell einstellbar<\/li>\n<li>Abschr\u00e4gung f\u00fcr besseren Griff am Magazin<\/li>\n<li>Standardausf\u00fchrung mit Malice Clips<\/li>\n<li>M\u00f6glichkeit zur schr\u00e4gen Montage des Mag Carriers<\/li>\n<\/ul>\n<p>&nbsp;<\/p>\n","protected":false},"excerpt":{"rendered":"<p><img loading=\"lazy\" decoding=\"async\" class=\"alignnone wp-image-8549\" src=\"https:\/\/eshop.tca.sk\/wp-content\/uploads\/2023\/04\/logo-black-trident.png\" alt=\"\" width=\"179\" height=\"33\" srcset=\"https:\/\/eshop.tca.sk\/wp-content\/uploads\/2023\/04\/logo-black-trident.png 4749w, https:\/\/eshop.tca.sk\/wp-content\/uploads\/2023\/04\/logo-black-trident-300x55.png 300w, https:\/\/eshop.tca.sk\/wp-content\/uploads\/2023\/04\/logo-black-trident-768x142.png 768w, https:\/\/eshop.tca.sk\/wp-content\/uploads\/2023\/04\/logo-black-trident-600x111.png 600w\" sizes=\"auto, (max-width: 179px) 100vw, 179px\" \/><\/p>\n<p>BLACK TRIDENT Glock Mag Carrier<\/p>\n<p><img loading=\"lazy\" decoding=\"async\" class=\"wp-image-8564 alignnone\" src=\"https:\/\/eshop.tca.sk\/wp-content\/uploads\/2023\/04\/Logo-Whack-Black-White-R-APPROVED.png\" alt=\"\" width=\"138\" height=\"75\" srcset=\"https:\/\/eshop.tca.sk\/wp-content\/uploads\/2023\/04\/Logo-Whack-Black-White-R-APPROVED.png 571w, https:\/\/eshop.tca.sk\/wp-content\/uploads\/2023\/04\/Logo-Whack-Black-White-R-APPROVED-300x163.png 300w\" sizes=\"auto, (max-width: 138px) 100vw, 138px\" \/><\/p>\n<p>Vom TCA und dem WHACK-System verwendete und empfohlene Equipment.<\/p>\n","protected":false},"featured_media":8698,"template":"","meta":{"inline_featured_image":false},"product_brand":[],"product_cat":[323,319,584,581],"product_tag":[477],"giftcard-category":[],"class_list":{"0":"post-9171","1":"product","2":"type-product","3":"status-publish","4":"has-post-thumbnail","6":"product_cat-ausruestung","7":"product_cat-waffenholster","8":"product_cat-magazintaschen","9":"product_cat-pistolenholster","10":"product_tag-black-trident-de","12":"first","13":"outofstock","14":"taxable","15":"shipping-taxable","16":"purchasable","17":"product-type-simple"},"yoast_head":"<!-- This site is optimized with the Yoast SEO plugin v26.4 - https:\/\/yoast.com\/wordpress\/plugins\/seo\/ -->\n<title>Pistolenholster f\u00fcr Magazine Black Trident Glock Single Mag Carrier BLACK RH LPM - TCA eShop - Tactical Combat Academy<\/title>\n<meta name=\"description\" content=\"Black Trident Glock Single Mag Carrier BLACK RH LPM - Das Black Trident Thor Holster ist die ideale Wahl f\u00fcr taktisches und sportliches Schie\u00dfen. Es handelt sich dabei um ein klassisches OWB (Outside The Waistband) Holster aus formstabilen Kydex\" \/>\n<meta name=\"robots\" content=\"index, follow, max-snippet:-1, max-image-preview:large, max-video-preview:-1\" \/>\n<link rel=\"canonical\" href=\"https:\/\/eshop.tca.sk\/de\/waffenholster\/black-trident-glock-single-mag-carrier-black-rh-lpm\/\" \/>\n<meta property=\"og:locale\" content=\"de_DE\" \/>\n<meta property=\"og:type\" content=\"article\" \/>\n<meta property=\"og:title\" content=\"Pistolenholster f\u00fcr Magazine Black Trident Glock Single Mag Carrier BLACK RH LPM - TCA eShop - Tactical Combat Academy\" \/>\n<meta property=\"og:description\" content=\"Black Trident Glock Single Mag Carrier BLACK RH LPM - Das Black Trident Thor Holster ist die ideale Wahl f\u00fcr taktisches und sportliches Schie\u00dfen. Es handelt sich dabei um ein klassisches OWB (Outside The Waistband) Holster aus formstabilen Kydex\" \/>\n<meta property=\"og:url\" content=\"https:\/\/eshop.tca.sk\/de\/waffenholster\/black-trident-glock-single-mag-carrier-black-rh-lpm\/\" \/>\n<meta property=\"og:site_name\" content=\"TCA eShop - Tactical Combat Academy\" \/>\n<meta property=\"article:modified_time\" content=\"2025-11-26T15:49:38+00:00\" \/>\n<meta property=\"og:image\" content=\"https:\/\/eshop.tca.sk\/wp-content\/uploads\/2023\/04\/Black-Trident-Glock-Single-Mag-Carrier-BLACK-RH-LPM.png\" \/>\n\t<meta property=\"og:image:width\" content=\"1000\" \/>\n\t<meta property=\"og:image:height\" content=\"1000\" \/>\n\t<meta property=\"og:image:type\" content=\"image\/png\" \/>\n<meta name=\"twitter:card\" content=\"summary_large_image\" \/>\n<script type=\"application\/ld+json\" class=\"yoast-schema-graph\">{\"@context\":\"https:\/\/schema.org\",\"@graph\":[{\"@type\":\"WebPage\",\"@id\":\"https:\/\/eshop.tca.sk\/de\/waffenholster\/black-trident-glock-single-mag-carrier-black-rh-lpm\/\",\"url\":\"https:\/\/eshop.tca.sk\/de\/waffenholster\/black-trident-glock-single-mag-carrier-black-rh-lpm\/\",\"name\":\"Pistolenholster f\u00fcr Magazine Black Trident Glock Single Mag Carrier BLACK RH LPM - TCA eShop - Tactical Combat Academy\",\"isPartOf\":{\"@id\":\"https:\/\/eshop.tca.sk\/de\/#website\"},\"primaryImageOfPage\":{\"@id\":\"https:\/\/eshop.tca.sk\/de\/waffenholster\/black-trident-glock-single-mag-carrier-black-rh-lpm\/#primaryimage\"},\"image\":{\"@id\":\"https:\/\/eshop.tca.sk\/de\/waffenholster\/black-trident-glock-single-mag-carrier-black-rh-lpm\/#primaryimage\"},\"thumbnailUrl\":\"https:\/\/eshop.tca.sk\/wp-content\/uploads\/2023\/04\/Black-Trident-Glock-Single-Mag-Carrier-BLACK-RH-LPM.png\",\"datePublished\":\"2023-04-07T15:17:47+00:00\",\"dateModified\":\"2025-11-26T15:49:38+00:00\",\"description\":\"Black Trident Glock Single Mag Carrier BLACK RH LPM - Das Black Trident Thor Holster ist die ideale Wahl f\u00fcr taktisches und sportliches Schie\u00dfen. Es handelt sich dabei um ein klassisches OWB (Outside The Waistband) Holster aus formstabilen Kydex\",\"breadcrumb\":{\"@id\":\"https:\/\/eshop.tca.sk\/de\/waffenholster\/black-trident-glock-single-mag-carrier-black-rh-lpm\/#breadcrumb\"},\"inLanguage\":\"de\",\"potentialAction\":[{\"@type\":\"ReadAction\",\"target\":[\"https:\/\/eshop.tca.sk\/de\/waffenholster\/black-trident-glock-single-mag-carrier-black-rh-lpm\/\"]}]},{\"@type\":\"ImageObject\",\"inLanguage\":\"de\",\"@id\":\"https:\/\/eshop.tca.sk\/de\/waffenholster\/black-trident-glock-single-mag-carrier-black-rh-lpm\/#primaryimage\",\"url\":\"https:\/\/eshop.tca.sk\/wp-content\/uploads\/2023\/04\/Black-Trident-Glock-Single-Mag-Carrier-BLACK-RH-LPM.png\",\"contentUrl\":\"https:\/\/eshop.tca.sk\/wp-content\/uploads\/2023\/04\/Black-Trident-Glock-Single-Mag-Carrier-BLACK-RH-LPM.png\",\"width\":1000,\"height\":1000,\"caption\":\"P\u00fazdro na Pi\u0161to\u013eov\u00e9 Z\u00e1sobn\u00edky Black Trident Glock Single Mag Carrier BLACK RH LPM\"},{\"@type\":\"BreadcrumbList\",\"@id\":\"https:\/\/eshop.tca.sk\/de\/waffenholster\/black-trident-glock-single-mag-carrier-black-rh-lpm\/#breadcrumb\",\"itemListElement\":[{\"@type\":\"ListItem\",\"position\":1,\"name\":\"Domovsk\u00e1 str\u00e1nka\",\"item\":\"https:\/\/eshop.tca.sk\/de\/\"},{\"@type\":\"ListItem\",\"position\":2,\"name\":\"Shop\",\"item\":\"https:\/\/eshop.tca.sk\/de\/shop\/\"},{\"@type\":\"ListItem\",\"position\":3,\"name\":\"Pistolenholster f\u00fcr Magazine Black Trident Glock Single Mag Carrier BLACK RH LPM\"}]},{\"@type\":\"WebSite\",\"@id\":\"https:\/\/eshop.tca.sk\/de\/#website\",\"url\":\"https:\/\/eshop.tca.sk\/de\/\",\"name\":\"TCA eShop - Tactical Combat Academy\",\"description\":\"Tactical Combat Academy\",\"publisher\":{\"@id\":\"https:\/\/eshop.tca.sk\/de\/#organization\"},\"potentialAction\":[{\"@type\":\"SearchAction\",\"target\":{\"@type\":\"EntryPoint\",\"urlTemplate\":\"https:\/\/eshop.tca.sk\/de\/?s={search_term_string}\"},\"query-input\":{\"@type\":\"PropertyValueSpecification\",\"valueRequired\":true,\"valueName\":\"search_term_string\"}}],\"inLanguage\":\"de\"},{\"@type\":\"Organization\",\"@id\":\"https:\/\/eshop.tca.sk\/de\/#organization\",\"name\":\"TCA eShop - Tactical Combat Academy\",\"url\":\"https:\/\/eshop.tca.sk\/de\/\",\"logo\":{\"@type\":\"ImageObject\",\"inLanguage\":\"de\",\"@id\":\"https:\/\/eshop.tca.sk\/de\/#\/schema\/logo\/image\/\",\"url\":\"https:\/\/eshop.tca.sk\/wp-content\/uploads\/2025\/06\/logo-new-header.png\",\"contentUrl\":\"https:\/\/eshop.tca.sk\/wp-content\/uploads\/2025\/06\/logo-new-header.png\",\"width\":300,\"height\":294,\"caption\":\"TCA eShop - Tactical Combat Academy\"},\"image\":{\"@id\":\"https:\/\/eshop.tca.sk\/de\/#\/schema\/logo\/image\/\"}}]}<\/script>\n<!-- \/ Yoast SEO plugin. -->","yoast_head_json":{"title":"Pistolenholster f\u00fcr Magazine Black Trident Glock Single Mag Carrier BLACK RH LPM - TCA eShop - Tactical Combat Academy","description":"Black Trident Glock Single Mag Carrier BLACK RH LPM - Das Black Trident Thor Holster ist die ideale Wahl f\u00fcr taktisches und sportliches Schie\u00dfen. Es handelt sich dabei um ein klassisches OWB (Outside The Waistband) Holster aus formstabilen Kydex","robots":{"index":"index","follow":"follow","max-snippet":"max-snippet:-1","max-image-preview":"max-image-preview:large","max-video-preview":"max-video-preview:-1"},"canonical":"https:\/\/eshop.tca.sk\/de\/waffenholster\/black-trident-glock-single-mag-carrier-black-rh-lpm\/","og_locale":"de_DE","og_type":"article","og_title":"Pistolenholster f\u00fcr Magazine Black Trident Glock Single Mag Carrier BLACK RH LPM - TCA eShop - Tactical Combat Academy","og_description":"Black Trident Glock Single Mag Carrier BLACK RH LPM - Das Black Trident Thor Holster ist die ideale Wahl f\u00fcr taktisches und sportliches Schie\u00dfen. Es handelt sich dabei um ein klassisches OWB (Outside The Waistband) Holster aus formstabilen Kydex","og_url":"https:\/\/eshop.tca.sk\/de\/waffenholster\/black-trident-glock-single-mag-carrier-black-rh-lpm\/","og_site_name":"TCA eShop - Tactical Combat Academy","article_modified_time":"2025-11-26T15:49:38+00:00","og_image":[{"width":1000,"height":1000,"url":"https:\/\/eshop.tca.sk\/wp-content\/uploads\/2023\/04\/Black-Trident-Glock-Single-Mag-Carrier-BLACK-RH-LPM.png","type":"image\/png"}],"twitter_card":"summary_large_image","schema":{"@context":"https:\/\/schema.org","@graph":[{"@type":"WebPage","@id":"https:\/\/eshop.tca.sk\/de\/waffenholster\/black-trident-glock-single-mag-carrier-black-rh-lpm\/","url":"https:\/\/eshop.tca.sk\/de\/waffenholster\/black-trident-glock-single-mag-carrier-black-rh-lpm\/","name":"Pistolenholster f\u00fcr Magazine Black Trident Glock Single Mag Carrier BLACK RH LPM - TCA eShop - Tactical Combat Academy","isPartOf":{"@id":"https:\/\/eshop.tca.sk\/de\/#website"},"primaryImageOfPage":{"@id":"https:\/\/eshop.tca.sk\/de\/waffenholster\/black-trident-glock-single-mag-carrier-black-rh-lpm\/#primaryimage"},"image":{"@id":"https:\/\/eshop.tca.sk\/de\/waffenholster\/black-trident-glock-single-mag-carrier-black-rh-lpm\/#primaryimage"},"thumbnailUrl":"https:\/\/eshop.tca.sk\/wp-content\/uploads\/2023\/04\/Black-Trident-Glock-Single-Mag-Carrier-BLACK-RH-LPM.png","datePublished":"2023-04-07T15:17:47+00:00","dateModified":"2025-11-26T15:49:38+00:00","description":"Black Trident Glock Single Mag Carrier BLACK RH LPM - Das Black Trident Thor Holster ist die ideale Wahl f\u00fcr taktisches und sportliches Schie\u00dfen. Es handelt sich dabei um ein klassisches OWB (Outside The Waistband) Holster aus formstabilen Kydex","breadcrumb":{"@id":"https:\/\/eshop.tca.sk\/de\/waffenholster\/black-trident-glock-single-mag-carrier-black-rh-lpm\/#breadcrumb"},"inLanguage":"de","potentialAction":[{"@type":"ReadAction","target":["https:\/\/eshop.tca.sk\/de\/waffenholster\/black-trident-glock-single-mag-carrier-black-rh-lpm\/"]}]},{"@type":"ImageObject","inLanguage":"de","@id":"https:\/\/eshop.tca.sk\/de\/waffenholster\/black-trident-glock-single-mag-carrier-black-rh-lpm\/#primaryimage","url":"https:\/\/eshop.tca.sk\/wp-content\/uploads\/2023\/04\/Black-Trident-Glock-Single-Mag-Carrier-BLACK-RH-LPM.png","contentUrl":"https:\/\/eshop.tca.sk\/wp-content\/uploads\/2023\/04\/Black-Trident-Glock-Single-Mag-Carrier-BLACK-RH-LPM.png","width":1000,"height":1000,"caption":"P\u00fazdro na Pi\u0161to\u013eov\u00e9 Z\u00e1sobn\u00edky Black Trident Glock Single Mag Carrier BLACK RH LPM"},{"@type":"BreadcrumbList","@id":"https:\/\/eshop.tca.sk\/de\/waffenholster\/black-trident-glock-single-mag-carrier-black-rh-lpm\/#breadcrumb","itemListElement":[{"@type":"ListItem","position":1,"name":"Domovsk\u00e1 str\u00e1nka","item":"https:\/\/eshop.tca.sk\/de\/"},{"@type":"ListItem","position":2,"name":"Shop","item":"https:\/\/eshop.tca.sk\/de\/shop\/"},{"@type":"ListItem","position":3,"name":"Pistolenholster f\u00fcr Magazine Black Trident Glock Single Mag Carrier BLACK RH LPM"}]},{"@type":"WebSite","@id":"https:\/\/eshop.tca.sk\/de\/#website","url":"https:\/\/eshop.tca.sk\/de\/","name":"TCA eShop - Tactical Combat Academy","description":"Tactical Combat Academy","publisher":{"@id":"https:\/\/eshop.tca.sk\/de\/#organization"},"potentialAction":[{"@type":"SearchAction","target":{"@type":"EntryPoint","urlTemplate":"https:\/\/eshop.tca.sk\/de\/?s={search_term_string}"},"query-input":{"@type":"PropertyValueSpecification","valueRequired":true,"valueName":"search_term_string"}}],"inLanguage":"de"},{"@type":"Organization","@id":"https:\/\/eshop.tca.sk\/de\/#organization","name":"TCA eShop - Tactical Combat Academy","url":"https:\/\/eshop.tca.sk\/de\/","logo":{"@type":"ImageObject","inLanguage":"de","@id":"https:\/\/eshop.tca.sk\/de\/#\/schema\/logo\/image\/","url":"https:\/\/eshop.tca.sk\/wp-content\/uploads\/2025\/06\/logo-new-header.png","contentUrl":"https:\/\/eshop.tca.sk\/wp-content\/uploads\/2025\/06\/logo-new-header.png","width":300,"height":294,"caption":"TCA eShop - Tactical Combat Academy"},"image":{"@id":"https:\/\/eshop.tca.sk\/de\/#\/schema\/logo\/image\/"}}]}},"_links":{"self":[{"href":"https:\/\/eshop.tca.sk\/de\/wp-json\/wp\/v2\/product\/9171","targetHints":{"allow":["GET"]}}],"collection":[{"href":"https:\/\/eshop.tca.sk\/de\/wp-json\/wp\/v2\/product"}],"about":[{"href":"https:\/\/eshop.tca.sk\/de\/wp-json\/wp\/v2\/types\/product"}],"wp:featuredmedia":[{"embeddable":true,"href":"https:\/\/eshop.tca.sk\/de\/wp-json\/wp\/v2\/media\/8698"}],"wp:attachment":[{"href":"https:\/\/eshop.tca.sk\/de\/wp-json\/wp\/v2\/media?parent=9171"}],"wp:term":[{"taxonomy":"product_brand","embeddable":true,"href":"https:\/\/eshop.tca.sk\/de\/wp-json\/wp\/v2\/product_brand?post=9171"},{"taxonomy":"product_cat","embeddable":true,"href":"https:\/\/eshop.tca.sk\/de\/wp-json\/wp\/v2\/product_cat?post=9171"},{"taxonomy":"product_tag","embeddable":true,"href":"https:\/\/eshop.tca.sk\/de\/wp-json\/wp\/v2\/product_tag?post=9171"},{"taxonomy":"giftcard-category","embeddable":true,"href":"https:\/\/eshop.tca.sk\/de\/wp-json\/wp\/v2\/giftcard-category?post=9171"}],"curies":[{"name":"wp","href":"https:\/\/api.w.org\/{rel}","templated":true}]}}