{"id":9175,"date":"2023-04-09T11:23:30","date_gmt":"2023-04-09T09:23:30","guid":{"rendered":"https:\/\/eshop.tca.sk\/unkategorisiert\/black-trident-stop-the-bleeding-stb02-multicam\/"},"modified":"2025-11-26T16:49:34","modified_gmt":"2025-11-26T15:49:34","slug":"black-trident-stop-the-bleeding-stb02-multicam","status":"publish","type":"product","link":"https:\/\/eshop.tca.sk\/de\/medic-de\/black-trident-stop-the-bleeding-stb02-multicam\/","title":{"rendered":"Black Trident Stop The Bleeding STB02 MULTICAM"},"content":{"rendered":"<h3><strong>Black Trident Stop The Bleeding STB02 MULTICAM<\/strong><\/h3>\n<p>Tourniquets sind eine unsch\u00e4tzbare Hilfe, um im Falle eines medizinischen Notfalls massiven Blutverlust an den Extremit\u00e4ten zu verhindern. Dabei ist es von entscheidender Bedeutung, dieses geniale Abbindesystem sicher und gut zug\u00e4nglich an der Ausr\u00fcstung zu befestigen.<\/p>\n<p>Elastischer Tourniquet Holder STB01 erm\u00f6glicht es, ein TQ plus ein zus\u00e4tzliches Utensil (Needle D\u2018, Edding, Knicklicht) auf dem Plattentr\u00e4ger oder am G\u00fcrtel zu befestigen. Kann nach Belieben \u00fcberall montiert werden wo Velcro vorhanden ist (Plate Carrier, G\u00fcrtel, Chest Rig, etc..).<\/p>\n<p>STB-Holder (STB01 &amp; STB02) passen f\u00fcr handels\u00fcbliche Tourniquets wie CAT und SOF-T und sind beidh\u00e4ndig bedienbar. Sie werden einfach (siehe Bild) \u00fcber den Battle Belt gest\u00fclpt und haften gleichzeitig dort sowie auch am Unterg\u00fcrtel. STB-Holder ersparen euch au\u00dferdem das st\u00e4ndige Austauschen von Gummis und Shockcord.<\/p>\n<h4>Abma\u00dfe des STB02 Tourniquet Holders<\/h4>\n<p>Gesamtgr\u00f6\u00dfe (LxB): <strong>100&#215;80 mm<\/strong><br \/>\nGr\u00f6\u00dfe Klettfl\u00e4che (LxB): <strong>100&#215;45 mm<\/strong><\/p>\n<p><iframe loading=\"lazy\" title=\"Stop The Bleeding Tourniquet Holder \/\/ Black Trident\" width=\"1170\" height=\"658\" src=\"https:\/\/www.youtube.com\/embed\/2bEgQF07MKk?feature=oembed\" frameborder=\"0\" allow=\"accelerometer; autoplay; clipboard-write; encrypted-media; gyroscope; picture-in-picture; web-share\" allowfullscreen><\/iframe><\/p>\n<p>&nbsp;<\/p>\n","protected":false},"excerpt":{"rendered":"<p><img loading=\"lazy\" decoding=\"async\" class=\"alignnone wp-image-8549\" src=\"https:\/\/eshop.tca.sk\/wp-content\/uploads\/2023\/04\/logo-black-trident.png\" alt=\"\" width=\"179\" height=\"33\" srcset=\"https:\/\/eshop.tca.sk\/wp-content\/uploads\/2023\/04\/logo-black-trident.png 4749w, https:\/\/eshop.tca.sk\/wp-content\/uploads\/2023\/04\/logo-black-trident-300x55.png 300w, https:\/\/eshop.tca.sk\/wp-content\/uploads\/2023\/04\/logo-black-trident-768x142.png 768w, https:\/\/eshop.tca.sk\/wp-content\/uploads\/2023\/04\/logo-black-trident-600x111.png 600w\" sizes=\"auto, (max-width: 179px) 100vw, 179px\" \/><\/p>\n<p>Tourniquets sind eine unsch\u00e4tzbare Hilfe, um im Falle eines medizinischen Notfalls massiven Blutverlust an den Extremit\u00e4ten zu verhindern. Dabei ist es von entscheidender Bedeutung, dieses geniale Abbindesystem sicher und gut zug\u00e4nglich an der Ausr\u00fcstung zu befestigen.<\/p>\n<p><img loading=\"lazy\" decoding=\"async\" class=\"wp-image-8564 alignnone\" src=\"https:\/\/eshop.tca.sk\/wp-content\/uploads\/2023\/04\/Logo-Whack-Black-White-R-APPROVED.png\" alt=\"\" width=\"138\" height=\"75\" srcset=\"https:\/\/eshop.tca.sk\/wp-content\/uploads\/2023\/04\/Logo-Whack-Black-White-R-APPROVED.png 571w, https:\/\/eshop.tca.sk\/wp-content\/uploads\/2023\/04\/Logo-Whack-Black-White-R-APPROVED-300x163.png 300w\" sizes=\"auto, (max-width: 138px) 100vw, 138px\" \/><\/p>\n<p>Vom TCA und dem WHACK-System verwendete und empfohlene Equipment.<\/p>\n","protected":false},"featured_media":8812,"template":"","meta":{"inline_featured_image":false},"product_brand":[],"product_cat":[468],"product_tag":[477],"giftcard-category":[],"class_list":{"0":"post-9175","1":"product","2":"type-product","3":"status-publish","4":"has-post-thumbnail","6":"product_cat-medic-de","7":"product_tag-black-trident-de","9":"first","10":"instock","11":"taxable","12":"shipping-taxable","13":"purchasable","14":"product-type-simple"},"yoast_head":"<!-- This site is optimized with the Yoast SEO plugin v26.4 - https:\/\/yoast.com\/wordpress\/plugins\/seo\/ -->\n<title>Black Trident Stop The Bleeding STB02 MULTICAM - TCA eShop - Tactical Combat Academy<\/title>\n<meta name=\"description\" content=\"Black Trident Stop The Bleeding STB02 MULTICAM - Tourniquets sind eine unsch\u00e4tzbare Hilfe, um im Falle eines medizinischen Notfalls massiven Blutverlust an den Extremit\u00e4ten zu verhindern. Dabei ist es von entscheidender Bedeutung, dieses geniale Abbindesystem sicher und gut zug\u00e4nglich an der Ausr\u00fcstung zu befestigen.\" \/>\n<meta name=\"robots\" content=\"index, follow, max-snippet:-1, max-image-preview:large, max-video-preview:-1\" \/>\n<link rel=\"canonical\" href=\"https:\/\/eshop.tca.sk\/de\/medic-de\/black-trident-stop-the-bleeding-stb02-multicam\/\" \/>\n<meta property=\"og:locale\" content=\"de_DE\" \/>\n<meta property=\"og:type\" content=\"article\" \/>\n<meta property=\"og:title\" content=\"Black Trident Stop The Bleeding STB02 MULTICAM - TCA eShop - Tactical Combat Academy\" \/>\n<meta property=\"og:description\" content=\"Black Trident Stop The Bleeding STB02 MULTICAM - Tourniquets sind eine unsch\u00e4tzbare Hilfe, um im Falle eines medizinischen Notfalls massiven Blutverlust an den Extremit\u00e4ten zu verhindern. Dabei ist es von entscheidender Bedeutung, dieses geniale Abbindesystem sicher und gut zug\u00e4nglich an der Ausr\u00fcstung zu befestigen.\" \/>\n<meta property=\"og:url\" content=\"https:\/\/eshop.tca.sk\/de\/medic-de\/black-trident-stop-the-bleeding-stb02-multicam\/\" \/>\n<meta property=\"og:site_name\" content=\"TCA eShop - Tactical Combat Academy\" \/>\n<meta property=\"article:modified_time\" content=\"2025-11-26T15:49:34+00:00\" \/>\n<meta property=\"og:image\" content=\"https:\/\/eshop.tca.sk\/wp-content\/uploads\/2023\/04\/Black-Trident-Stop-The-Bleeding-STB02-MULTICAM-1.png\" \/>\n\t<meta property=\"og:image:width\" content=\"1000\" \/>\n\t<meta property=\"og:image:height\" content=\"1000\" \/>\n\t<meta property=\"og:image:type\" content=\"image\/png\" \/>\n<meta name=\"twitter:card\" content=\"summary_large_image\" \/>\n<script type=\"application\/ld+json\" class=\"yoast-schema-graph\">{\"@context\":\"https:\/\/schema.org\",\"@graph\":[{\"@type\":\"WebPage\",\"@id\":\"https:\/\/eshop.tca.sk\/de\/medic-de\/black-trident-stop-the-bleeding-stb02-multicam\/\",\"url\":\"https:\/\/eshop.tca.sk\/de\/medic-de\/black-trident-stop-the-bleeding-stb02-multicam\/\",\"name\":\"Black Trident Stop The Bleeding STB02 MULTICAM - TCA eShop - Tactical Combat Academy\",\"isPartOf\":{\"@id\":\"https:\/\/eshop.tca.sk\/de\/#website\"},\"primaryImageOfPage\":{\"@id\":\"https:\/\/eshop.tca.sk\/de\/medic-de\/black-trident-stop-the-bleeding-stb02-multicam\/#primaryimage\"},\"image\":{\"@id\":\"https:\/\/eshop.tca.sk\/de\/medic-de\/black-trident-stop-the-bleeding-stb02-multicam\/#primaryimage\"},\"thumbnailUrl\":\"https:\/\/eshop.tca.sk\/wp-content\/uploads\/2023\/04\/Black-Trident-Stop-The-Bleeding-STB02-MULTICAM-1.png\",\"datePublished\":\"2023-04-09T09:23:30+00:00\",\"dateModified\":\"2025-11-26T15:49:34+00:00\",\"description\":\"Black Trident Stop The Bleeding STB02 MULTICAM - Tourniquets sind eine unsch\u00e4tzbare Hilfe, um im Falle eines medizinischen Notfalls massiven Blutverlust an den Extremit\u00e4ten zu verhindern. Dabei ist es von entscheidender Bedeutung, dieses geniale Abbindesystem sicher und gut zug\u00e4nglich an der Ausr\u00fcstung zu befestigen.\",\"breadcrumb\":{\"@id\":\"https:\/\/eshop.tca.sk\/de\/medic-de\/black-trident-stop-the-bleeding-stb02-multicam\/#breadcrumb\"},\"inLanguage\":\"de\",\"potentialAction\":[{\"@type\":\"ReadAction\",\"target\":[\"https:\/\/eshop.tca.sk\/de\/medic-de\/black-trident-stop-the-bleeding-stb02-multicam\/\"]}]},{\"@type\":\"ImageObject\",\"inLanguage\":\"de\",\"@id\":\"https:\/\/eshop.tca.sk\/de\/medic-de\/black-trident-stop-the-bleeding-stb02-multicam\/#primaryimage\",\"url\":\"https:\/\/eshop.tca.sk\/wp-content\/uploads\/2023\/04\/Black-Trident-Stop-The-Bleeding-STB02-MULTICAM-1.png\",\"contentUrl\":\"https:\/\/eshop.tca.sk\/wp-content\/uploads\/2023\/04\/Black-Trident-Stop-The-Bleeding-STB02-MULTICAM-1.png\",\"width\":1000,\"height\":1000},{\"@type\":\"BreadcrumbList\",\"@id\":\"https:\/\/eshop.tca.sk\/de\/medic-de\/black-trident-stop-the-bleeding-stb02-multicam\/#breadcrumb\",\"itemListElement\":[{\"@type\":\"ListItem\",\"position\":1,\"name\":\"Domovsk\u00e1 str\u00e1nka\",\"item\":\"https:\/\/eshop.tca.sk\/de\/\"},{\"@type\":\"ListItem\",\"position\":2,\"name\":\"Shop\",\"item\":\"https:\/\/eshop.tca.sk\/de\/shop\/\"},{\"@type\":\"ListItem\",\"position\":3,\"name\":\"Black Trident Stop The Bleeding STB02 MULTICAM\"}]},{\"@type\":\"WebSite\",\"@id\":\"https:\/\/eshop.tca.sk\/de\/#website\",\"url\":\"https:\/\/eshop.tca.sk\/de\/\",\"name\":\"TCA eShop - Tactical Combat Academy\",\"description\":\"Tactical Combat Academy\",\"publisher\":{\"@id\":\"https:\/\/eshop.tca.sk\/de\/#organization\"},\"potentialAction\":[{\"@type\":\"SearchAction\",\"target\":{\"@type\":\"EntryPoint\",\"urlTemplate\":\"https:\/\/eshop.tca.sk\/de\/?s={search_term_string}\"},\"query-input\":{\"@type\":\"PropertyValueSpecification\",\"valueRequired\":true,\"valueName\":\"search_term_string\"}}],\"inLanguage\":\"de\"},{\"@type\":\"Organization\",\"@id\":\"https:\/\/eshop.tca.sk\/de\/#organization\",\"name\":\"TCA eShop - Tactical Combat Academy\",\"url\":\"https:\/\/eshop.tca.sk\/de\/\",\"logo\":{\"@type\":\"ImageObject\",\"inLanguage\":\"de\",\"@id\":\"https:\/\/eshop.tca.sk\/de\/#\/schema\/logo\/image\/\",\"url\":\"https:\/\/eshop.tca.sk\/wp-content\/uploads\/2025\/06\/logo-new-header.png\",\"contentUrl\":\"https:\/\/eshop.tca.sk\/wp-content\/uploads\/2025\/06\/logo-new-header.png\",\"width\":300,\"height\":294,\"caption\":\"TCA eShop - Tactical Combat Academy\"},\"image\":{\"@id\":\"https:\/\/eshop.tca.sk\/de\/#\/schema\/logo\/image\/\"}}]}<\/script>\n<!-- \/ Yoast SEO plugin. -->","yoast_head_json":{"title":"Black Trident Stop The Bleeding STB02 MULTICAM - TCA eShop - Tactical Combat Academy","description":"Black Trident Stop The Bleeding STB02 MULTICAM - Tourniquets sind eine unsch\u00e4tzbare Hilfe, um im Falle eines medizinischen Notfalls massiven Blutverlust an den Extremit\u00e4ten zu verhindern. Dabei ist es von entscheidender Bedeutung, dieses geniale Abbindesystem sicher und gut zug\u00e4nglich an der Ausr\u00fcstung zu befestigen.","robots":{"index":"index","follow":"follow","max-snippet":"max-snippet:-1","max-image-preview":"max-image-preview:large","max-video-preview":"max-video-preview:-1"},"canonical":"https:\/\/eshop.tca.sk\/de\/medic-de\/black-trident-stop-the-bleeding-stb02-multicam\/","og_locale":"de_DE","og_type":"article","og_title":"Black Trident Stop The Bleeding STB02 MULTICAM - TCA eShop - Tactical Combat Academy","og_description":"Black Trident Stop The Bleeding STB02 MULTICAM - Tourniquets sind eine unsch\u00e4tzbare Hilfe, um im Falle eines medizinischen Notfalls massiven Blutverlust an den Extremit\u00e4ten zu verhindern. Dabei ist es von entscheidender Bedeutung, dieses geniale Abbindesystem sicher und gut zug\u00e4nglich an der Ausr\u00fcstung zu befestigen.","og_url":"https:\/\/eshop.tca.sk\/de\/medic-de\/black-trident-stop-the-bleeding-stb02-multicam\/","og_site_name":"TCA eShop - Tactical Combat Academy","article_modified_time":"2025-11-26T15:49:34+00:00","og_image":[{"width":1000,"height":1000,"url":"https:\/\/eshop.tca.sk\/wp-content\/uploads\/2023\/04\/Black-Trident-Stop-The-Bleeding-STB02-MULTICAM-1.png","type":"image\/png"}],"twitter_card":"summary_large_image","schema":{"@context":"https:\/\/schema.org","@graph":[{"@type":"WebPage","@id":"https:\/\/eshop.tca.sk\/de\/medic-de\/black-trident-stop-the-bleeding-stb02-multicam\/","url":"https:\/\/eshop.tca.sk\/de\/medic-de\/black-trident-stop-the-bleeding-stb02-multicam\/","name":"Black Trident Stop The Bleeding STB02 MULTICAM - TCA eShop - Tactical Combat Academy","isPartOf":{"@id":"https:\/\/eshop.tca.sk\/de\/#website"},"primaryImageOfPage":{"@id":"https:\/\/eshop.tca.sk\/de\/medic-de\/black-trident-stop-the-bleeding-stb02-multicam\/#primaryimage"},"image":{"@id":"https:\/\/eshop.tca.sk\/de\/medic-de\/black-trident-stop-the-bleeding-stb02-multicam\/#primaryimage"},"thumbnailUrl":"https:\/\/eshop.tca.sk\/wp-content\/uploads\/2023\/04\/Black-Trident-Stop-The-Bleeding-STB02-MULTICAM-1.png","datePublished":"2023-04-09T09:23:30+00:00","dateModified":"2025-11-26T15:49:34+00:00","description":"Black Trident Stop The Bleeding STB02 MULTICAM - Tourniquets sind eine unsch\u00e4tzbare Hilfe, um im Falle eines medizinischen Notfalls massiven Blutverlust an den Extremit\u00e4ten zu verhindern. Dabei ist es von entscheidender Bedeutung, dieses geniale Abbindesystem sicher und gut zug\u00e4nglich an der Ausr\u00fcstung zu befestigen.","breadcrumb":{"@id":"https:\/\/eshop.tca.sk\/de\/medic-de\/black-trident-stop-the-bleeding-stb02-multicam\/#breadcrumb"},"inLanguage":"de","potentialAction":[{"@type":"ReadAction","target":["https:\/\/eshop.tca.sk\/de\/medic-de\/black-trident-stop-the-bleeding-stb02-multicam\/"]}]},{"@type":"ImageObject","inLanguage":"de","@id":"https:\/\/eshop.tca.sk\/de\/medic-de\/black-trident-stop-the-bleeding-stb02-multicam\/#primaryimage","url":"https:\/\/eshop.tca.sk\/wp-content\/uploads\/2023\/04\/Black-Trident-Stop-The-Bleeding-STB02-MULTICAM-1.png","contentUrl":"https:\/\/eshop.tca.sk\/wp-content\/uploads\/2023\/04\/Black-Trident-Stop-The-Bleeding-STB02-MULTICAM-1.png","width":1000,"height":1000},{"@type":"BreadcrumbList","@id":"https:\/\/eshop.tca.sk\/de\/medic-de\/black-trident-stop-the-bleeding-stb02-multicam\/#breadcrumb","itemListElement":[{"@type":"ListItem","position":1,"name":"Domovsk\u00e1 str\u00e1nka","item":"https:\/\/eshop.tca.sk\/de\/"},{"@type":"ListItem","position":2,"name":"Shop","item":"https:\/\/eshop.tca.sk\/de\/shop\/"},{"@type":"ListItem","position":3,"name":"Black Trident Stop The Bleeding STB02 MULTICAM"}]},{"@type":"WebSite","@id":"https:\/\/eshop.tca.sk\/de\/#website","url":"https:\/\/eshop.tca.sk\/de\/","name":"TCA eShop - Tactical Combat Academy","description":"Tactical Combat Academy","publisher":{"@id":"https:\/\/eshop.tca.sk\/de\/#organization"},"potentialAction":[{"@type":"SearchAction","target":{"@type":"EntryPoint","urlTemplate":"https:\/\/eshop.tca.sk\/de\/?s={search_term_string}"},"query-input":{"@type":"PropertyValueSpecification","valueRequired":true,"valueName":"search_term_string"}}],"inLanguage":"de"},{"@type":"Organization","@id":"https:\/\/eshop.tca.sk\/de\/#organization","name":"TCA eShop - Tactical Combat Academy","url":"https:\/\/eshop.tca.sk\/de\/","logo":{"@type":"ImageObject","inLanguage":"de","@id":"https:\/\/eshop.tca.sk\/de\/#\/schema\/logo\/image\/","url":"https:\/\/eshop.tca.sk\/wp-content\/uploads\/2025\/06\/logo-new-header.png","contentUrl":"https:\/\/eshop.tca.sk\/wp-content\/uploads\/2025\/06\/logo-new-header.png","width":300,"height":294,"caption":"TCA eShop - Tactical Combat Academy"},"image":{"@id":"https:\/\/eshop.tca.sk\/de\/#\/schema\/logo\/image\/"}}]}},"_links":{"self":[{"href":"https:\/\/eshop.tca.sk\/de\/wp-json\/wp\/v2\/product\/9175","targetHints":{"allow":["GET"]}}],"collection":[{"href":"https:\/\/eshop.tca.sk\/de\/wp-json\/wp\/v2\/product"}],"about":[{"href":"https:\/\/eshop.tca.sk\/de\/wp-json\/wp\/v2\/types\/product"}],"wp:featuredmedia":[{"embeddable":true,"href":"https:\/\/eshop.tca.sk\/de\/wp-json\/wp\/v2\/media\/8812"}],"wp:attachment":[{"href":"https:\/\/eshop.tca.sk\/de\/wp-json\/wp\/v2\/media?parent=9175"}],"wp:term":[{"taxonomy":"product_brand","embeddable":true,"href":"https:\/\/eshop.tca.sk\/de\/wp-json\/wp\/v2\/product_brand?post=9175"},{"taxonomy":"product_cat","embeddable":true,"href":"https:\/\/eshop.tca.sk\/de\/wp-json\/wp\/v2\/product_cat?post=9175"},{"taxonomy":"product_tag","embeddable":true,"href":"https:\/\/eshop.tca.sk\/de\/wp-json\/wp\/v2\/product_tag?post=9175"},{"taxonomy":"giftcard-category","embeddable":true,"href":"https:\/\/eshop.tca.sk\/de\/wp-json\/wp\/v2\/giftcard-category?post=9175"}],"curies":[{"name":"wp","href":"https:\/\/api.w.org\/{rel}","templated":true}]}}