{"id":9188,"date":"2023-04-09T17:40:25","date_gmt":"2023-04-09T15:40:25","guid":{"rendered":"https:\/\/eshop.tca.sk\/unkategorisiert\/black-trident-range-belt-coyote\/"},"modified":"2025-11-26T11:51:32","modified_gmt":"2025-11-26T10:51:32","slug":"black-trident-range-belt-coyote","status":"publish","type":"product","link":"https:\/\/eshop.tca.sk\/de\/ausruestung\/black-trident-range-belt-coyote\/","title":{"rendered":"Taktischer G\u00fcrtel Black Trident Range Belt COYOTE"},"content":{"rendered":"<h3><strong>Taktick\u00fd Opasok Black Trident Two Point Sling COYOTE<\/strong><\/h3>\n<p>Der Black Trident\u00ae Range Belt ist die ultimative L\u00f6sung wenn es um dein G\u00fcrtelsetup geht. Das Design und die Features unseres G\u00fcrtels richten sich nach den Anforderungen professioneller Anwender.<\/p>\n<h4><strong>Wie tr\u00e4gt man den Black Trident Range Belt?<\/strong><\/h4>\n<p>Range Belt sollte in Verbindung mit einem passenden <strong>Black Trident\u00ae Inner Belt Rugged<\/strong> getragen werden. Der Black Trident\u00ae Range Belt ist an der Innenseite mit Hakenklett versehen, wodurch er sich perfekt mit unserem Black Trident\u00ae Inner Belt (der mit Flauschklett ausgef\u00fchrt ist) verbinden l\u00e4sst. Der Black Trident Inner Belt wird durch die Hosenlaschen gezogen. Den Range Belt kannst du dann mit der Klettverbindung einfach dar\u00fcber aufsetzen. Durch das Einschlie\u00dfen der Hosenschlaufen zwischen den Klettfl\u00e4chen, ist der Gurt fest mit deinem K\u00f6rper verbunden und folgt deinen Bewegungen. Auch musst du Equipment nicht l\u00e4stig aus-und einschlaufen. Am Ende deines Trainings oder Einsatzes, nimmst du den Range Belt mitsamt Holster &amp; co einfach ab.<\/p>\n<h4><strong>Wie w\u00e4hle ich die Gr\u00f6\u00dfe aus?<\/strong><\/h4>\n<p>Idealerweise solltest du den Black Trident\u00ae Range Belt in der selben Gr\u00f6\u00dfe wie den Black Trident\u00ae Inner Belt w\u00e4hlen. Die nachfolgende Tabelle zeigt die verschiedenen Gr\u00f6\u00dfen und die daf\u00fcr passenden Umf\u00e4nge.<\/p>\n<table width=\"543\">\n<tbody>\n<tr>\n<td><strong>XXS<\/strong><\/td>\n<td><strong>XS<\/strong><\/td>\n<td><strong>S<\/strong><\/td>\n<td><strong>M<\/strong><\/td>\n<td><strong>L<\/strong><\/td>\n<td><strong>XL<\/strong><\/td>\n<td><strong>XXL<\/strong><\/td>\n<td><strong>XXL<\/strong><\/td>\n<\/tr>\n<tr>\n<td><strong>80-90<\/strong><\/td>\n<td><strong>85-95<\/strong><\/td>\n<td><strong>90-100<\/strong><\/td>\n<td><strong>95-105<\/strong><\/td>\n<td><strong>100-110<\/strong><\/td>\n<td><strong>105-115<\/strong><\/td>\n<td><strong>110-120<\/strong><\/td>\n<td><strong>115-125<\/strong><\/td>\n<\/tr>\n<tr>\n<td>80<\/td>\n<td>86<\/td>\n<td>91<\/td>\n<td>96<\/td>\n<td>101<\/td>\n<td>106<\/td>\n<td>111<\/td>\n<td>116<\/td>\n<\/tr>\n<tr>\n<td>81<\/td>\n<td>87<\/td>\n<td>92<\/td>\n<td>97<\/td>\n<td>102<\/td>\n<td>107<\/td>\n<td>112<\/td>\n<td>117<\/td>\n<\/tr>\n<tr>\n<td>82<\/td>\n<td>88<\/td>\n<td>93<\/td>\n<td>98<\/td>\n<td>103<\/td>\n<td>108<\/td>\n<td>113<\/td>\n<td>118<\/td>\n<\/tr>\n<tr>\n<td>83<\/td>\n<td>89<\/td>\n<td>94<\/td>\n<td>99<\/td>\n<td>104<\/td>\n<td>109<\/td>\n<td>114<\/td>\n<td>119<\/td>\n<\/tr>\n<tr>\n<td>84<\/td>\n<td>90<\/td>\n<td>95<\/td>\n<td>100<\/td>\n<td>105<\/td>\n<td>110<\/td>\n<td>115<\/td>\n<td>120<\/td>\n<\/tr>\n<tr>\n<td>85<\/td>\n<td><\/td>\n<td><\/td>\n<td><\/td>\n<td><\/td>\n<td><\/td>\n<td><\/td>\n<td><\/td>\n<\/tr>\n<\/tbody>\n<\/table>\n<h4><strong>Eigenschaften::<\/strong><\/h4>\n<ul>\n<li>Original ANSI D-Ring Cobra\u00ae Pro Style Buckel in Schwarz mit verbautem mattschwarzem D-Ring<\/li>\n<li>Grosse Clips die das \u00d6ffnen der Cobra\u00ae Schnalle mit Handschuhen erleichtern<\/li>\n<li>3 Verschiedenen Gurtb\u00e4nder zur richtigen Montage f\u00fcr Taschen, etc<\/li>\n<li>2,5cm Molle Abstand<\/li>\n<li>Versteiftes Gurtband<\/li>\n<li>Lizensierte MultiCam\u00ae Stoffe<\/li>\n<li>45mm Breite<\/li>\n<\/ul>\n<p>&nbsp;<\/p>\n<p><iframe loading=\"lazy\" title=\"Black Trident\u00a9 Range Belt\" width=\"1170\" height=\"658\" src=\"https:\/\/www.youtube.com\/embed\/N0wXEGLzKT8?feature=oembed\" frameborder=\"0\" allow=\"accelerometer; autoplay; clipboard-write; encrypted-media; gyroscope; picture-in-picture; web-share\" allowfullscreen><\/iframe><\/p>\n<p>&nbsp;<\/p>\n","protected":false},"excerpt":{"rendered":"<p><img loading=\"lazy\" decoding=\"async\" class=\"alignnone wp-image-8549\" src=\"https:\/\/eshop.tca.sk\/wp-content\/uploads\/2023\/04\/logo-black-trident.png\" alt=\"\" width=\"179\" height=\"33\" srcset=\"https:\/\/eshop.tca.sk\/wp-content\/uploads\/2023\/04\/logo-black-trident.png 4749w, https:\/\/eshop.tca.sk\/wp-content\/uploads\/2023\/04\/logo-black-trident-300x55.png 300w, https:\/\/eshop.tca.sk\/wp-content\/uploads\/2023\/04\/logo-black-trident-768x142.png 768w, https:\/\/eshop.tca.sk\/wp-content\/uploads\/2023\/04\/logo-black-trident-600x111.png 600w\" sizes=\"auto, (max-width: 179px) 100vw, 179px\" \/><\/p>\n<p>Der Black Trident\u00ae Range Belt ist die ultimative L\u00f6sung wenn es um dein G\u00fcrtelsetup geht. Das Design und die Features unseres G\u00fcrtels richten sich nach den Anforderungen professioneller Anwender.<\/p>\n<p><img loading=\"lazy\" decoding=\"async\" class=\"wp-image-8564 alignnone\" src=\"https:\/\/eshop.tca.sk\/wp-content\/uploads\/2023\/04\/Logo-Whack-Black-White-R-APPROVED.png\" alt=\"\" width=\"138\" height=\"75\" srcset=\"https:\/\/eshop.tca.sk\/wp-content\/uploads\/2023\/04\/Logo-Whack-Black-White-R-APPROVED.png 571w, https:\/\/eshop.tca.sk\/wp-content\/uploads\/2023\/04\/Logo-Whack-Black-White-R-APPROVED-300x163.png 300w\" sizes=\"auto, (max-width: 138px) 100vw, 138px\" \/><\/p>\n<p>Vom <strong>TCA<\/strong> und dem <strong>WHACK<\/strong>-System verwendete und empfohlene Equipment.<\/p>\n","protected":false},"featured_media":8937,"template":"","meta":{"inline_featured_image":false},"product_brand":[],"product_cat":[323,324],"product_tag":[477],"giftcard-category":[],"class_list":{"0":"post-9188","1":"product","2":"type-product","3":"status-publish","4":"has-post-thumbnail","6":"product_cat-ausruestung","7":"product_cat-guertel","8":"product_tag-black-trident-de","10":"first","11":"instock","12":"taxable","13":"shipping-taxable","14":"purchasable","15":"product-type-variable"},"yoast_head":"<!-- This site is optimized with the Yoast SEO plugin v26.4 - https:\/\/yoast.com\/wordpress\/plugins\/seo\/ -->\n<title>Taktischer G\u00fcrtel Black Trident Range Belt COYOTE - TCA eShop - Tactical Combat Academy<\/title>\n<meta name=\"description\" content=\"Black Trident Range Belt COYOTE - Der Black Trident\u00ae Range Belt ist die ultimative L\u00f6sung wenn es um dein G\u00fcrtelsetup geht. Das Design und die Features unseres G\u00fcrtels richten sich nach den Anforderungen professioneller Anwender.\" \/>\n<meta name=\"robots\" content=\"index, follow, max-snippet:-1, max-image-preview:large, max-video-preview:-1\" \/>\n<link rel=\"canonical\" href=\"https:\/\/eshop.tca.sk\/de\/ausruestung\/black-trident-range-belt-coyote\/\" \/>\n<meta property=\"og:locale\" content=\"de_DE\" \/>\n<meta property=\"og:type\" content=\"article\" \/>\n<meta property=\"og:title\" content=\"Taktischer G\u00fcrtel Black Trident Range Belt COYOTE - TCA eShop - Tactical Combat Academy\" \/>\n<meta property=\"og:description\" content=\"Black Trident Range Belt COYOTE - Der Black Trident\u00ae Range Belt ist die ultimative L\u00f6sung wenn es um dein G\u00fcrtelsetup geht. Das Design und die Features unseres G\u00fcrtels richten sich nach den Anforderungen professioneller Anwender.\" \/>\n<meta property=\"og:url\" content=\"https:\/\/eshop.tca.sk\/de\/ausruestung\/black-trident-range-belt-coyote\/\" \/>\n<meta property=\"og:site_name\" content=\"TCA eShop - Tactical Combat Academy\" \/>\n<meta property=\"article:modified_time\" content=\"2025-11-26T10:51:32+00:00\" \/>\n<meta property=\"og:image\" content=\"https:\/\/eshop.tca.sk\/wp-content\/uploads\/2023\/04\/Black-Trident-Range-Belt-COYOTE.png\" \/>\n\t<meta property=\"og:image:width\" content=\"1000\" \/>\n\t<meta property=\"og:image:height\" content=\"1000\" \/>\n\t<meta property=\"og:image:type\" content=\"image\/png\" \/>\n<meta name=\"twitter:card\" content=\"summary_large_image\" \/>\n<script type=\"application\/ld+json\" class=\"yoast-schema-graph\">{\"@context\":\"https:\/\/schema.org\",\"@graph\":[{\"@type\":\"WebPage\",\"@id\":\"https:\/\/eshop.tca.sk\/de\/ausruestung\/black-trident-range-belt-coyote\/\",\"url\":\"https:\/\/eshop.tca.sk\/de\/ausruestung\/black-trident-range-belt-coyote\/\",\"name\":\"Taktischer G\u00fcrtel Black Trident Range Belt COYOTE - TCA eShop - Tactical Combat Academy\",\"isPartOf\":{\"@id\":\"https:\/\/eshop.tca.sk\/de\/#website\"},\"primaryImageOfPage\":{\"@id\":\"https:\/\/eshop.tca.sk\/de\/ausruestung\/black-trident-range-belt-coyote\/#primaryimage\"},\"image\":{\"@id\":\"https:\/\/eshop.tca.sk\/de\/ausruestung\/black-trident-range-belt-coyote\/#primaryimage\"},\"thumbnailUrl\":\"https:\/\/eshop.tca.sk\/wp-content\/uploads\/2023\/04\/Black-Trident-Range-Belt-COYOTE.png\",\"datePublished\":\"2023-04-09T15:40:25+00:00\",\"dateModified\":\"2025-11-26T10:51:32+00:00\",\"description\":\"Black Trident Range Belt COYOTE - Der Black Trident\u00ae Range Belt ist die ultimative L\u00f6sung wenn es um dein G\u00fcrtelsetup geht. Das Design und die Features unseres G\u00fcrtels richten sich nach den Anforderungen professioneller Anwender.\",\"breadcrumb\":{\"@id\":\"https:\/\/eshop.tca.sk\/de\/ausruestung\/black-trident-range-belt-coyote\/#breadcrumb\"},\"inLanguage\":\"de\",\"potentialAction\":[{\"@type\":\"ReadAction\",\"target\":[\"https:\/\/eshop.tca.sk\/de\/ausruestung\/black-trident-range-belt-coyote\/\"]}]},{\"@type\":\"ImageObject\",\"inLanguage\":\"de\",\"@id\":\"https:\/\/eshop.tca.sk\/de\/ausruestung\/black-trident-range-belt-coyote\/#primaryimage\",\"url\":\"https:\/\/eshop.tca.sk\/wp-content\/uploads\/2023\/04\/Black-Trident-Range-Belt-COYOTE.png\",\"contentUrl\":\"https:\/\/eshop.tca.sk\/wp-content\/uploads\/2023\/04\/Black-Trident-Range-Belt-COYOTE.png\",\"width\":1000,\"height\":1000},{\"@type\":\"BreadcrumbList\",\"@id\":\"https:\/\/eshop.tca.sk\/de\/ausruestung\/black-trident-range-belt-coyote\/#breadcrumb\",\"itemListElement\":[{\"@type\":\"ListItem\",\"position\":1,\"name\":\"Domovsk\u00e1 str\u00e1nka\",\"item\":\"https:\/\/eshop.tca.sk\/de\/\"},{\"@type\":\"ListItem\",\"position\":2,\"name\":\"Shop\",\"item\":\"https:\/\/eshop.tca.sk\/de\/shop\/\"},{\"@type\":\"ListItem\",\"position\":3,\"name\":\"Taktischer G\u00fcrtel Black Trident Range Belt COYOTE\"}]},{\"@type\":\"WebSite\",\"@id\":\"https:\/\/eshop.tca.sk\/de\/#website\",\"url\":\"https:\/\/eshop.tca.sk\/de\/\",\"name\":\"TCA eShop - Tactical Combat Academy\",\"description\":\"Tactical Combat Academy\",\"publisher\":{\"@id\":\"https:\/\/eshop.tca.sk\/de\/#organization\"},\"potentialAction\":[{\"@type\":\"SearchAction\",\"target\":{\"@type\":\"EntryPoint\",\"urlTemplate\":\"https:\/\/eshop.tca.sk\/de\/?s={search_term_string}\"},\"query-input\":{\"@type\":\"PropertyValueSpecification\",\"valueRequired\":true,\"valueName\":\"search_term_string\"}}],\"inLanguage\":\"de\"},{\"@type\":\"Organization\",\"@id\":\"https:\/\/eshop.tca.sk\/de\/#organization\",\"name\":\"TCA eShop - Tactical Combat Academy\",\"url\":\"https:\/\/eshop.tca.sk\/de\/\",\"logo\":{\"@type\":\"ImageObject\",\"inLanguage\":\"de\",\"@id\":\"https:\/\/eshop.tca.sk\/de\/#\/schema\/logo\/image\/\",\"url\":\"https:\/\/eshop.tca.sk\/wp-content\/uploads\/2025\/06\/logo-new-header.png\",\"contentUrl\":\"https:\/\/eshop.tca.sk\/wp-content\/uploads\/2025\/06\/logo-new-header.png\",\"width\":300,\"height\":294,\"caption\":\"TCA eShop - Tactical Combat Academy\"},\"image\":{\"@id\":\"https:\/\/eshop.tca.sk\/de\/#\/schema\/logo\/image\/\"}}]}<\/script>\n<!-- \/ Yoast SEO plugin. -->","yoast_head_json":{"title":"Taktischer G\u00fcrtel Black Trident Range Belt COYOTE - TCA eShop - Tactical Combat Academy","description":"Black Trident Range Belt COYOTE - Der Black Trident\u00ae Range Belt ist die ultimative L\u00f6sung wenn es um dein G\u00fcrtelsetup geht. Das Design und die Features unseres G\u00fcrtels richten sich nach den Anforderungen professioneller Anwender.","robots":{"index":"index","follow":"follow","max-snippet":"max-snippet:-1","max-image-preview":"max-image-preview:large","max-video-preview":"max-video-preview:-1"},"canonical":"https:\/\/eshop.tca.sk\/de\/ausruestung\/black-trident-range-belt-coyote\/","og_locale":"de_DE","og_type":"article","og_title":"Taktischer G\u00fcrtel Black Trident Range Belt COYOTE - TCA eShop - Tactical Combat Academy","og_description":"Black Trident Range Belt COYOTE - Der Black Trident\u00ae Range Belt ist die ultimative L\u00f6sung wenn es um dein G\u00fcrtelsetup geht. Das Design und die Features unseres G\u00fcrtels richten sich nach den Anforderungen professioneller Anwender.","og_url":"https:\/\/eshop.tca.sk\/de\/ausruestung\/black-trident-range-belt-coyote\/","og_site_name":"TCA eShop - Tactical Combat Academy","article_modified_time":"2025-11-26T10:51:32+00:00","og_image":[{"width":1000,"height":1000,"url":"https:\/\/eshop.tca.sk\/wp-content\/uploads\/2023\/04\/Black-Trident-Range-Belt-COYOTE.png","type":"image\/png"}],"twitter_card":"summary_large_image","schema":{"@context":"https:\/\/schema.org","@graph":[{"@type":"WebPage","@id":"https:\/\/eshop.tca.sk\/de\/ausruestung\/black-trident-range-belt-coyote\/","url":"https:\/\/eshop.tca.sk\/de\/ausruestung\/black-trident-range-belt-coyote\/","name":"Taktischer G\u00fcrtel Black Trident Range Belt COYOTE - TCA eShop - Tactical Combat Academy","isPartOf":{"@id":"https:\/\/eshop.tca.sk\/de\/#website"},"primaryImageOfPage":{"@id":"https:\/\/eshop.tca.sk\/de\/ausruestung\/black-trident-range-belt-coyote\/#primaryimage"},"image":{"@id":"https:\/\/eshop.tca.sk\/de\/ausruestung\/black-trident-range-belt-coyote\/#primaryimage"},"thumbnailUrl":"https:\/\/eshop.tca.sk\/wp-content\/uploads\/2023\/04\/Black-Trident-Range-Belt-COYOTE.png","datePublished":"2023-04-09T15:40:25+00:00","dateModified":"2025-11-26T10:51:32+00:00","description":"Black Trident Range Belt COYOTE - Der Black Trident\u00ae Range Belt ist die ultimative L\u00f6sung wenn es um dein G\u00fcrtelsetup geht. Das Design und die Features unseres G\u00fcrtels richten sich nach den Anforderungen professioneller Anwender.","breadcrumb":{"@id":"https:\/\/eshop.tca.sk\/de\/ausruestung\/black-trident-range-belt-coyote\/#breadcrumb"},"inLanguage":"de","potentialAction":[{"@type":"ReadAction","target":["https:\/\/eshop.tca.sk\/de\/ausruestung\/black-trident-range-belt-coyote\/"]}]},{"@type":"ImageObject","inLanguage":"de","@id":"https:\/\/eshop.tca.sk\/de\/ausruestung\/black-trident-range-belt-coyote\/#primaryimage","url":"https:\/\/eshop.tca.sk\/wp-content\/uploads\/2023\/04\/Black-Trident-Range-Belt-COYOTE.png","contentUrl":"https:\/\/eshop.tca.sk\/wp-content\/uploads\/2023\/04\/Black-Trident-Range-Belt-COYOTE.png","width":1000,"height":1000},{"@type":"BreadcrumbList","@id":"https:\/\/eshop.tca.sk\/de\/ausruestung\/black-trident-range-belt-coyote\/#breadcrumb","itemListElement":[{"@type":"ListItem","position":1,"name":"Domovsk\u00e1 str\u00e1nka","item":"https:\/\/eshop.tca.sk\/de\/"},{"@type":"ListItem","position":2,"name":"Shop","item":"https:\/\/eshop.tca.sk\/de\/shop\/"},{"@type":"ListItem","position":3,"name":"Taktischer G\u00fcrtel Black Trident Range Belt COYOTE"}]},{"@type":"WebSite","@id":"https:\/\/eshop.tca.sk\/de\/#website","url":"https:\/\/eshop.tca.sk\/de\/","name":"TCA eShop - Tactical Combat Academy","description":"Tactical Combat Academy","publisher":{"@id":"https:\/\/eshop.tca.sk\/de\/#organization"},"potentialAction":[{"@type":"SearchAction","target":{"@type":"EntryPoint","urlTemplate":"https:\/\/eshop.tca.sk\/de\/?s={search_term_string}"},"query-input":{"@type":"PropertyValueSpecification","valueRequired":true,"valueName":"search_term_string"}}],"inLanguage":"de"},{"@type":"Organization","@id":"https:\/\/eshop.tca.sk\/de\/#organization","name":"TCA eShop - Tactical Combat Academy","url":"https:\/\/eshop.tca.sk\/de\/","logo":{"@type":"ImageObject","inLanguage":"de","@id":"https:\/\/eshop.tca.sk\/de\/#\/schema\/logo\/image\/","url":"https:\/\/eshop.tca.sk\/wp-content\/uploads\/2025\/06\/logo-new-header.png","contentUrl":"https:\/\/eshop.tca.sk\/wp-content\/uploads\/2025\/06\/logo-new-header.png","width":300,"height":294,"caption":"TCA eShop - Tactical Combat Academy"},"image":{"@id":"https:\/\/eshop.tca.sk\/de\/#\/schema\/logo\/image\/"}}]}},"_links":{"self":[{"href":"https:\/\/eshop.tca.sk\/de\/wp-json\/wp\/v2\/product\/9188","targetHints":{"allow":["GET"]}}],"collection":[{"href":"https:\/\/eshop.tca.sk\/de\/wp-json\/wp\/v2\/product"}],"about":[{"href":"https:\/\/eshop.tca.sk\/de\/wp-json\/wp\/v2\/types\/product"}],"wp:featuredmedia":[{"embeddable":true,"href":"https:\/\/eshop.tca.sk\/de\/wp-json\/wp\/v2\/media\/8937"}],"wp:attachment":[{"href":"https:\/\/eshop.tca.sk\/de\/wp-json\/wp\/v2\/media?parent=9188"}],"wp:term":[{"taxonomy":"product_brand","embeddable":true,"href":"https:\/\/eshop.tca.sk\/de\/wp-json\/wp\/v2\/product_brand?post=9188"},{"taxonomy":"product_cat","embeddable":true,"href":"https:\/\/eshop.tca.sk\/de\/wp-json\/wp\/v2\/product_cat?post=9188"},{"taxonomy":"product_tag","embeddable":true,"href":"https:\/\/eshop.tca.sk\/de\/wp-json\/wp\/v2\/product_tag?post=9188"},{"taxonomy":"giftcard-category","embeddable":true,"href":"https:\/\/eshop.tca.sk\/de\/wp-json\/wp\/v2\/giftcard-category?post=9188"}],"curies":[{"name":"wp","href":"https:\/\/api.w.org\/{rel}","templated":true}]}}