{"id":9285,"date":"2023-04-19T16:42:55","date_gmt":"2023-04-19T14:42:55","guid":{"rendered":"https:\/\/eshop.tca.sk\/?post_type=product&#038;p=9285"},"modified":"2025-11-26T11:55:38","modified_gmt":"2025-11-26T10:55:38","slug":"black-trident-tfc-kit-tropic","status":"publish","type":"product","link":"https:\/\/eshop.tca.sk\/de\/medic-de\/black-trident-tfc-kit-tropic\/","title":{"rendered":"IFAK Black Trident IFAK TFC Kit MultiCam Tropic"},"content":{"rendered":"<h3><strong>IFAK Black Trident IFAK TFC Kit MultiCam Tropic<\/strong><\/h3>\n<p>Das Black Trident\u00ae IFAK TFC Kit ist f\u00fcr eine Vielzahl von lebensrettenden medizinischen Ger\u00e4ten geeignet. Nicht nur die Anzahl, sondern auch in der Variation an Medizinprodukten die das Black Trident\u00ae TFC Kit aufnehmen kann, machen es einzigartig. All das in einem dem Inhalt anpassbaren kompakten Au\u00dfenma\u00df wie kein anderes Produkt.<\/p>\n<p>Mach keine halben Sachen wenn es um dein Leben geht!<\/p>\n<h4><strong>Das Black Trident\u00ae TFC Kit besteht aus zwei separat erh\u00e4ltichen Komponenten:<\/strong><\/h4>\n<p>1. Einer Au\u00dfenh\u00fclle, die an der Ausr\u00fcstung befestigt wird und<br \/>\n2. einem Innenteil, welcher deine Medizinprodukte aufnimmt<\/p>\n<h4><strong>Rascher Zugriff auf dein IFAK:<\/strong><\/h4>\n<ul>\n<li>Rascher Zugriff auf dein IFAK<\/li>\n<li>Beim Black Trident\u00ae TFC Kit handelt es sich um ein zwei Taschen System.<\/li>\n<li>Die Innentasche wird \u00fcber ein breites Gurtband, durch Zug, aus der Au\u00dfenh\u00fclle bef\u00f6rdert.<\/li>\n<li>Au\u00dfenh\u00fclle. Die Zugschlaufe kann zur besseren Sichtbarkeit optional farblich (im Lieferumfang: Rot) gekennzeichnet werden.<br \/>\n(Teil der Lieferung: rot) f\u00fcr bessere Sichtbarkeit.<\/li>\n<\/ul>\n<h4><strong>Eigenschaften::<\/strong><\/h4>\n<ul>\n<li>Variable Anpassung der Gr\u00f6\u00dfe an den Inhalt<\/li>\n<li>Faltenfreie Aufnahme von mind. 2 Chest Seals<\/li>\n<li>\u201ePatiens Lanyard\u201c zur Sicherung der Innentasche am Patienten bei Abtransport<\/li>\n<li>Molle Montage Horizontal\/Vertikal<\/li>\n<li>mit Klettfl\u00e4chen versehene 45mm Gurtband G\u00fcrtelschlaufen f\u00fcr die positionssichere Montage am Range Belt<\/li>\n<li>F\u00fcr Links- und Rechtsh\u00e4nder geeignet<\/li>\n<li>Flauschklettfl\u00e4che an der Au\u00dfenh\u00fclle f\u00fcr Patches (Blutgruppe, Einheit, etc.)<\/li>\n<li>zus\u00e4tzliche Montagepunkte an der Au\u00dfenh\u00fclle f\u00fcr weitere Erste Hilfe Mittel(z.B. Tourniquet, Knicklicht, Markierstifte, etc)<\/li>\n<li>Hergestellt aus 500D Cordura<\/li>\n<li>Au\u00dfenh\u00fclle erh\u00e4ltlich in verschiedenen Farben, passend zu deiner Ausr\u00fcstung<\/li>\n<li>H\u00f6he: 11cm \/ Breite: 20cm \/ Tiefe: 6cm<\/li>\n<\/ul>\n<p>&nbsp;<\/p>\n<p><iframe loading=\"lazy\" title=\"Tactical Field Care Kit f\u00fcr dein IFAK\" width=\"1170\" height=\"658\" src=\"https:\/\/www.youtube.com\/embed\/7B6rqzTYjO0?feature=oembed\" frameborder=\"0\" allow=\"accelerometer; autoplay; clipboard-write; encrypted-media; gyroscope; picture-in-picture; web-share\" allowfullscreen><\/iframe><\/p>\n<p>&nbsp;<\/p>\n","protected":false},"excerpt":{"rendered":"<p><img loading=\"lazy\" decoding=\"async\" class=\"alignnone wp-image-8549\" src=\"https:\/\/eshop.tca.sk\/wp-content\/uploads\/2023\/04\/logo-black-trident.png\" alt=\"\" width=\"179\" height=\"33\" srcset=\"https:\/\/eshop.tca.sk\/wp-content\/uploads\/2023\/04\/logo-black-trident.png 4749w, https:\/\/eshop.tca.sk\/wp-content\/uploads\/2023\/04\/logo-black-trident-300x55.png 300w, https:\/\/eshop.tca.sk\/wp-content\/uploads\/2023\/04\/logo-black-trident-768x142.png 768w, https:\/\/eshop.tca.sk\/wp-content\/uploads\/2023\/04\/logo-black-trident-600x111.png 600w\" sizes=\"auto, (max-width: 179px) 100vw, 179px\" \/><\/p>\n<p>Das Black Trident\u00ae IFAK TFC Kit ist f\u00fcr eine Vielzahl von lebensrettenden medizinischen Ger\u00e4ten geeignet.<\/p>\n<p><img loading=\"lazy\" decoding=\"async\" class=\"wp-image-8564 alignnone\" src=\"https:\/\/eshop.tca.sk\/wp-content\/uploads\/2023\/04\/Logo-Whack-Black-White-R-APPROVED.png\" alt=\"\" width=\"138\" height=\"75\" srcset=\"https:\/\/eshop.tca.sk\/wp-content\/uploads\/2023\/04\/Logo-Whack-Black-White-R-APPROVED.png 571w, https:\/\/eshop.tca.sk\/wp-content\/uploads\/2023\/04\/Logo-Whack-Black-White-R-APPROVED-300x163.png 300w\" sizes=\"auto, (max-width: 138px) 100vw, 138px\" \/><\/p>\n<p>Vom <strong>TCA<\/strong> und dem <strong>WHACK<\/strong>-System verwendete und empfohlene Equipment.<\/p>\n","protected":false},"featured_media":9293,"template":"","meta":{"inline_featured_image":false},"product_brand":[],"product_cat":[468],"product_tag":[477],"giftcard-category":[],"class_list":{"0":"post-9285","1":"product","2":"type-product","3":"status-publish","4":"has-post-thumbnail","6":"product_cat-medic-de","7":"product_tag-black-trident-de","9":"first","10":"instock","11":"taxable","12":"shipping-taxable","13":"purchasable","14":"product-type-simple"},"yoast_head":"<!-- This site is optimized with the Yoast SEO plugin v26.4 - https:\/\/yoast.com\/wordpress\/plugins\/seo\/ -->\n<title>IFAK Black Trident IFAK TFC Kit MultiCam Tropic - TCA eShop - Tactical Combat Academy<\/title>\n<meta name=\"description\" content=\"Black Trident IFAK TFC Kit MultiCam Tropic - Das Black Trident\u00ae TFC KIT ist f\u00fcr eine Vielzahl von lebensrettenden medizinischen Ger\u00e4ten ausgelegt.\" \/>\n<meta name=\"robots\" content=\"index, follow, max-snippet:-1, max-image-preview:large, max-video-preview:-1\" \/>\n<link rel=\"canonical\" href=\"https:\/\/eshop.tca.sk\/de\/medic-de\/black-trident-tfc-kit-tropic\/\" \/>\n<meta property=\"og:locale\" content=\"de_DE\" \/>\n<meta property=\"og:type\" content=\"article\" \/>\n<meta property=\"og:title\" content=\"IFAK Black Trident IFAK TFC Kit MultiCam Tropic - TCA eShop - Tactical Combat Academy\" \/>\n<meta property=\"og:description\" content=\"Black Trident IFAK TFC Kit MultiCam Tropic - Das Black Trident\u00ae TFC KIT ist f\u00fcr eine Vielzahl von lebensrettenden medizinischen Ger\u00e4ten ausgelegt.\" \/>\n<meta property=\"og:url\" content=\"https:\/\/eshop.tca.sk\/de\/medic-de\/black-trident-tfc-kit-tropic\/\" \/>\n<meta property=\"og:site_name\" content=\"TCA eShop - Tactical Combat Academy\" \/>\n<meta property=\"article:modified_time\" content=\"2025-11-26T10:55:38+00:00\" \/>\n<meta property=\"og:image\" content=\"https:\/\/eshop.tca.sk\/wp-content\/uploads\/2023\/04\/Black-Trident-TFC-Kit-TROPIC-a.png\" \/>\n\t<meta property=\"og:image:width\" content=\"1000\" \/>\n\t<meta property=\"og:image:height\" content=\"1000\" \/>\n\t<meta property=\"og:image:type\" content=\"image\/png\" \/>\n<meta name=\"twitter:card\" content=\"summary_large_image\" \/>\n<script type=\"application\/ld+json\" class=\"yoast-schema-graph\">{\"@context\":\"https:\/\/schema.org\",\"@graph\":[{\"@type\":\"WebPage\",\"@id\":\"https:\/\/eshop.tca.sk\/de\/medic-de\/black-trident-tfc-kit-tropic\/\",\"url\":\"https:\/\/eshop.tca.sk\/de\/medic-de\/black-trident-tfc-kit-tropic\/\",\"name\":\"IFAK Black Trident IFAK TFC Kit MultiCam Tropic - TCA eShop - Tactical Combat Academy\",\"isPartOf\":{\"@id\":\"https:\/\/eshop.tca.sk\/de\/#website\"},\"primaryImageOfPage\":{\"@id\":\"https:\/\/eshop.tca.sk\/de\/medic-de\/black-trident-tfc-kit-tropic\/#primaryimage\"},\"image\":{\"@id\":\"https:\/\/eshop.tca.sk\/de\/medic-de\/black-trident-tfc-kit-tropic\/#primaryimage\"},\"thumbnailUrl\":\"https:\/\/eshop.tca.sk\/wp-content\/uploads\/2023\/04\/Black-Trident-TFC-Kit-TROPIC-a.png\",\"datePublished\":\"2023-04-19T14:42:55+00:00\",\"dateModified\":\"2025-11-26T10:55:38+00:00\",\"description\":\"Black Trident IFAK TFC Kit MultiCam Tropic - Das Black Trident\u00ae TFC KIT ist f\u00fcr eine Vielzahl von lebensrettenden medizinischen Ger\u00e4ten ausgelegt.\",\"breadcrumb\":{\"@id\":\"https:\/\/eshop.tca.sk\/de\/medic-de\/black-trident-tfc-kit-tropic\/#breadcrumb\"},\"inLanguage\":\"de\",\"potentialAction\":[{\"@type\":\"ReadAction\",\"target\":[\"https:\/\/eshop.tca.sk\/de\/medic-de\/black-trident-tfc-kit-tropic\/\"]}]},{\"@type\":\"ImageObject\",\"inLanguage\":\"de\",\"@id\":\"https:\/\/eshop.tca.sk\/de\/medic-de\/black-trident-tfc-kit-tropic\/#primaryimage\",\"url\":\"https:\/\/eshop.tca.sk\/wp-content\/uploads\/2023\/04\/Black-Trident-TFC-Kit-TROPIC-a.png\",\"contentUrl\":\"https:\/\/eshop.tca.sk\/wp-content\/uploads\/2023\/04\/Black-Trident-TFC-Kit-TROPIC-a.png\",\"width\":1000,\"height\":1000},{\"@type\":\"BreadcrumbList\",\"@id\":\"https:\/\/eshop.tca.sk\/de\/medic-de\/black-trident-tfc-kit-tropic\/#breadcrumb\",\"itemListElement\":[{\"@type\":\"ListItem\",\"position\":1,\"name\":\"Domovsk\u00e1 str\u00e1nka\",\"item\":\"https:\/\/eshop.tca.sk\/de\/\"},{\"@type\":\"ListItem\",\"position\":2,\"name\":\"Shop\",\"item\":\"https:\/\/eshop.tca.sk\/de\/shop\/\"},{\"@type\":\"ListItem\",\"position\":3,\"name\":\"IFAK Black Trident IFAK TFC Kit MultiCam Tropic\"}]},{\"@type\":\"WebSite\",\"@id\":\"https:\/\/eshop.tca.sk\/de\/#website\",\"url\":\"https:\/\/eshop.tca.sk\/de\/\",\"name\":\"TCA eShop - Tactical Combat Academy\",\"description\":\"Tactical Combat Academy\",\"publisher\":{\"@id\":\"https:\/\/eshop.tca.sk\/de\/#organization\"},\"potentialAction\":[{\"@type\":\"SearchAction\",\"target\":{\"@type\":\"EntryPoint\",\"urlTemplate\":\"https:\/\/eshop.tca.sk\/de\/?s={search_term_string}\"},\"query-input\":{\"@type\":\"PropertyValueSpecification\",\"valueRequired\":true,\"valueName\":\"search_term_string\"}}],\"inLanguage\":\"de\"},{\"@type\":\"Organization\",\"@id\":\"https:\/\/eshop.tca.sk\/de\/#organization\",\"name\":\"TCA eShop - Tactical Combat Academy\",\"url\":\"https:\/\/eshop.tca.sk\/de\/\",\"logo\":{\"@type\":\"ImageObject\",\"inLanguage\":\"de\",\"@id\":\"https:\/\/eshop.tca.sk\/de\/#\/schema\/logo\/image\/\",\"url\":\"https:\/\/eshop.tca.sk\/wp-content\/uploads\/2025\/06\/logo-new-header.png\",\"contentUrl\":\"https:\/\/eshop.tca.sk\/wp-content\/uploads\/2025\/06\/logo-new-header.png\",\"width\":300,\"height\":294,\"caption\":\"TCA eShop - Tactical Combat Academy\"},\"image\":{\"@id\":\"https:\/\/eshop.tca.sk\/de\/#\/schema\/logo\/image\/\"}}]}<\/script>\n<!-- \/ Yoast SEO plugin. -->","yoast_head_json":{"title":"IFAK Black Trident IFAK TFC Kit MultiCam Tropic - TCA eShop - Tactical Combat Academy","description":"Black Trident IFAK TFC Kit MultiCam Tropic - Das Black Trident\u00ae TFC KIT ist f\u00fcr eine Vielzahl von lebensrettenden medizinischen Ger\u00e4ten ausgelegt.","robots":{"index":"index","follow":"follow","max-snippet":"max-snippet:-1","max-image-preview":"max-image-preview:large","max-video-preview":"max-video-preview:-1"},"canonical":"https:\/\/eshop.tca.sk\/de\/medic-de\/black-trident-tfc-kit-tropic\/","og_locale":"de_DE","og_type":"article","og_title":"IFAK Black Trident IFAK TFC Kit MultiCam Tropic - TCA eShop - Tactical Combat Academy","og_description":"Black Trident IFAK TFC Kit MultiCam Tropic - Das Black Trident\u00ae TFC KIT ist f\u00fcr eine Vielzahl von lebensrettenden medizinischen Ger\u00e4ten ausgelegt.","og_url":"https:\/\/eshop.tca.sk\/de\/medic-de\/black-trident-tfc-kit-tropic\/","og_site_name":"TCA eShop - Tactical Combat Academy","article_modified_time":"2025-11-26T10:55:38+00:00","og_image":[{"width":1000,"height":1000,"url":"https:\/\/eshop.tca.sk\/wp-content\/uploads\/2023\/04\/Black-Trident-TFC-Kit-TROPIC-a.png","type":"image\/png"}],"twitter_card":"summary_large_image","schema":{"@context":"https:\/\/schema.org","@graph":[{"@type":"WebPage","@id":"https:\/\/eshop.tca.sk\/de\/medic-de\/black-trident-tfc-kit-tropic\/","url":"https:\/\/eshop.tca.sk\/de\/medic-de\/black-trident-tfc-kit-tropic\/","name":"IFAK Black Trident IFAK TFC Kit MultiCam Tropic - TCA eShop - Tactical Combat Academy","isPartOf":{"@id":"https:\/\/eshop.tca.sk\/de\/#website"},"primaryImageOfPage":{"@id":"https:\/\/eshop.tca.sk\/de\/medic-de\/black-trident-tfc-kit-tropic\/#primaryimage"},"image":{"@id":"https:\/\/eshop.tca.sk\/de\/medic-de\/black-trident-tfc-kit-tropic\/#primaryimage"},"thumbnailUrl":"https:\/\/eshop.tca.sk\/wp-content\/uploads\/2023\/04\/Black-Trident-TFC-Kit-TROPIC-a.png","datePublished":"2023-04-19T14:42:55+00:00","dateModified":"2025-11-26T10:55:38+00:00","description":"Black Trident IFAK TFC Kit MultiCam Tropic - Das Black Trident\u00ae TFC KIT ist f\u00fcr eine Vielzahl von lebensrettenden medizinischen Ger\u00e4ten ausgelegt.","breadcrumb":{"@id":"https:\/\/eshop.tca.sk\/de\/medic-de\/black-trident-tfc-kit-tropic\/#breadcrumb"},"inLanguage":"de","potentialAction":[{"@type":"ReadAction","target":["https:\/\/eshop.tca.sk\/de\/medic-de\/black-trident-tfc-kit-tropic\/"]}]},{"@type":"ImageObject","inLanguage":"de","@id":"https:\/\/eshop.tca.sk\/de\/medic-de\/black-trident-tfc-kit-tropic\/#primaryimage","url":"https:\/\/eshop.tca.sk\/wp-content\/uploads\/2023\/04\/Black-Trident-TFC-Kit-TROPIC-a.png","contentUrl":"https:\/\/eshop.tca.sk\/wp-content\/uploads\/2023\/04\/Black-Trident-TFC-Kit-TROPIC-a.png","width":1000,"height":1000},{"@type":"BreadcrumbList","@id":"https:\/\/eshop.tca.sk\/de\/medic-de\/black-trident-tfc-kit-tropic\/#breadcrumb","itemListElement":[{"@type":"ListItem","position":1,"name":"Domovsk\u00e1 str\u00e1nka","item":"https:\/\/eshop.tca.sk\/de\/"},{"@type":"ListItem","position":2,"name":"Shop","item":"https:\/\/eshop.tca.sk\/de\/shop\/"},{"@type":"ListItem","position":3,"name":"IFAK Black Trident IFAK TFC Kit MultiCam Tropic"}]},{"@type":"WebSite","@id":"https:\/\/eshop.tca.sk\/de\/#website","url":"https:\/\/eshop.tca.sk\/de\/","name":"TCA eShop - Tactical Combat Academy","description":"Tactical Combat Academy","publisher":{"@id":"https:\/\/eshop.tca.sk\/de\/#organization"},"potentialAction":[{"@type":"SearchAction","target":{"@type":"EntryPoint","urlTemplate":"https:\/\/eshop.tca.sk\/de\/?s={search_term_string}"},"query-input":{"@type":"PropertyValueSpecification","valueRequired":true,"valueName":"search_term_string"}}],"inLanguage":"de"},{"@type":"Organization","@id":"https:\/\/eshop.tca.sk\/de\/#organization","name":"TCA eShop - Tactical Combat Academy","url":"https:\/\/eshop.tca.sk\/de\/","logo":{"@type":"ImageObject","inLanguage":"de","@id":"https:\/\/eshop.tca.sk\/de\/#\/schema\/logo\/image\/","url":"https:\/\/eshop.tca.sk\/wp-content\/uploads\/2025\/06\/logo-new-header.png","contentUrl":"https:\/\/eshop.tca.sk\/wp-content\/uploads\/2025\/06\/logo-new-header.png","width":300,"height":294,"caption":"TCA eShop - Tactical Combat Academy"},"image":{"@id":"https:\/\/eshop.tca.sk\/de\/#\/schema\/logo\/image\/"}}]}},"_links":{"self":[{"href":"https:\/\/eshop.tca.sk\/de\/wp-json\/wp\/v2\/product\/9285","targetHints":{"allow":["GET"]}}],"collection":[{"href":"https:\/\/eshop.tca.sk\/de\/wp-json\/wp\/v2\/product"}],"about":[{"href":"https:\/\/eshop.tca.sk\/de\/wp-json\/wp\/v2\/types\/product"}],"wp:featuredmedia":[{"embeddable":true,"href":"https:\/\/eshop.tca.sk\/de\/wp-json\/wp\/v2\/media\/9293"}],"wp:attachment":[{"href":"https:\/\/eshop.tca.sk\/de\/wp-json\/wp\/v2\/media?parent=9285"}],"wp:term":[{"taxonomy":"product_brand","embeddable":true,"href":"https:\/\/eshop.tca.sk\/de\/wp-json\/wp\/v2\/product_brand?post=9285"},{"taxonomy":"product_cat","embeddable":true,"href":"https:\/\/eshop.tca.sk\/de\/wp-json\/wp\/v2\/product_cat?post=9285"},{"taxonomy":"product_tag","embeddable":true,"href":"https:\/\/eshop.tca.sk\/de\/wp-json\/wp\/v2\/product_tag?post=9285"},{"taxonomy":"giftcard-category","embeddable":true,"href":"https:\/\/eshop.tca.sk\/de\/wp-json\/wp\/v2\/giftcard-category?post=9285"}],"curies":[{"name":"wp","href":"https:\/\/api.w.org\/{rel}","templated":true}]}}