{"id":9342,"date":"2023-04-25T15:54:52","date_gmt":"2023-04-25T13:54:52","guid":{"rendered":"https:\/\/eshop.tca.sk\/?post_type=product&#038;p=9342"},"modified":"2025-11-26T11:56:39","modified_gmt":"2025-11-26T10:56:39","slug":"kolimator-aimpoint-acro-p-2-3-5-moa-black","status":"publish","type":"product","link":"https:\/\/eshop.tca.sk\/de\/optik\/kolimator-aimpoint-acro-p-2-3-5-moa-black\/","title":{"rendered":"Kolimator Aimpoint Acro P-2, 3.5 MOA, Black"},"content":{"rendered":"<h3 id=\"title\" class=\"a-size-large a-spacing-none\"><strong>Kolimator Aimpoint Acro P-2 3.5 MOA<\/strong><\/h3>\n<p><strong>Aimpoint\u00ae<\/strong> hat mit der Einf\u00fchrung des <strong>Acro P-2\u2122<\/strong> Rotpunktvisiers den Standard f\u00fcr pistolenmontierte Optiken noch einmal verbessert. Dieses Visier der n\u00e4chsten Generation verf\u00fcgt \u00fcber einen verbesserten LED-Emitter in Verbindung mit einer CR2032-Batterie mit h\u00f6herer Kapazit\u00e4t, um erstaunliche f\u00fcnf Jahre (50.000 Stunden) konstante Leistung zu bieten, w\u00e4hrend Sie schneller und pr\u00e4ziser ins Ziel kommen.<\/p>\n<p>Die ACRO\u2122-Serie wurde entwickelt, um den physischen Kr\u00e4ften standzuhalten, die bei halbautomatischen Pistolenschlitten auftreten, und war das erste Pistolendiopter, das einen vollst\u00e4ndig geschlossenen optischen Kanal zum Schutz des LED-Emitters bot. Das Acro P-2 wurde gebaut, um die Anforderungen professioneller Anwender zu \u00fcbertreffen. Es wurde getestet und hat bewiesen, dass es den extremen St\u00f6\u00dfen, Vibrationen, Temperaturen und Materialbelastungen standh\u00e4lt, die beim Abfeuern von \u00fcber 20.000 Schuss .40 S&amp;W-Munition entstehen.<\/p>\n<p>Der neue hocheffiziente LED-Emitter liefert einen scharfen 3,5 MOA-Punkt. Schutzgl\u00e4ser aus Klarglas auf der Vorder- und R\u00fcckseite sch\u00fctzen das fortschrittliche, reflektierende Linsensystem. Das neue digitale Tastenfeld f\u00fcr die Intensit\u00e4tseinstellung bietet ein deutlicheres taktiles Gef\u00fchl beim Einstellen der Punktintensit\u00e4t, und diese Bedienelemente befinden sich jetzt neben dem Batteriefach, um die Leistungseinstellungen vor unbeabsichtigten \u00c4nderungen zu sch\u00fctzen.<\/p>\n<p>Das Acro P-2 kann nicht nur als prim\u00e4re Optik f\u00fcr Handfeuerwaffen, sondern auch f\u00fcr Karabiner, Schrotflinten und Gewehre verwendet werden oder als Ersatzvisier f\u00fcr vergr\u00f6\u00dferte Zielfernrohre und W\u00e4rmebildkameras dienen. Das Visier kann mit Hilfe von Adapterplatten auf eine breite Palette von optikf\u00e4higen Handfeuerwaffen montiert werden. Es ist nachtsichtkompatibel, und der Punkt kann auch f\u00fcr den Einsatz in hellem Sonnenlicht hochgedreht werden.<\/p>\n<p>Aimpoint Rotpunktvisiere sind parallaxenfrei, d.h. der sichtbare Punkt bleibt parallel zum Lauf der Waffe, egal in welchem Winkel das Auge zum Visier steht. Daher muss sich der Benutzer nie Gedanken \u00fcber die Zentrierung des Punktes innerhalb des Visiers machen. Daher muss sich der Benutzer nie Gedanken \u00fcber die Zentrierung des Punktes innerhalb des Visiers machen. Wenn Sie einen korrekten Nullpunkt haben, wenn der Punkt auf dem Ziel ist, sind Sie es auch. Aimpoint Rotpunktvisiere erh\u00f6hen das Selbstvertrauen, indem sie es dem Sch\u00fctzen erm\u00f6glichen, sich auf das Ziel zu konzentrieren, w\u00e4hrend er beide Augen offen h\u00e4lt und sich der Situation jederzeit voll bewusst ist. Benutzer k\u00f6nnen erste Runde Treffer schneller mit gr\u00f6\u00dferem Vertrauen zu erreichen.<\/p>\n<ul>\n<li>3,5 MOA Rotpunkt f\u00fcr Pr\u00e4zision und schnelle Zielerfassung<\/li>\n<li>Batterielebensdauer: 50.000 Stunden (\u00fcber 5 Jahre) Dauerbetrieb mit einer Batterie auf Stufe 6<\/li>\n<li>Batterietyp: CR2032-Batterie (Batterie im Lieferumfang enthalten)<\/li>\n<li>Batterie kann schnell gewechselt werden, ohne die Optik zu entfernen<\/li>\n<li>Eine Vielzahl von Montageoptionen ist separat erh\u00e4ltlic<\/li>\n<li>Optimiert f\u00fcr Pistolen und Anwendungen, die ein flaches Rotpunktsystem erfordern<\/li>\n<li>Vollst\u00e4ndig geschlossenes Geh\u00e4use sch\u00fctzt alle elektronischen Komponenten des Visiers vor allen Elementen<\/li>\n<li>Versiegelter optischer Kanal sch\u00fctzt die Optik vor Regen, Schlamm, Sand oder Schnee<\/li>\n<li>7075-T6 Hochfestes Aluminium Harteloxiert<\/li>\n<li>10 Helligkeitsstufen: 4 nachtsichtkompatible<\/li>\n<li>1X (nicht vergr\u00f6\u00dfernde) parallaxenfreie Optik<\/li>\n<li>Untertauchbar bis 35 Meter (115 Fu\u00df)<\/li>\n<li>Temperaturbereich -49\u00b0F bis +160\u00b0F<\/li>\n<li>Gewicht 60 g (nur Visier)<\/li>\n<li>Gr\u00f6\u00dfe 1,9&#8243; x 1,3&#8243; x 1,2&#8243; (L x B x H)<\/li>\n<\/ul>\n<p><iframe loading=\"lazy\" title=\"The Aimpoint Acro Next Generation\" width=\"1170\" height=\"658\" src=\"https:\/\/www.youtube.com\/embed\/goKSUPfJcY4?feature=oembed\" frameborder=\"0\" allow=\"accelerometer; autoplay; clipboard-write; encrypted-media; gyroscope; picture-in-picture; web-share\" allowfullscreen><\/iframe><\/p>\n<p>&nbsp;<\/p>\n","protected":false},"excerpt":{"rendered":"<p><img loading=\"lazy\" decoding=\"async\" class=\"alignnone size-full wp-image-7487\" src=\"https:\/\/eshop.tca.sk\/wp-content\/uploads\/2022\/12\/Aimpoint_logo.svg.png\" alt=\"\" width=\"150\" height=\"32\"><\/p>\n<p><strong>Aimpoint\u00ae<\/strong> hat mit der Einf\u00fchrung des <strong>Acro P-2\u2122<\/strong> Rotpunktvisiers den Standard f\u00fcr pistolenmontierte Optiken noch einmal verbessert. Dieses Visier der n\u00e4chsten Generation verf\u00fcgt \u00fcber eine verbesserte LED-Beleuchtung in Kombination mit einer CR2032-Batterie mit h\u00f6herer Kapazit\u00e4t, die eine erstaunliche Lebensdauer von f\u00fcnf Jahren bietet.<\/p>\n<p><img loading=\"lazy\" decoding=\"async\" class=\"wp-image-8564 alignnone\" src=\"https:\/\/eshop.tca.sk\/wp-content\/uploads\/2023\/04\/Logo-Whack-Black-White-R-APPROVED.png\" alt=\"\" width=\"138\" height=\"75\" srcset=\"https:\/\/eshop.tca.sk\/wp-content\/uploads\/2023\/04\/Logo-Whack-Black-White-R-APPROVED.png 571w, https:\/\/eshop.tca.sk\/wp-content\/uploads\/2023\/04\/Logo-Whack-Black-White-R-APPROVED-300x163.png 300w\" sizes=\"auto, (max-width: 138px) 100vw, 138px\" \/><\/p>\n<p>Vom <strong>TCA<\/strong> und dem <strong>WHACK<\/strong>-System verwendete und empfohlene Equipment.<\/p>\n","protected":false},"featured_media":9346,"template":"","meta":{"inline_featured_image":false},"product_brand":[],"product_cat":[320,318],"product_tag":[376],"giftcard-category":[],"class_list":{"0":"post-9342","1":"product","2":"type-product","3":"status-publish","4":"has-post-thumbnail","6":"product_cat-optik","7":"product_cat-waffenzubehoer","8":"product_tag-aimpoint-de","10":"first","11":"instock","12":"taxable","13":"shipping-taxable","14":"purchasable","15":"product-type-simple"},"yoast_head":"<!-- This site is optimized with the Yoast SEO plugin v26.4 - https:\/\/yoast.com\/wordpress\/plugins\/seo\/ -->\n<title>Kolimator Aimpoint Acro P-2, 3.5 MOA, Black - TCA eShop - Tactical Combat Academy<\/title>\n<meta name=\"description\" content=\"Kolimator Aimpoint Acro P-2 3.5 MOA. Aimpoint\u00ae hat mit der Einf\u00fchrung des Acro P-2\u2122 Rotpunktvisiers den Standard f\u00fcr pistolenmontierte Optiken noch einmal verbessert.\" \/>\n<meta name=\"robots\" content=\"index, follow, max-snippet:-1, max-image-preview:large, max-video-preview:-1\" \/>\n<link rel=\"canonical\" href=\"https:\/\/eshop.tca.sk\/de\/optik\/kolimator-aimpoint-acro-p-2-3-5-moa-black\/\" \/>\n<meta property=\"og:locale\" content=\"de_DE\" \/>\n<meta property=\"og:type\" content=\"article\" \/>\n<meta property=\"og:title\" content=\"Kolimator Aimpoint Acro P-2, 3.5 MOA, Black - TCA eShop - Tactical Combat Academy\" \/>\n<meta property=\"og:description\" content=\"Kolimator Aimpoint Acro P-2 3.5 MOA. Aimpoint\u00ae hat mit der Einf\u00fchrung des Acro P-2\u2122 Rotpunktvisiers den Standard f\u00fcr pistolenmontierte Optiken noch einmal verbessert.\" \/>\n<meta property=\"og:url\" content=\"https:\/\/eshop.tca.sk\/de\/optik\/kolimator-aimpoint-acro-p-2-3-5-moa-black\/\" \/>\n<meta property=\"og:site_name\" content=\"TCA eShop - Tactical Combat Academy\" \/>\n<meta property=\"article:modified_time\" content=\"2025-11-26T10:56:39+00:00\" \/>\n<meta property=\"og:image\" content=\"https:\/\/eshop.tca.sk\/wp-content\/uploads\/2023\/04\/Kolimator-Aimpoint-Acro-P-2-3.5-MOA-Black-c.jpg\" \/>\n\t<meta property=\"og:image:width\" content=\"1280\" \/>\n\t<meta property=\"og:image:height\" content=\"1280\" \/>\n\t<meta property=\"og:image:type\" content=\"image\/jpeg\" \/>\n<meta name=\"twitter:card\" content=\"summary_large_image\" \/>\n<script type=\"application\/ld+json\" class=\"yoast-schema-graph\">{\"@context\":\"https:\/\/schema.org\",\"@graph\":[{\"@type\":\"WebPage\",\"@id\":\"https:\/\/eshop.tca.sk\/de\/optik\/kolimator-aimpoint-acro-p-2-3-5-moa-black\/\",\"url\":\"https:\/\/eshop.tca.sk\/de\/optik\/kolimator-aimpoint-acro-p-2-3-5-moa-black\/\",\"name\":\"Kolimator Aimpoint Acro P-2, 3.5 MOA, Black - TCA eShop - Tactical Combat Academy\",\"isPartOf\":{\"@id\":\"https:\/\/eshop.tca.sk\/de\/#website\"},\"primaryImageOfPage\":{\"@id\":\"https:\/\/eshop.tca.sk\/de\/optik\/kolimator-aimpoint-acro-p-2-3-5-moa-black\/#primaryimage\"},\"image\":{\"@id\":\"https:\/\/eshop.tca.sk\/de\/optik\/kolimator-aimpoint-acro-p-2-3-5-moa-black\/#primaryimage\"},\"thumbnailUrl\":\"https:\/\/eshop.tca.sk\/wp-content\/uploads\/2023\/04\/Kolimator-Aimpoint-Acro-P-2-3.5-MOA-Black-c.jpg\",\"datePublished\":\"2023-04-25T13:54:52+00:00\",\"dateModified\":\"2025-11-26T10:56:39+00:00\",\"description\":\"Kolimator Aimpoint Acro P-2 3.5 MOA. Aimpoint\u00ae hat mit der Einf\u00fchrung des Acro P-2\u2122 Rotpunktvisiers den Standard f\u00fcr pistolenmontierte Optiken noch einmal verbessert.\",\"breadcrumb\":{\"@id\":\"https:\/\/eshop.tca.sk\/de\/optik\/kolimator-aimpoint-acro-p-2-3-5-moa-black\/#breadcrumb\"},\"inLanguage\":\"de\",\"potentialAction\":[{\"@type\":\"ReadAction\",\"target\":[\"https:\/\/eshop.tca.sk\/de\/optik\/kolimator-aimpoint-acro-p-2-3-5-moa-black\/\"]}]},{\"@type\":\"ImageObject\",\"inLanguage\":\"de\",\"@id\":\"https:\/\/eshop.tca.sk\/de\/optik\/kolimator-aimpoint-acro-p-2-3-5-moa-black\/#primaryimage\",\"url\":\"https:\/\/eshop.tca.sk\/wp-content\/uploads\/2023\/04\/Kolimator-Aimpoint-Acro-P-2-3.5-MOA-Black-c.jpg\",\"contentUrl\":\"https:\/\/eshop.tca.sk\/wp-content\/uploads\/2023\/04\/Kolimator-Aimpoint-Acro-P-2-3.5-MOA-Black-c.jpg\",\"width\":1280,\"height\":1280},{\"@type\":\"BreadcrumbList\",\"@id\":\"https:\/\/eshop.tca.sk\/de\/optik\/kolimator-aimpoint-acro-p-2-3-5-moa-black\/#breadcrumb\",\"itemListElement\":[{\"@type\":\"ListItem\",\"position\":1,\"name\":\"Domovsk\u00e1 str\u00e1nka\",\"item\":\"https:\/\/eshop.tca.sk\/de\/\"},{\"@type\":\"ListItem\",\"position\":2,\"name\":\"Shop\",\"item\":\"https:\/\/eshop.tca.sk\/de\/shop\/\"},{\"@type\":\"ListItem\",\"position\":3,\"name\":\"Kolimator Aimpoint Acro P-2, 3.5 MOA, Black\"}]},{\"@type\":\"WebSite\",\"@id\":\"https:\/\/eshop.tca.sk\/de\/#website\",\"url\":\"https:\/\/eshop.tca.sk\/de\/\",\"name\":\"TCA eShop - Tactical Combat Academy\",\"description\":\"Tactical Combat Academy\",\"publisher\":{\"@id\":\"https:\/\/eshop.tca.sk\/de\/#organization\"},\"potentialAction\":[{\"@type\":\"SearchAction\",\"target\":{\"@type\":\"EntryPoint\",\"urlTemplate\":\"https:\/\/eshop.tca.sk\/de\/?s={search_term_string}\"},\"query-input\":{\"@type\":\"PropertyValueSpecification\",\"valueRequired\":true,\"valueName\":\"search_term_string\"}}],\"inLanguage\":\"de\"},{\"@type\":\"Organization\",\"@id\":\"https:\/\/eshop.tca.sk\/de\/#organization\",\"name\":\"TCA eShop - Tactical Combat Academy\",\"url\":\"https:\/\/eshop.tca.sk\/de\/\",\"logo\":{\"@type\":\"ImageObject\",\"inLanguage\":\"de\",\"@id\":\"https:\/\/eshop.tca.sk\/de\/#\/schema\/logo\/image\/\",\"url\":\"https:\/\/eshop.tca.sk\/wp-content\/uploads\/2025\/06\/logo-new-header.png\",\"contentUrl\":\"https:\/\/eshop.tca.sk\/wp-content\/uploads\/2025\/06\/logo-new-header.png\",\"width\":300,\"height\":294,\"caption\":\"TCA eShop - Tactical Combat Academy\"},\"image\":{\"@id\":\"https:\/\/eshop.tca.sk\/de\/#\/schema\/logo\/image\/\"}}]}<\/script>\n<!-- \/ Yoast SEO plugin. -->","yoast_head_json":{"title":"Kolimator Aimpoint Acro P-2, 3.5 MOA, Black - TCA eShop - Tactical Combat Academy","description":"Kolimator Aimpoint Acro P-2 3.5 MOA. Aimpoint\u00ae hat mit der Einf\u00fchrung des Acro P-2\u2122 Rotpunktvisiers den Standard f\u00fcr pistolenmontierte Optiken noch einmal verbessert.","robots":{"index":"index","follow":"follow","max-snippet":"max-snippet:-1","max-image-preview":"max-image-preview:large","max-video-preview":"max-video-preview:-1"},"canonical":"https:\/\/eshop.tca.sk\/de\/optik\/kolimator-aimpoint-acro-p-2-3-5-moa-black\/","og_locale":"de_DE","og_type":"article","og_title":"Kolimator Aimpoint Acro P-2, 3.5 MOA, Black - TCA eShop - Tactical Combat Academy","og_description":"Kolimator Aimpoint Acro P-2 3.5 MOA. Aimpoint\u00ae hat mit der Einf\u00fchrung des Acro P-2\u2122 Rotpunktvisiers den Standard f\u00fcr pistolenmontierte Optiken noch einmal verbessert.","og_url":"https:\/\/eshop.tca.sk\/de\/optik\/kolimator-aimpoint-acro-p-2-3-5-moa-black\/","og_site_name":"TCA eShop - Tactical Combat Academy","article_modified_time":"2025-11-26T10:56:39+00:00","og_image":[{"width":1280,"height":1280,"url":"https:\/\/eshop.tca.sk\/wp-content\/uploads\/2023\/04\/Kolimator-Aimpoint-Acro-P-2-3.5-MOA-Black-c.jpg","type":"image\/jpeg"}],"twitter_card":"summary_large_image","schema":{"@context":"https:\/\/schema.org","@graph":[{"@type":"WebPage","@id":"https:\/\/eshop.tca.sk\/de\/optik\/kolimator-aimpoint-acro-p-2-3-5-moa-black\/","url":"https:\/\/eshop.tca.sk\/de\/optik\/kolimator-aimpoint-acro-p-2-3-5-moa-black\/","name":"Kolimator Aimpoint Acro P-2, 3.5 MOA, Black - TCA eShop - Tactical Combat Academy","isPartOf":{"@id":"https:\/\/eshop.tca.sk\/de\/#website"},"primaryImageOfPage":{"@id":"https:\/\/eshop.tca.sk\/de\/optik\/kolimator-aimpoint-acro-p-2-3-5-moa-black\/#primaryimage"},"image":{"@id":"https:\/\/eshop.tca.sk\/de\/optik\/kolimator-aimpoint-acro-p-2-3-5-moa-black\/#primaryimage"},"thumbnailUrl":"https:\/\/eshop.tca.sk\/wp-content\/uploads\/2023\/04\/Kolimator-Aimpoint-Acro-P-2-3.5-MOA-Black-c.jpg","datePublished":"2023-04-25T13:54:52+00:00","dateModified":"2025-11-26T10:56:39+00:00","description":"Kolimator Aimpoint Acro P-2 3.5 MOA. Aimpoint\u00ae hat mit der Einf\u00fchrung des Acro P-2\u2122 Rotpunktvisiers den Standard f\u00fcr pistolenmontierte Optiken noch einmal verbessert.","breadcrumb":{"@id":"https:\/\/eshop.tca.sk\/de\/optik\/kolimator-aimpoint-acro-p-2-3-5-moa-black\/#breadcrumb"},"inLanguage":"de","potentialAction":[{"@type":"ReadAction","target":["https:\/\/eshop.tca.sk\/de\/optik\/kolimator-aimpoint-acro-p-2-3-5-moa-black\/"]}]},{"@type":"ImageObject","inLanguage":"de","@id":"https:\/\/eshop.tca.sk\/de\/optik\/kolimator-aimpoint-acro-p-2-3-5-moa-black\/#primaryimage","url":"https:\/\/eshop.tca.sk\/wp-content\/uploads\/2023\/04\/Kolimator-Aimpoint-Acro-P-2-3.5-MOA-Black-c.jpg","contentUrl":"https:\/\/eshop.tca.sk\/wp-content\/uploads\/2023\/04\/Kolimator-Aimpoint-Acro-P-2-3.5-MOA-Black-c.jpg","width":1280,"height":1280},{"@type":"BreadcrumbList","@id":"https:\/\/eshop.tca.sk\/de\/optik\/kolimator-aimpoint-acro-p-2-3-5-moa-black\/#breadcrumb","itemListElement":[{"@type":"ListItem","position":1,"name":"Domovsk\u00e1 str\u00e1nka","item":"https:\/\/eshop.tca.sk\/de\/"},{"@type":"ListItem","position":2,"name":"Shop","item":"https:\/\/eshop.tca.sk\/de\/shop\/"},{"@type":"ListItem","position":3,"name":"Kolimator Aimpoint Acro P-2, 3.5 MOA, Black"}]},{"@type":"WebSite","@id":"https:\/\/eshop.tca.sk\/de\/#website","url":"https:\/\/eshop.tca.sk\/de\/","name":"TCA eShop - Tactical Combat Academy","description":"Tactical Combat Academy","publisher":{"@id":"https:\/\/eshop.tca.sk\/de\/#organization"},"potentialAction":[{"@type":"SearchAction","target":{"@type":"EntryPoint","urlTemplate":"https:\/\/eshop.tca.sk\/de\/?s={search_term_string}"},"query-input":{"@type":"PropertyValueSpecification","valueRequired":true,"valueName":"search_term_string"}}],"inLanguage":"de"},{"@type":"Organization","@id":"https:\/\/eshop.tca.sk\/de\/#organization","name":"TCA eShop - Tactical Combat Academy","url":"https:\/\/eshop.tca.sk\/de\/","logo":{"@type":"ImageObject","inLanguage":"de","@id":"https:\/\/eshop.tca.sk\/de\/#\/schema\/logo\/image\/","url":"https:\/\/eshop.tca.sk\/wp-content\/uploads\/2025\/06\/logo-new-header.png","contentUrl":"https:\/\/eshop.tca.sk\/wp-content\/uploads\/2025\/06\/logo-new-header.png","width":300,"height":294,"caption":"TCA eShop - Tactical Combat Academy"},"image":{"@id":"https:\/\/eshop.tca.sk\/de\/#\/schema\/logo\/image\/"}}]}},"_links":{"self":[{"href":"https:\/\/eshop.tca.sk\/de\/wp-json\/wp\/v2\/product\/9342","targetHints":{"allow":["GET"]}}],"collection":[{"href":"https:\/\/eshop.tca.sk\/de\/wp-json\/wp\/v2\/product"}],"about":[{"href":"https:\/\/eshop.tca.sk\/de\/wp-json\/wp\/v2\/types\/product"}],"wp:featuredmedia":[{"embeddable":true,"href":"https:\/\/eshop.tca.sk\/de\/wp-json\/wp\/v2\/media\/9346"}],"wp:attachment":[{"href":"https:\/\/eshop.tca.sk\/de\/wp-json\/wp\/v2\/media?parent=9342"}],"wp:term":[{"taxonomy":"product_brand","embeddable":true,"href":"https:\/\/eshop.tca.sk\/de\/wp-json\/wp\/v2\/product_brand?post=9342"},{"taxonomy":"product_cat","embeddable":true,"href":"https:\/\/eshop.tca.sk\/de\/wp-json\/wp\/v2\/product_cat?post=9342"},{"taxonomy":"product_tag","embeddable":true,"href":"https:\/\/eshop.tca.sk\/de\/wp-json\/wp\/v2\/product_tag?post=9342"},{"taxonomy":"giftcard-category","embeddable":true,"href":"https:\/\/eshop.tca.sk\/de\/wp-json\/wp\/v2\/giftcard-category?post=9342"}],"curies":[{"name":"wp","href":"https:\/\/api.w.org\/{rel}","templated":true}]}}