{"id":9601,"date":"2023-07-09T12:09:59","date_gmt":"2023-07-09T10:09:59","guid":{"rendered":"https:\/\/eshop.tca.sk\/?post_type=product&#038;p=9601"},"modified":"2026-01-09T10:22:34","modified_gmt":"2026-01-09T09:22:34","slug":"surefire-m340dft-turbo-mini-scout-light-pro","status":"publish","type":"product","link":"https:\/\/eshop.tca.sk\/de\/lampen\/surefire-m340dft-turbo-mini-scout-light-pro\/","title":{"rendered":"Waffenlampe Surefire M340DFT Turbo Mini Scout Light Pro"},"content":{"rendered":"<h3><strong>Waffenlampe Surefire M340DFT Turbo Mini Scout Light Pro<\/strong><\/h3>\n<p><strong>Sie werden weiter sehen.<\/strong> Die SureFire Turbo Mini Scout Light Pro-Linie hat die Regeln f\u00fcr die Vielseitigkeit von Waffenlampen f\u00fcr immer neu geschrieben. Die M340DFT Turbo Mini Scout Light Pro kombiniert hohe Leistung mit der F\u00e4higkeit, von zwei verschiedenen Quellen betrieben zu werden. Die M340DFT bietet die Reichweite des Lichtstrahls von SureFire-Taschenlampen f\u00fcr lange Waffen in einem kompakten Design. Dies macht es ideal f\u00fcr die Zielidentifizierung \u00fcber gro\u00dfe Entfernungen. Die M340DFT hat eine Lichtst\u00e4rke von 95.000 Candela bei Verwendung des mitgelieferten Lithium-Ionen-Akkus SF18350 oder 55.000 Candela bei Verwendung eines herk\u00f6mmlichen 123A-Akkus. Ihr Pr\u00e4zisionsreflektor erzeugt einen eng geb\u00fcndelten, konzentrierten Lichtstrahl mit minimaler Reflexion beim Blick \u00fcber, unter oder um Barrikaden herum. Gleichzeitig bietet sie gen\u00fcgend Streulicht, um dem Benutzer zu helfen, die Situation im Blick zu behalten. Die Low Profile Mount (LPM) bietet eine noch nie dagewesene Vielseitigkeit und erm\u00f6glicht es dem Benutzer, die Position der Leuchte im Verh\u00e4ltnis zur Schiene und zu anderem befestigten Waffenzubeh\u00f6r zu optimieren. Das robuste und zuverl\u00e4ssige LPM l\u00e4sst sich einfach und sicher an jeder MIL-STD-1913- oder M-LOK-Schiene befestigen. Die M340DFT ist aus leichtem Flugzeugaluminium gefertigt, harteloxiert in Mil-Spec-Qualit\u00e4t und mit einem O-Ring abgedichtet, um die Elemente drau\u00dfen zu halten. Sie ist die leistungsst\u00e4rkste Waffentaschenlampe auf dem Markt f\u00fcr ihre Gr\u00f6\u00dfe.<\/p>\n<p><strong>Variante<\/strong><\/p>\n<p><strong>M340DTF-BK-PRO (084871331555)<\/strong> <strong>&#8211;<\/strong> Turbo Mini Scout Light Pro Modell in schwarz und MIL-STD-1913 Picatinny- oder M-LOK-Montage.<\/p>\n<p><strong>Eigenschaften<\/strong><\/p>\n<ul>\n<li>H\u00f6chste Lichtleistung mit bis zu 650 Lumen und 95.000 Candela (mit SF18350-Akku).<\/li>\n<li>Reichweite bis zu 616 m (mit Batterie SF18350).<\/li>\n<li>Stromversorgung durch 1x DF18350-Batterie, die im Paket enthalten ist, oder 1x 123A-Batterie.<\/li>\n<li>Gewicht mit Batterien nur 144,9 g.<\/li>\n<li>Die L\u00e4nge der Lampe betr\u00e4gt 12,20 cm.<\/li>\n<li>Die Gesamtbetriebszeit betr\u00e4gt 45 Minuten.<\/li>\n<li>Die neue Surefire LPM (Low Profile Mount).<\/li>\n<li>Kann auf MIL-STD-1913 Picatinny- oder M-LOK-Schiene montiert werden (Montage f\u00fcr beide Systeme im Lieferumfang enthalten).<\/li>\n<li>Aktivierung durch Z68-Schalter &#8211; tempor\u00e4re Beleuchtung durch Druck oder permanente Beleuchtung durch Klick.<\/li>\n<\/ul>\n<p><iframe loading=\"lazy\" title=\"Nevyberaj Surefire baterku bez pozretia tohto videa!\" width=\"1170\" height=\"658\" src=\"https:\/\/www.youtube.com\/embed\/HTVvHFFVCsA?feature=oembed\" frameborder=\"0\" allow=\"accelerometer; autoplay; clipboard-write; encrypted-media; gyroscope; picture-in-picture; web-share\" referrerpolicy=\"strict-origin-when-cross-origin\" allowfullscreen><\/iframe><\/p>\n<p>&nbsp;<\/p>\n","protected":false},"excerpt":{"rendered":"<p><img loading=\"lazy\" decoding=\"async\" class=\"alignnone size-full wp-image-7419\" src=\"https:\/\/eshop.tca.sk\/wp-content\/uploads\/2022\/12\/SureFire_Logo.png\" alt=\"\" width=\"150\" height=\"44\"><\/p>\n<p><strong>Waffenlampe Surefire M340C Mini Scout Light Pro.<\/strong> Sie werden weiter sehen. Die SureFire Turbo Mini Scout Light Pro-Linie hat die Regeln f\u00fcr die Vielseitigkeit von Waffenlampen f\u00fcr immer neu geschrieben. Die M340DFT Turbo Mini Scout Light Pro kombiniert hohe Leistung mit der F\u00e4higkeit, von zwei verschiedenen Quellen betrieben zu werden.<\/p>\n<p><img loading=\"lazy\" decoding=\"async\" class=\"wp-image-8564 alignnone\" src=\"https:\/\/eshop.tca.sk\/wp-content\/uploads\/2023\/04\/Logo-Whack-Black-White-R-APPROVED.png\" alt=\"\" width=\"138\" height=\"75\" srcset=\"https:\/\/eshop.tca.sk\/wp-content\/uploads\/2023\/04\/Logo-Whack-Black-White-R-APPROVED.png 571w, https:\/\/eshop.tca.sk\/wp-content\/uploads\/2023\/04\/Logo-Whack-Black-White-R-APPROVED-300x163.png 300w\" sizes=\"auto, (max-width: 138px) 100vw, 138px\" \/><\/p>\n<p>Vom TCA und dem WHACK-System verwendete und empfohlene Equipment.<\/p>\n","protected":false},"featured_media":13563,"template":"","meta":{"inline_featured_image":false},"product_brand":[],"product_cat":[293],"product_tag":[294],"giftcard-category":[],"class_list":{"0":"post-9601","1":"product","2":"type-product","3":"status-publish","4":"has-post-thumbnail","6":"product_cat-lampen","7":"product_tag-surefire-de","9":"first","10":"outofstock","11":"taxable","12":"shipping-taxable","13":"purchasable","14":"product-type-simple"},"yoast_head":"<!-- This site is optimized with the Yoast SEO plugin v26.4 - https:\/\/yoast.com\/wordpress\/plugins\/seo\/ -->\n<title>Waffenlampe Surefire M340DFT Turbo Mini Scout Light Pro - TCA eShop - Tactical Combat Academy<\/title>\n<meta name=\"description\" content=\"Surefire M340DFT Turbo Mini Scout Light Pro - Die SureFire Turbo Mini Scout Light Pro Linie hat f\u00fcr immer die Regeln der Waffe Licht Vielseitigkeit neu geschrieben.\" \/>\n<meta name=\"robots\" content=\"index, follow, max-snippet:-1, max-image-preview:large, max-video-preview:-1\" \/>\n<link rel=\"canonical\" href=\"https:\/\/eshop.tca.sk\/de\/lampen\/surefire-m340dft-turbo-mini-scout-light-pro\/\" \/>\n<meta property=\"og:locale\" content=\"de_DE\" \/>\n<meta property=\"og:type\" content=\"article\" \/>\n<meta property=\"og:title\" content=\"Waffenlampe Surefire M340DFT Turbo Mini Scout Light Pro - TCA eShop - Tactical Combat Academy\" \/>\n<meta property=\"og:description\" content=\"Surefire M340DFT Turbo Mini Scout Light Pro - Die SureFire Turbo Mini Scout Light Pro Linie hat f\u00fcr immer die Regeln der Waffe Licht Vielseitigkeit neu geschrieben.\" \/>\n<meta property=\"og:url\" content=\"https:\/\/eshop.tca.sk\/de\/lampen\/surefire-m340dft-turbo-mini-scout-light-pro\/\" \/>\n<meta property=\"og:site_name\" content=\"TCA eShop - Tactical Combat Academy\" \/>\n<meta property=\"article:modified_time\" content=\"2026-01-09T09:22:34+00:00\" \/>\n<meta property=\"og:image\" content=\"https:\/\/eshop.tca.sk\/wp-content\/uploads\/2023\/07\/M340DFT-PRO.jpg\" \/>\n\t<meta property=\"og:image:width\" content=\"1000\" \/>\n\t<meta property=\"og:image:height\" content=\"1000\" \/>\n\t<meta property=\"og:image:type\" content=\"image\/jpeg\" \/>\n<meta name=\"twitter:card\" content=\"summary_large_image\" \/>\n<script type=\"application\/ld+json\" class=\"yoast-schema-graph\">{\"@context\":\"https:\/\/schema.org\",\"@graph\":[{\"@type\":\"WebPage\",\"@id\":\"https:\/\/eshop.tca.sk\/de\/lampen\/surefire-m340dft-turbo-mini-scout-light-pro\/\",\"url\":\"https:\/\/eshop.tca.sk\/de\/lampen\/surefire-m340dft-turbo-mini-scout-light-pro\/\",\"name\":\"Waffenlampe Surefire M340DFT Turbo Mini Scout Light Pro - TCA eShop - Tactical Combat Academy\",\"isPartOf\":{\"@id\":\"https:\/\/eshop.tca.sk\/de\/#website\"},\"primaryImageOfPage\":{\"@id\":\"https:\/\/eshop.tca.sk\/de\/lampen\/surefire-m340dft-turbo-mini-scout-light-pro\/#primaryimage\"},\"image\":{\"@id\":\"https:\/\/eshop.tca.sk\/de\/lampen\/surefire-m340dft-turbo-mini-scout-light-pro\/#primaryimage\"},\"thumbnailUrl\":\"https:\/\/eshop.tca.sk\/wp-content\/uploads\/2023\/07\/M340DFT-PRO.jpg\",\"datePublished\":\"2023-07-09T10:09:59+00:00\",\"dateModified\":\"2026-01-09T09:22:34+00:00\",\"description\":\"Surefire M340DFT Turbo Mini Scout Light Pro - Die SureFire Turbo Mini Scout Light Pro Linie hat f\u00fcr immer die Regeln der Waffe Licht Vielseitigkeit neu geschrieben.\",\"breadcrumb\":{\"@id\":\"https:\/\/eshop.tca.sk\/de\/lampen\/surefire-m340dft-turbo-mini-scout-light-pro\/#breadcrumb\"},\"inLanguage\":\"de\",\"potentialAction\":[{\"@type\":\"ReadAction\",\"target\":[\"https:\/\/eshop.tca.sk\/de\/lampen\/surefire-m340dft-turbo-mini-scout-light-pro\/\"]}]},{\"@type\":\"ImageObject\",\"inLanguage\":\"de\",\"@id\":\"https:\/\/eshop.tca.sk\/de\/lampen\/surefire-m340dft-turbo-mini-scout-light-pro\/#primaryimage\",\"url\":\"https:\/\/eshop.tca.sk\/wp-content\/uploads\/2023\/07\/M340DFT-PRO.jpg\",\"contentUrl\":\"https:\/\/eshop.tca.sk\/wp-content\/uploads\/2023\/07\/M340DFT-PRO.jpg\",\"width\":1000,\"height\":1000},{\"@type\":\"BreadcrumbList\",\"@id\":\"https:\/\/eshop.tca.sk\/de\/lampen\/surefire-m340dft-turbo-mini-scout-light-pro\/#breadcrumb\",\"itemListElement\":[{\"@type\":\"ListItem\",\"position\":1,\"name\":\"Domovsk\u00e1 str\u00e1nka\",\"item\":\"https:\/\/eshop.tca.sk\/de\/\"},{\"@type\":\"ListItem\",\"position\":2,\"name\":\"Shop\",\"item\":\"https:\/\/eshop.tca.sk\/de\/shop\/\"},{\"@type\":\"ListItem\",\"position\":3,\"name\":\"Waffenlampe Surefire M340DFT Turbo Mini Scout Light Pro\"}]},{\"@type\":\"WebSite\",\"@id\":\"https:\/\/eshop.tca.sk\/de\/#website\",\"url\":\"https:\/\/eshop.tca.sk\/de\/\",\"name\":\"TCA eShop - Tactical Combat Academy\",\"description\":\"Tactical Combat Academy\",\"publisher\":{\"@id\":\"https:\/\/eshop.tca.sk\/de\/#organization\"},\"potentialAction\":[{\"@type\":\"SearchAction\",\"target\":{\"@type\":\"EntryPoint\",\"urlTemplate\":\"https:\/\/eshop.tca.sk\/de\/?s={search_term_string}\"},\"query-input\":{\"@type\":\"PropertyValueSpecification\",\"valueRequired\":true,\"valueName\":\"search_term_string\"}}],\"inLanguage\":\"de\"},{\"@type\":\"Organization\",\"@id\":\"https:\/\/eshop.tca.sk\/de\/#organization\",\"name\":\"TCA eShop - Tactical Combat Academy\",\"url\":\"https:\/\/eshop.tca.sk\/de\/\",\"logo\":{\"@type\":\"ImageObject\",\"inLanguage\":\"de\",\"@id\":\"https:\/\/eshop.tca.sk\/de\/#\/schema\/logo\/image\/\",\"url\":\"https:\/\/eshop.tca.sk\/wp-content\/uploads\/2025\/06\/logo-new-header.png\",\"contentUrl\":\"https:\/\/eshop.tca.sk\/wp-content\/uploads\/2025\/06\/logo-new-header.png\",\"width\":300,\"height\":294,\"caption\":\"TCA eShop - Tactical Combat Academy\"},\"image\":{\"@id\":\"https:\/\/eshop.tca.sk\/de\/#\/schema\/logo\/image\/\"}}]}<\/script>\n<!-- \/ Yoast SEO plugin. -->","yoast_head_json":{"title":"Waffenlampe Surefire M340DFT Turbo Mini Scout Light Pro - TCA eShop - Tactical Combat Academy","description":"Surefire M340DFT Turbo Mini Scout Light Pro - Die SureFire Turbo Mini Scout Light Pro Linie hat f\u00fcr immer die Regeln der Waffe Licht Vielseitigkeit neu geschrieben.","robots":{"index":"index","follow":"follow","max-snippet":"max-snippet:-1","max-image-preview":"max-image-preview:large","max-video-preview":"max-video-preview:-1"},"canonical":"https:\/\/eshop.tca.sk\/de\/lampen\/surefire-m340dft-turbo-mini-scout-light-pro\/","og_locale":"de_DE","og_type":"article","og_title":"Waffenlampe Surefire M340DFT Turbo Mini Scout Light Pro - TCA eShop - Tactical Combat Academy","og_description":"Surefire M340DFT Turbo Mini Scout Light Pro - Die SureFire Turbo Mini Scout Light Pro Linie hat f\u00fcr immer die Regeln der Waffe Licht Vielseitigkeit neu geschrieben.","og_url":"https:\/\/eshop.tca.sk\/de\/lampen\/surefire-m340dft-turbo-mini-scout-light-pro\/","og_site_name":"TCA eShop - Tactical Combat Academy","article_modified_time":"2026-01-09T09:22:34+00:00","og_image":[{"width":1000,"height":1000,"url":"https:\/\/eshop.tca.sk\/wp-content\/uploads\/2023\/07\/M340DFT-PRO.jpg","type":"image\/jpeg"}],"twitter_card":"summary_large_image","schema":{"@context":"https:\/\/schema.org","@graph":[{"@type":"WebPage","@id":"https:\/\/eshop.tca.sk\/de\/lampen\/surefire-m340dft-turbo-mini-scout-light-pro\/","url":"https:\/\/eshop.tca.sk\/de\/lampen\/surefire-m340dft-turbo-mini-scout-light-pro\/","name":"Waffenlampe Surefire M340DFT Turbo Mini Scout Light Pro - TCA eShop - Tactical Combat Academy","isPartOf":{"@id":"https:\/\/eshop.tca.sk\/de\/#website"},"primaryImageOfPage":{"@id":"https:\/\/eshop.tca.sk\/de\/lampen\/surefire-m340dft-turbo-mini-scout-light-pro\/#primaryimage"},"image":{"@id":"https:\/\/eshop.tca.sk\/de\/lampen\/surefire-m340dft-turbo-mini-scout-light-pro\/#primaryimage"},"thumbnailUrl":"https:\/\/eshop.tca.sk\/wp-content\/uploads\/2023\/07\/M340DFT-PRO.jpg","datePublished":"2023-07-09T10:09:59+00:00","dateModified":"2026-01-09T09:22:34+00:00","description":"Surefire M340DFT Turbo Mini Scout Light Pro - Die SureFire Turbo Mini Scout Light Pro Linie hat f\u00fcr immer die Regeln der Waffe Licht Vielseitigkeit neu geschrieben.","breadcrumb":{"@id":"https:\/\/eshop.tca.sk\/de\/lampen\/surefire-m340dft-turbo-mini-scout-light-pro\/#breadcrumb"},"inLanguage":"de","potentialAction":[{"@type":"ReadAction","target":["https:\/\/eshop.tca.sk\/de\/lampen\/surefire-m340dft-turbo-mini-scout-light-pro\/"]}]},{"@type":"ImageObject","inLanguage":"de","@id":"https:\/\/eshop.tca.sk\/de\/lampen\/surefire-m340dft-turbo-mini-scout-light-pro\/#primaryimage","url":"https:\/\/eshop.tca.sk\/wp-content\/uploads\/2023\/07\/M340DFT-PRO.jpg","contentUrl":"https:\/\/eshop.tca.sk\/wp-content\/uploads\/2023\/07\/M340DFT-PRO.jpg","width":1000,"height":1000},{"@type":"BreadcrumbList","@id":"https:\/\/eshop.tca.sk\/de\/lampen\/surefire-m340dft-turbo-mini-scout-light-pro\/#breadcrumb","itemListElement":[{"@type":"ListItem","position":1,"name":"Domovsk\u00e1 str\u00e1nka","item":"https:\/\/eshop.tca.sk\/de\/"},{"@type":"ListItem","position":2,"name":"Shop","item":"https:\/\/eshop.tca.sk\/de\/shop\/"},{"@type":"ListItem","position":3,"name":"Waffenlampe Surefire M340DFT Turbo Mini Scout Light Pro"}]},{"@type":"WebSite","@id":"https:\/\/eshop.tca.sk\/de\/#website","url":"https:\/\/eshop.tca.sk\/de\/","name":"TCA eShop - Tactical Combat Academy","description":"Tactical Combat Academy","publisher":{"@id":"https:\/\/eshop.tca.sk\/de\/#organization"},"potentialAction":[{"@type":"SearchAction","target":{"@type":"EntryPoint","urlTemplate":"https:\/\/eshop.tca.sk\/de\/?s={search_term_string}"},"query-input":{"@type":"PropertyValueSpecification","valueRequired":true,"valueName":"search_term_string"}}],"inLanguage":"de"},{"@type":"Organization","@id":"https:\/\/eshop.tca.sk\/de\/#organization","name":"TCA eShop - Tactical Combat Academy","url":"https:\/\/eshop.tca.sk\/de\/","logo":{"@type":"ImageObject","inLanguage":"de","@id":"https:\/\/eshop.tca.sk\/de\/#\/schema\/logo\/image\/","url":"https:\/\/eshop.tca.sk\/wp-content\/uploads\/2025\/06\/logo-new-header.png","contentUrl":"https:\/\/eshop.tca.sk\/wp-content\/uploads\/2025\/06\/logo-new-header.png","width":300,"height":294,"caption":"TCA eShop - Tactical Combat Academy"},"image":{"@id":"https:\/\/eshop.tca.sk\/de\/#\/schema\/logo\/image\/"}}]}},"_links":{"self":[{"href":"https:\/\/eshop.tca.sk\/de\/wp-json\/wp\/v2\/product\/9601","targetHints":{"allow":["GET"]}}],"collection":[{"href":"https:\/\/eshop.tca.sk\/de\/wp-json\/wp\/v2\/product"}],"about":[{"href":"https:\/\/eshop.tca.sk\/de\/wp-json\/wp\/v2\/types\/product"}],"wp:featuredmedia":[{"embeddable":true,"href":"https:\/\/eshop.tca.sk\/de\/wp-json\/wp\/v2\/media\/13563"}],"wp:attachment":[{"href":"https:\/\/eshop.tca.sk\/de\/wp-json\/wp\/v2\/media?parent=9601"}],"wp:term":[{"taxonomy":"product_brand","embeddable":true,"href":"https:\/\/eshop.tca.sk\/de\/wp-json\/wp\/v2\/product_brand?post=9601"},{"taxonomy":"product_cat","embeddable":true,"href":"https:\/\/eshop.tca.sk\/de\/wp-json\/wp\/v2\/product_cat?post=9601"},{"taxonomy":"product_tag","embeddable":true,"href":"https:\/\/eshop.tca.sk\/de\/wp-json\/wp\/v2\/product_tag?post=9601"},{"taxonomy":"giftcard-category","embeddable":true,"href":"https:\/\/eshop.tca.sk\/de\/wp-json\/wp\/v2\/giftcard-category?post=9601"}],"curies":[{"name":"wp","href":"https:\/\/api.w.org\/{rel}","templated":true}]}}