{"id":9730,"date":"2023-06-25T17:55:12","date_gmt":"2023-06-25T15:55:12","guid":{"rendered":"https:\/\/eshop.tca.sk\/unkategorisiert\/schaft-b5-systems-bravo-schaft-mil-spec-schwarz\/"},"modified":"2025-11-26T11:57:58","modified_gmt":"2025-11-26T10:57:58","slug":"schaft-b5-systems-bravo-stock-mil-spec-black","status":"publish","type":"product","link":"https:\/\/eshop.tca.sk\/de\/schaften\/schaft-b5-systems-bravo-stock-mil-spec-black\/","title":{"rendered":"Schaft B5 Systems Bravo Schaft Mil-Spec Schwarz"},"content":{"rendered":"<h3><strong>Schaft B5 Systems Bravo Schaft Mil-Spec Schwarz<\/strong><\/h3>\n<p>Aufbauend auf dem gro\u00dfen Erfolg des verbesserten SOPMOD-Schaftes von <strong>B5 Systems<\/strong> bietet der Bravo-Schaft alle von den Endbenutzern geforderten Eigenschaften und Funktionen in einem leichteren, kompakteren und st\u00e4rkeren Design. Der Bravo-Schaft verf\u00fcgt \u00fcber die SOPMOD-Wangenst\u00fctze, eine einteilige QD-Riemenhalterung mit Schnellverschluss und Verdrehsicherung, eine rutschfeste, gepolsterte R\u00fcckwand und eine verbesserte Schaftverriegelung. Der Bravo-Schaft verzichtet auf die SOPMOD-Aufbewahrungsm\u00f6glichkeit des Schaftes, um ein schlankeres Profil zu erhalten, und sch\u00e4rft den Winkel des Hinterschaftes, um eine schnelle und konsistente Positionierung des Schaftes an Schulter und Wange zu erm\u00f6glichen. Hergestellt aus Mil-Spec-Materialien und -Oberfl\u00e4chen. Hergestellt in den USA.<\/p>\n<p><strong>Eigenschaften<\/strong><\/p>\n<ul>\n<li>Ergonomische Wangenst\u00fctze.<\/li>\n<li>Farbkoordinierte Metallelemente.<\/li>\n<li>Gepresste Metallgriffe mit Verdrehsicherung an QD-Riemen.<\/li>\n<li>Feste Riemengriffe.<\/li>\n<li>Interne Spanner.<\/li>\n<li>Ohne rutschfestes, gepolstertes Ges\u00e4\u00df.<\/li>\n<li>Feste Schaftverriegelung.<\/li>\n<li>Hergestellt aus Mil-Spec-Materialien und -Oberfl\u00e4chen.<\/li>\n<li>Sie passt auf die Mil-Spec Karabiner-Verschlussverl\u00e4ngerung.<\/li>\n<\/ul>\n","protected":false},"excerpt":{"rendered":"<p><img loading=\"lazy\" decoding=\"async\" class=\"alignnone wp-image-9580\" src=\"https:\/\/eshop.tca.sk\/wp-content\/uploads\/2023\/06\/b5-sytems-logo-1.png\" alt=\"\" width=\"75\" height=\"55\" srcset=\"https:\/\/eshop.tca.sk\/wp-content\/uploads\/2023\/06\/b5-sytems-logo-1.png 600w, https:\/\/eshop.tca.sk\/wp-content\/uploads\/2023\/06\/b5-sytems-logo-1-300x220.png 300w\" sizes=\"auto, (max-width: 75px) 100vw, 75px\" \/><\/p>\n<p>Aufbauend auf dem gro\u00dfen Erfolg des B5 Systems Enhanced SOPMOD Schaftes, bietet der B5 Bravo Schaft alle von Endverbrauchern geforderten Eigenschaften und Funktionen in einem leichteren, kompakteren und st\u00e4rkeren Schaft.<\/p>\n","protected":false},"featured_media":9577,"template":"","meta":{"inline_featured_image":false},"product_brand":[],"product_cat":[522,318],"product_tag":[523],"giftcard-category":[],"class_list":{"0":"post-9730","1":"product","2":"type-product","3":"status-publish","4":"has-post-thumbnail","6":"product_cat-schaften","7":"product_cat-waffenzubehoer","8":"product_tag-b5-systems-de","10":"first","11":"instock","12":"taxable","13":"shipping-taxable","14":"purchasable","15":"product-type-simple"},"yoast_head":"<!-- This site is optimized with the Yoast SEO plugin v26.4 - https:\/\/yoast.com\/wordpress\/plugins\/seo\/ -->\n<title>Schaft B5 Systems Bravo Schaft Mil-Spec Schwarz - TCA eShop - Tactical Combat Academy<\/title>\n<meta name=\"description\" content=\"Aufbauend auf dem gro\u00dfen Erfolg des B5 Systems Enhanced SOPMOD Schaftes, bietet der B5 Bravo Schaft alle von Endverbrauchern geforderten Eigenschaften und Funktionen in einem leichteren, kompakteren und st\u00e4rkeren Schaft.\" \/>\n<meta name=\"robots\" content=\"index, follow, max-snippet:-1, max-image-preview:large, max-video-preview:-1\" \/>\n<link rel=\"canonical\" href=\"https:\/\/eshop.tca.sk\/de\/schaften\/schaft-b5-systems-bravo-stock-mil-spec-black\/\" \/>\n<meta property=\"og:locale\" content=\"de_DE\" \/>\n<meta property=\"og:type\" content=\"article\" \/>\n<meta property=\"og:title\" content=\"Schaft B5 Systems Bravo Schaft Mil-Spec Schwarz - TCA eShop - Tactical Combat Academy\" \/>\n<meta property=\"og:description\" content=\"Aufbauend auf dem gro\u00dfen Erfolg des B5 Systems Enhanced SOPMOD Schaftes, bietet der B5 Bravo Schaft alle von Endverbrauchern geforderten Eigenschaften und Funktionen in einem leichteren, kompakteren und st\u00e4rkeren Schaft.\" \/>\n<meta property=\"og:url\" content=\"https:\/\/eshop.tca.sk\/de\/schaften\/schaft-b5-systems-bravo-stock-mil-spec-black\/\" \/>\n<meta property=\"og:site_name\" content=\"TCA eShop - Tactical Combat Academy\" \/>\n<meta property=\"article:modified_time\" content=\"2025-11-26T10:57:58+00:00\" \/>\n<meta property=\"og:image\" content=\"https:\/\/eshop.tca.sk\/wp-content\/uploads\/2023\/06\/Pazba-B5-Systems-Bravo-Stock-Mil-Spec-Black.png\" \/>\n\t<meta property=\"og:image:width\" content=\"1000\" \/>\n\t<meta property=\"og:image:height\" content=\"1000\" \/>\n\t<meta property=\"og:image:type\" content=\"image\/png\" \/>\n<meta name=\"twitter:card\" content=\"summary_large_image\" \/>\n<script type=\"application\/ld+json\" class=\"yoast-schema-graph\">{\"@context\":\"https:\/\/schema.org\",\"@graph\":[{\"@type\":\"WebPage\",\"@id\":\"https:\/\/eshop.tca.sk\/de\/schaften\/schaft-b5-systems-bravo-stock-mil-spec-black\/\",\"url\":\"https:\/\/eshop.tca.sk\/de\/schaften\/schaft-b5-systems-bravo-stock-mil-spec-black\/\",\"name\":\"Schaft B5 Systems Bravo Schaft Mil-Spec Schwarz - TCA eShop - Tactical Combat Academy\",\"isPartOf\":{\"@id\":\"https:\/\/eshop.tca.sk\/de\/#website\"},\"primaryImageOfPage\":{\"@id\":\"https:\/\/eshop.tca.sk\/de\/schaften\/schaft-b5-systems-bravo-stock-mil-spec-black\/#primaryimage\"},\"image\":{\"@id\":\"https:\/\/eshop.tca.sk\/de\/schaften\/schaft-b5-systems-bravo-stock-mil-spec-black\/#primaryimage\"},\"thumbnailUrl\":\"https:\/\/eshop.tca.sk\/wp-content\/uploads\/2023\/06\/Pazba-B5-Systems-Bravo-Stock-Mil-Spec-Black.png\",\"datePublished\":\"2023-06-25T15:55:12+00:00\",\"dateModified\":\"2025-11-26T10:57:58+00:00\",\"description\":\"Aufbauend auf dem gro\u00dfen Erfolg des B5 Systems Enhanced SOPMOD Schaftes, bietet der B5 Bravo Schaft alle von Endverbrauchern geforderten Eigenschaften und Funktionen in einem leichteren, kompakteren und st\u00e4rkeren Schaft.\",\"breadcrumb\":{\"@id\":\"https:\/\/eshop.tca.sk\/de\/schaften\/schaft-b5-systems-bravo-stock-mil-spec-black\/#breadcrumb\"},\"inLanguage\":\"de\",\"potentialAction\":[{\"@type\":\"ReadAction\",\"target\":[\"https:\/\/eshop.tca.sk\/de\/schaften\/schaft-b5-systems-bravo-stock-mil-spec-black\/\"]}]},{\"@type\":\"ImageObject\",\"inLanguage\":\"de\",\"@id\":\"https:\/\/eshop.tca.sk\/de\/schaften\/schaft-b5-systems-bravo-stock-mil-spec-black\/#primaryimage\",\"url\":\"https:\/\/eshop.tca.sk\/wp-content\/uploads\/2023\/06\/Pazba-B5-Systems-Bravo-Stock-Mil-Spec-Black.png\",\"contentUrl\":\"https:\/\/eshop.tca.sk\/wp-content\/uploads\/2023\/06\/Pazba-B5-Systems-Bravo-Stock-Mil-Spec-Black.png\",\"width\":1000,\"height\":1000},{\"@type\":\"BreadcrumbList\",\"@id\":\"https:\/\/eshop.tca.sk\/de\/schaften\/schaft-b5-systems-bravo-stock-mil-spec-black\/#breadcrumb\",\"itemListElement\":[{\"@type\":\"ListItem\",\"position\":1,\"name\":\"Domovsk\u00e1 str\u00e1nka\",\"item\":\"https:\/\/eshop.tca.sk\/de\/\"},{\"@type\":\"ListItem\",\"position\":2,\"name\":\"Shop\",\"item\":\"https:\/\/eshop.tca.sk\/de\/shop\/\"},{\"@type\":\"ListItem\",\"position\":3,\"name\":\"Schaft B5 Systems Bravo Schaft Mil-Spec Schwarz\"}]},{\"@type\":\"WebSite\",\"@id\":\"https:\/\/eshop.tca.sk\/de\/#website\",\"url\":\"https:\/\/eshop.tca.sk\/de\/\",\"name\":\"TCA eShop - Tactical Combat Academy\",\"description\":\"Tactical Combat Academy\",\"publisher\":{\"@id\":\"https:\/\/eshop.tca.sk\/de\/#organization\"},\"potentialAction\":[{\"@type\":\"SearchAction\",\"target\":{\"@type\":\"EntryPoint\",\"urlTemplate\":\"https:\/\/eshop.tca.sk\/de\/?s={search_term_string}\"},\"query-input\":{\"@type\":\"PropertyValueSpecification\",\"valueRequired\":true,\"valueName\":\"search_term_string\"}}],\"inLanguage\":\"de\"},{\"@type\":\"Organization\",\"@id\":\"https:\/\/eshop.tca.sk\/de\/#organization\",\"name\":\"TCA eShop - Tactical Combat Academy\",\"url\":\"https:\/\/eshop.tca.sk\/de\/\",\"logo\":{\"@type\":\"ImageObject\",\"inLanguage\":\"de\",\"@id\":\"https:\/\/eshop.tca.sk\/de\/#\/schema\/logo\/image\/\",\"url\":\"https:\/\/eshop.tca.sk\/wp-content\/uploads\/2025\/06\/logo-new-header.png\",\"contentUrl\":\"https:\/\/eshop.tca.sk\/wp-content\/uploads\/2025\/06\/logo-new-header.png\",\"width\":300,\"height\":294,\"caption\":\"TCA eShop - Tactical Combat Academy\"},\"image\":{\"@id\":\"https:\/\/eshop.tca.sk\/de\/#\/schema\/logo\/image\/\"}}]}<\/script>\n<!-- \/ Yoast SEO plugin. -->","yoast_head_json":{"title":"Schaft B5 Systems Bravo Schaft Mil-Spec Schwarz - TCA eShop - Tactical Combat Academy","description":"Aufbauend auf dem gro\u00dfen Erfolg des B5 Systems Enhanced SOPMOD Schaftes, bietet der B5 Bravo Schaft alle von Endverbrauchern geforderten Eigenschaften und Funktionen in einem leichteren, kompakteren und st\u00e4rkeren Schaft.","robots":{"index":"index","follow":"follow","max-snippet":"max-snippet:-1","max-image-preview":"max-image-preview:large","max-video-preview":"max-video-preview:-1"},"canonical":"https:\/\/eshop.tca.sk\/de\/schaften\/schaft-b5-systems-bravo-stock-mil-spec-black\/","og_locale":"de_DE","og_type":"article","og_title":"Schaft B5 Systems Bravo Schaft Mil-Spec Schwarz - TCA eShop - Tactical Combat Academy","og_description":"Aufbauend auf dem gro\u00dfen Erfolg des B5 Systems Enhanced SOPMOD Schaftes, bietet der B5 Bravo Schaft alle von Endverbrauchern geforderten Eigenschaften und Funktionen in einem leichteren, kompakteren und st\u00e4rkeren Schaft.","og_url":"https:\/\/eshop.tca.sk\/de\/schaften\/schaft-b5-systems-bravo-stock-mil-spec-black\/","og_site_name":"TCA eShop - Tactical Combat Academy","article_modified_time":"2025-11-26T10:57:58+00:00","og_image":[{"width":1000,"height":1000,"url":"https:\/\/eshop.tca.sk\/wp-content\/uploads\/2023\/06\/Pazba-B5-Systems-Bravo-Stock-Mil-Spec-Black.png","type":"image\/png"}],"twitter_card":"summary_large_image","schema":{"@context":"https:\/\/schema.org","@graph":[{"@type":"WebPage","@id":"https:\/\/eshop.tca.sk\/de\/schaften\/schaft-b5-systems-bravo-stock-mil-spec-black\/","url":"https:\/\/eshop.tca.sk\/de\/schaften\/schaft-b5-systems-bravo-stock-mil-spec-black\/","name":"Schaft B5 Systems Bravo Schaft Mil-Spec Schwarz - TCA eShop - Tactical Combat Academy","isPartOf":{"@id":"https:\/\/eshop.tca.sk\/de\/#website"},"primaryImageOfPage":{"@id":"https:\/\/eshop.tca.sk\/de\/schaften\/schaft-b5-systems-bravo-stock-mil-spec-black\/#primaryimage"},"image":{"@id":"https:\/\/eshop.tca.sk\/de\/schaften\/schaft-b5-systems-bravo-stock-mil-spec-black\/#primaryimage"},"thumbnailUrl":"https:\/\/eshop.tca.sk\/wp-content\/uploads\/2023\/06\/Pazba-B5-Systems-Bravo-Stock-Mil-Spec-Black.png","datePublished":"2023-06-25T15:55:12+00:00","dateModified":"2025-11-26T10:57:58+00:00","description":"Aufbauend auf dem gro\u00dfen Erfolg des B5 Systems Enhanced SOPMOD Schaftes, bietet der B5 Bravo Schaft alle von Endverbrauchern geforderten Eigenschaften und Funktionen in einem leichteren, kompakteren und st\u00e4rkeren Schaft.","breadcrumb":{"@id":"https:\/\/eshop.tca.sk\/de\/schaften\/schaft-b5-systems-bravo-stock-mil-spec-black\/#breadcrumb"},"inLanguage":"de","potentialAction":[{"@type":"ReadAction","target":["https:\/\/eshop.tca.sk\/de\/schaften\/schaft-b5-systems-bravo-stock-mil-spec-black\/"]}]},{"@type":"ImageObject","inLanguage":"de","@id":"https:\/\/eshop.tca.sk\/de\/schaften\/schaft-b5-systems-bravo-stock-mil-spec-black\/#primaryimage","url":"https:\/\/eshop.tca.sk\/wp-content\/uploads\/2023\/06\/Pazba-B5-Systems-Bravo-Stock-Mil-Spec-Black.png","contentUrl":"https:\/\/eshop.tca.sk\/wp-content\/uploads\/2023\/06\/Pazba-B5-Systems-Bravo-Stock-Mil-Spec-Black.png","width":1000,"height":1000},{"@type":"BreadcrumbList","@id":"https:\/\/eshop.tca.sk\/de\/schaften\/schaft-b5-systems-bravo-stock-mil-spec-black\/#breadcrumb","itemListElement":[{"@type":"ListItem","position":1,"name":"Domovsk\u00e1 str\u00e1nka","item":"https:\/\/eshop.tca.sk\/de\/"},{"@type":"ListItem","position":2,"name":"Shop","item":"https:\/\/eshop.tca.sk\/de\/shop\/"},{"@type":"ListItem","position":3,"name":"Schaft B5 Systems Bravo Schaft Mil-Spec Schwarz"}]},{"@type":"WebSite","@id":"https:\/\/eshop.tca.sk\/de\/#website","url":"https:\/\/eshop.tca.sk\/de\/","name":"TCA eShop - Tactical Combat Academy","description":"Tactical Combat Academy","publisher":{"@id":"https:\/\/eshop.tca.sk\/de\/#organization"},"potentialAction":[{"@type":"SearchAction","target":{"@type":"EntryPoint","urlTemplate":"https:\/\/eshop.tca.sk\/de\/?s={search_term_string}"},"query-input":{"@type":"PropertyValueSpecification","valueRequired":true,"valueName":"search_term_string"}}],"inLanguage":"de"},{"@type":"Organization","@id":"https:\/\/eshop.tca.sk\/de\/#organization","name":"TCA eShop - Tactical Combat Academy","url":"https:\/\/eshop.tca.sk\/de\/","logo":{"@type":"ImageObject","inLanguage":"de","@id":"https:\/\/eshop.tca.sk\/de\/#\/schema\/logo\/image\/","url":"https:\/\/eshop.tca.sk\/wp-content\/uploads\/2025\/06\/logo-new-header.png","contentUrl":"https:\/\/eshop.tca.sk\/wp-content\/uploads\/2025\/06\/logo-new-header.png","width":300,"height":294,"caption":"TCA eShop - Tactical Combat Academy"},"image":{"@id":"https:\/\/eshop.tca.sk\/de\/#\/schema\/logo\/image\/"}}]}},"_links":{"self":[{"href":"https:\/\/eshop.tca.sk\/de\/wp-json\/wp\/v2\/product\/9730","targetHints":{"allow":["GET"]}}],"collection":[{"href":"https:\/\/eshop.tca.sk\/de\/wp-json\/wp\/v2\/product"}],"about":[{"href":"https:\/\/eshop.tca.sk\/de\/wp-json\/wp\/v2\/types\/product"}],"wp:featuredmedia":[{"embeddable":true,"href":"https:\/\/eshop.tca.sk\/de\/wp-json\/wp\/v2\/media\/9577"}],"wp:attachment":[{"href":"https:\/\/eshop.tca.sk\/de\/wp-json\/wp\/v2\/media?parent=9730"}],"wp:term":[{"taxonomy":"product_brand","embeddable":true,"href":"https:\/\/eshop.tca.sk\/de\/wp-json\/wp\/v2\/product_brand?post=9730"},{"taxonomy":"product_cat","embeddable":true,"href":"https:\/\/eshop.tca.sk\/de\/wp-json\/wp\/v2\/product_cat?post=9730"},{"taxonomy":"product_tag","embeddable":true,"href":"https:\/\/eshop.tca.sk\/de\/wp-json\/wp\/v2\/product_tag?post=9730"},{"taxonomy":"giftcard-category","embeddable":true,"href":"https:\/\/eshop.tca.sk\/de\/wp-json\/wp\/v2\/giftcard-category?post=9730"}],"curies":[{"name":"wp","href":"https:\/\/api.w.org\/{rel}","templated":true}]}}