{"id":9731,"date":"2023-06-14T13:07:27","date_gmt":"2023-06-14T11:07:27","guid":{"rendered":"https:\/\/eshop.tca.sk\/unkategorisiert\/surefire-x300t-b\/"},"modified":"2026-01-09T10:21:21","modified_gmt":"2026-01-09T09:21:21","slug":"surefire-x300t-b","status":"publish","type":"product","link":"https:\/\/eshop.tca.sk\/de\/lampen\/surefire-x300t-b\/","title":{"rendered":"Waffenlampe Surefire X300T-B"},"content":{"rendered":"<h3><strong>Waffenlampe Surefire X300T-B<\/strong><\/h3>\n<p><strong>Die Surefire X300T<\/strong> ist eine Version der meistverkauften X300 WeaponLight Pistolenlampe. Die Leuchte ist auf die Bed\u00fcrfnisse von Fachleuten abgestimmt. Die Leuchte liefert mit 66.000 Candela ein intensives, geb\u00fcndeltes und weitreichendes wei\u00dfes Licht. <strong>Sie k\u00f6nnen sich darauf verlassen, dass die Surefire X300T Bedrohungen auf extreme Entfernungen identifiziert und gleichzeitig gen\u00fcgend diffuses Licht liefert, um Ihnen zu helfen, das Situationsbewusstsein zu erhalten.<\/strong> Das beidh\u00e4ndige Schalten mit einem Finger erm\u00f6glicht sofortiges Ein- und Ausschalten oder permanentes Ein- und Ausschalten. Die Leuchte verf\u00fcgt \u00fcber ein robustes Geh\u00e4use aus Luft- und Raumfahrtaluminium und <strong>erf\u00fcllt die Mil-Spec-Anforderungen<\/strong> an Dichtigkeit, Kratzfestigkeit und Korrosionsbest\u00e4ndigkeit. Es ist witterungsbest\u00e4ndig. Au\u00dferdem ist sie nach IPX7 bis zu 1 Meter und bis zu 30 Minuten lang wasserdicht. X300T bietet einen Qualit\u00e4tsstandard, dem Sie vertrauen k\u00f6nnen. <strong>Das Modell X300T-B<\/strong> mit Fl\u00fcgelschraubklemme und T-Nut bietet eine sichere Befestigung an Universal- und Picatinny-Zubeh\u00f6rschienen.<\/p>\n<p><strong>Variante<\/strong><\/p>\n<p>X300T-B (084871331616) &#8211; <strong>Das Modell X300T-B<\/strong> mit Fl\u00fcgelschraubenklemme und T-Nut bietet eine sichere Befestigung an Universal- und Picatinny-Zubeh\u00f6rschienen.<\/p>\n<p><strong>Eigenschaften<\/strong><\/p>\n<ul>\n<li>St\u00e4rkste Leistung mit bis zu 650 Lumen und 66.000 Candela<\/li>\n<li>Reichweite bis zu 514 m<\/li>\n<li>Stromversorgung durch 2x CR123A-Batterien im Lieferumfang enthalten<\/li>\n<li>Gewicht mit Batterien nur 124,7 g<\/li>\n<li>Die L\u00e4nge der Lampe betr\u00e4gt 9,55 cm<\/li>\n<li>Die Gesamtbetriebszeit betr\u00e4gt 1,5 Stunden, bis zu einer Lichtleistung von 60 Lumen<\/li>\n<\/ul>\n<p><iframe loading=\"lazy\" title=\"Nevyberaj Surefire baterku bez pozretia tohto videa!\" width=\"1170\" height=\"658\" src=\"https:\/\/www.youtube.com\/embed\/HTVvHFFVCsA?feature=oembed\" frameborder=\"0\" allow=\"accelerometer; autoplay; clipboard-write; encrypted-media; gyroscope; picture-in-picture; web-share\" referrerpolicy=\"strict-origin-when-cross-origin\" allowfullscreen><\/iframe><\/p>\n","protected":false},"excerpt":{"rendered":"<p><img loading=\"lazy\" decoding=\"async\" class=\"alignnone size-full wp-image-7419\" src=\"https:\/\/eshop.tca.sk\/wp-content\/uploads\/2022\/12\/SureFire_Logo.png\" alt=\"\" width=\"150\" height=\"44\"><\/p>\n<p><strong>Die Surefire X300T-B Waffenlampe<\/strong> ist eine unterh\u00e4ngende Pistolen-Lampe mit einer Hochleistungs-LED, die 650 Lumen, 66.000 Candela und eine Reichweite von bis zu 514m bietet.<\/p>\n<p><img loading=\"lazy\" decoding=\"async\" class=\"wp-image-8564 alignnone\" src=\"https:\/\/eshop.tca.sk\/wp-content\/uploads\/2023\/04\/Logo-Whack-Black-White-R-APPROVED.png\" alt=\"\" width=\"138\" height=\"75\" srcset=\"https:\/\/eshop.tca.sk\/wp-content\/uploads\/2023\/04\/Logo-Whack-Black-White-R-APPROVED.png 571w, https:\/\/eshop.tca.sk\/wp-content\/uploads\/2023\/04\/Logo-Whack-Black-White-R-APPROVED-300x163.png 300w\" sizes=\"auto, (max-width: 138px) 100vw, 138px\" \/><\/p>\n<p>Vom <strong>TCA<\/strong> und dem <strong>WHACK<\/strong>-System verwendete und empfohlene Equipment.<\/p>\n","protected":false},"featured_media":6485,"template":"","meta":{"inline_featured_image":false},"product_brand":[],"product_cat":[293],"product_tag":[294],"giftcard-category":[],"class_list":{"0":"post-9731","1":"product","2":"type-product","3":"status-publish","4":"has-post-thumbnail","6":"product_cat-lampen","7":"product_tag-surefire-de","9":"first","10":"outofstock","11":"taxable","12":"shipping-taxable","13":"purchasable","14":"product-type-simple"},"yoast_head":"<!-- This site is optimized with the Yoast SEO plugin v26.4 - https:\/\/yoast.com\/wordpress\/plugins\/seo\/ -->\n<title>Waffenlampe Surefire X300T-B - TCA eShop - Tactical Combat Academy<\/title>\n<meta name=\"description\" content=\"Die Surefire X300T-B Weapon Flashlight ist eine unterh\u00e4ngende Pistolen-Lampe mit einer Hochleistungs-LED, die 650 Lumen, 66.000 Candela und eine Reichweite von bis zu 514m bietet.\" \/>\n<meta name=\"robots\" content=\"index, follow, max-snippet:-1, max-image-preview:large, max-video-preview:-1\" \/>\n<link rel=\"canonical\" href=\"https:\/\/eshop.tca.sk\/de\/lampen\/surefire-x300t-b\/\" \/>\n<meta property=\"og:locale\" content=\"de_DE\" \/>\n<meta property=\"og:type\" content=\"article\" \/>\n<meta property=\"og:title\" content=\"Waffenlampe Surefire X300T-B - TCA eShop - Tactical Combat Academy\" \/>\n<meta property=\"og:description\" content=\"Die Surefire X300T-B Weapon Flashlight ist eine unterh\u00e4ngende Pistolen-Lampe mit einer Hochleistungs-LED, die 650 Lumen, 66.000 Candela und eine Reichweite von bis zu 514m bietet.\" \/>\n<meta property=\"og:url\" content=\"https:\/\/eshop.tca.sk\/de\/lampen\/surefire-x300t-b\/\" \/>\n<meta property=\"og:site_name\" content=\"TCA eShop - Tactical Combat Academy\" \/>\n<meta property=\"article:modified_time\" content=\"2026-01-09T09:21:21+00:00\" \/>\n<meta property=\"og:image\" content=\"https:\/\/eshop.tca.sk\/wp-content\/uploads\/2022\/10\/Surefire-X300-Ultra-Montazny-Srob-Black.png\" \/>\n\t<meta property=\"og:image:width\" content=\"600\" \/>\n\t<meta property=\"og:image:height\" content=\"600\" \/>\n\t<meta property=\"og:image:type\" content=\"image\/png\" \/>\n<meta name=\"twitter:card\" content=\"summary_large_image\" \/>\n<script type=\"application\/ld+json\" class=\"yoast-schema-graph\">{\"@context\":\"https:\/\/schema.org\",\"@graph\":[{\"@type\":\"WebPage\",\"@id\":\"https:\/\/eshop.tca.sk\/de\/lampen\/surefire-x300t-b\/\",\"url\":\"https:\/\/eshop.tca.sk\/de\/lampen\/surefire-x300t-b\/\",\"name\":\"Waffenlampe Surefire X300T-B - TCA eShop - Tactical Combat Academy\",\"isPartOf\":{\"@id\":\"https:\/\/eshop.tca.sk\/de\/#website\"},\"primaryImageOfPage\":{\"@id\":\"https:\/\/eshop.tca.sk\/de\/lampen\/surefire-x300t-b\/#primaryimage\"},\"image\":{\"@id\":\"https:\/\/eshop.tca.sk\/de\/lampen\/surefire-x300t-b\/#primaryimage\"},\"thumbnailUrl\":\"https:\/\/eshop.tca.sk\/wp-content\/uploads\/2022\/10\/Surefire-X300-Ultra-Montazny-Srob-Black.png\",\"datePublished\":\"2023-06-14T11:07:27+00:00\",\"dateModified\":\"2026-01-09T09:21:21+00:00\",\"description\":\"Die Surefire X300T-B Weapon Flashlight ist eine unterh\u00e4ngende Pistolen-Lampe mit einer Hochleistungs-LED, die 650 Lumen, 66.000 Candela und eine Reichweite von bis zu 514m bietet.\",\"breadcrumb\":{\"@id\":\"https:\/\/eshop.tca.sk\/de\/lampen\/surefire-x300t-b\/#breadcrumb\"},\"inLanguage\":\"de\",\"potentialAction\":[{\"@type\":\"ReadAction\",\"target\":[\"https:\/\/eshop.tca.sk\/de\/lampen\/surefire-x300t-b\/\"]}]},{\"@type\":\"ImageObject\",\"inLanguage\":\"de\",\"@id\":\"https:\/\/eshop.tca.sk\/de\/lampen\/surefire-x300t-b\/#primaryimage\",\"url\":\"https:\/\/eshop.tca.sk\/wp-content\/uploads\/2022\/10\/Surefire-X300-Ultra-Montazny-Srob-Black.png\",\"contentUrl\":\"https:\/\/eshop.tca.sk\/wp-content\/uploads\/2022\/10\/Surefire-X300-Ultra-Montazny-Srob-Black.png\",\"width\":600,\"height\":600,\"caption\":\"Surefire X300 Ultra, Mont\u00e1\u017eny \u0160r\u00f3b, Black\"},{\"@type\":\"BreadcrumbList\",\"@id\":\"https:\/\/eshop.tca.sk\/de\/lampen\/surefire-x300t-b\/#breadcrumb\",\"itemListElement\":[{\"@type\":\"ListItem\",\"position\":1,\"name\":\"Domovsk\u00e1 str\u00e1nka\",\"item\":\"https:\/\/eshop.tca.sk\/de\/\"},{\"@type\":\"ListItem\",\"position\":2,\"name\":\"Shop\",\"item\":\"https:\/\/eshop.tca.sk\/de\/shop\/\"},{\"@type\":\"ListItem\",\"position\":3,\"name\":\"Waffenlampe Surefire X300T-B\"}]},{\"@type\":\"WebSite\",\"@id\":\"https:\/\/eshop.tca.sk\/de\/#website\",\"url\":\"https:\/\/eshop.tca.sk\/de\/\",\"name\":\"TCA eShop - Tactical Combat Academy\",\"description\":\"Tactical Combat Academy\",\"publisher\":{\"@id\":\"https:\/\/eshop.tca.sk\/de\/#organization\"},\"potentialAction\":[{\"@type\":\"SearchAction\",\"target\":{\"@type\":\"EntryPoint\",\"urlTemplate\":\"https:\/\/eshop.tca.sk\/de\/?s={search_term_string}\"},\"query-input\":{\"@type\":\"PropertyValueSpecification\",\"valueRequired\":true,\"valueName\":\"search_term_string\"}}],\"inLanguage\":\"de\"},{\"@type\":\"Organization\",\"@id\":\"https:\/\/eshop.tca.sk\/de\/#organization\",\"name\":\"TCA eShop - Tactical Combat Academy\",\"url\":\"https:\/\/eshop.tca.sk\/de\/\",\"logo\":{\"@type\":\"ImageObject\",\"inLanguage\":\"de\",\"@id\":\"https:\/\/eshop.tca.sk\/de\/#\/schema\/logo\/image\/\",\"url\":\"https:\/\/eshop.tca.sk\/wp-content\/uploads\/2025\/06\/logo-new-header.png\",\"contentUrl\":\"https:\/\/eshop.tca.sk\/wp-content\/uploads\/2025\/06\/logo-new-header.png\",\"width\":300,\"height\":294,\"caption\":\"TCA eShop - Tactical Combat Academy\"},\"image\":{\"@id\":\"https:\/\/eshop.tca.sk\/de\/#\/schema\/logo\/image\/\"}}]}<\/script>\n<!-- \/ Yoast SEO plugin. -->","yoast_head_json":{"title":"Waffenlampe Surefire X300T-B - TCA eShop - Tactical Combat Academy","description":"Die Surefire X300T-B Weapon Flashlight ist eine unterh\u00e4ngende Pistolen-Lampe mit einer Hochleistungs-LED, die 650 Lumen, 66.000 Candela und eine Reichweite von bis zu 514m bietet.","robots":{"index":"index","follow":"follow","max-snippet":"max-snippet:-1","max-image-preview":"max-image-preview:large","max-video-preview":"max-video-preview:-1"},"canonical":"https:\/\/eshop.tca.sk\/de\/lampen\/surefire-x300t-b\/","og_locale":"de_DE","og_type":"article","og_title":"Waffenlampe Surefire X300T-B - TCA eShop - Tactical Combat Academy","og_description":"Die Surefire X300T-B Weapon Flashlight ist eine unterh\u00e4ngende Pistolen-Lampe mit einer Hochleistungs-LED, die 650 Lumen, 66.000 Candela und eine Reichweite von bis zu 514m bietet.","og_url":"https:\/\/eshop.tca.sk\/de\/lampen\/surefire-x300t-b\/","og_site_name":"TCA eShop - Tactical Combat Academy","article_modified_time":"2026-01-09T09:21:21+00:00","og_image":[{"width":600,"height":600,"url":"https:\/\/eshop.tca.sk\/wp-content\/uploads\/2022\/10\/Surefire-X300-Ultra-Montazny-Srob-Black.png","type":"image\/png"}],"twitter_card":"summary_large_image","schema":{"@context":"https:\/\/schema.org","@graph":[{"@type":"WebPage","@id":"https:\/\/eshop.tca.sk\/de\/lampen\/surefire-x300t-b\/","url":"https:\/\/eshop.tca.sk\/de\/lampen\/surefire-x300t-b\/","name":"Waffenlampe Surefire X300T-B - TCA eShop - Tactical Combat Academy","isPartOf":{"@id":"https:\/\/eshop.tca.sk\/de\/#website"},"primaryImageOfPage":{"@id":"https:\/\/eshop.tca.sk\/de\/lampen\/surefire-x300t-b\/#primaryimage"},"image":{"@id":"https:\/\/eshop.tca.sk\/de\/lampen\/surefire-x300t-b\/#primaryimage"},"thumbnailUrl":"https:\/\/eshop.tca.sk\/wp-content\/uploads\/2022\/10\/Surefire-X300-Ultra-Montazny-Srob-Black.png","datePublished":"2023-06-14T11:07:27+00:00","dateModified":"2026-01-09T09:21:21+00:00","description":"Die Surefire X300T-B Weapon Flashlight ist eine unterh\u00e4ngende Pistolen-Lampe mit einer Hochleistungs-LED, die 650 Lumen, 66.000 Candela und eine Reichweite von bis zu 514m bietet.","breadcrumb":{"@id":"https:\/\/eshop.tca.sk\/de\/lampen\/surefire-x300t-b\/#breadcrumb"},"inLanguage":"de","potentialAction":[{"@type":"ReadAction","target":["https:\/\/eshop.tca.sk\/de\/lampen\/surefire-x300t-b\/"]}]},{"@type":"ImageObject","inLanguage":"de","@id":"https:\/\/eshop.tca.sk\/de\/lampen\/surefire-x300t-b\/#primaryimage","url":"https:\/\/eshop.tca.sk\/wp-content\/uploads\/2022\/10\/Surefire-X300-Ultra-Montazny-Srob-Black.png","contentUrl":"https:\/\/eshop.tca.sk\/wp-content\/uploads\/2022\/10\/Surefire-X300-Ultra-Montazny-Srob-Black.png","width":600,"height":600,"caption":"Surefire X300 Ultra, Mont\u00e1\u017eny \u0160r\u00f3b, Black"},{"@type":"BreadcrumbList","@id":"https:\/\/eshop.tca.sk\/de\/lampen\/surefire-x300t-b\/#breadcrumb","itemListElement":[{"@type":"ListItem","position":1,"name":"Domovsk\u00e1 str\u00e1nka","item":"https:\/\/eshop.tca.sk\/de\/"},{"@type":"ListItem","position":2,"name":"Shop","item":"https:\/\/eshop.tca.sk\/de\/shop\/"},{"@type":"ListItem","position":3,"name":"Waffenlampe Surefire X300T-B"}]},{"@type":"WebSite","@id":"https:\/\/eshop.tca.sk\/de\/#website","url":"https:\/\/eshop.tca.sk\/de\/","name":"TCA eShop - Tactical Combat Academy","description":"Tactical Combat Academy","publisher":{"@id":"https:\/\/eshop.tca.sk\/de\/#organization"},"potentialAction":[{"@type":"SearchAction","target":{"@type":"EntryPoint","urlTemplate":"https:\/\/eshop.tca.sk\/de\/?s={search_term_string}"},"query-input":{"@type":"PropertyValueSpecification","valueRequired":true,"valueName":"search_term_string"}}],"inLanguage":"de"},{"@type":"Organization","@id":"https:\/\/eshop.tca.sk\/de\/#organization","name":"TCA eShop - Tactical Combat Academy","url":"https:\/\/eshop.tca.sk\/de\/","logo":{"@type":"ImageObject","inLanguage":"de","@id":"https:\/\/eshop.tca.sk\/de\/#\/schema\/logo\/image\/","url":"https:\/\/eshop.tca.sk\/wp-content\/uploads\/2025\/06\/logo-new-header.png","contentUrl":"https:\/\/eshop.tca.sk\/wp-content\/uploads\/2025\/06\/logo-new-header.png","width":300,"height":294,"caption":"TCA eShop - Tactical Combat Academy"},"image":{"@id":"https:\/\/eshop.tca.sk\/de\/#\/schema\/logo\/image\/"}}]}},"_links":{"self":[{"href":"https:\/\/eshop.tca.sk\/de\/wp-json\/wp\/v2\/product\/9731","targetHints":{"allow":["GET"]}}],"collection":[{"href":"https:\/\/eshop.tca.sk\/de\/wp-json\/wp\/v2\/product"}],"about":[{"href":"https:\/\/eshop.tca.sk\/de\/wp-json\/wp\/v2\/types\/product"}],"wp:featuredmedia":[{"embeddable":true,"href":"https:\/\/eshop.tca.sk\/de\/wp-json\/wp\/v2\/media\/6485"}],"wp:attachment":[{"href":"https:\/\/eshop.tca.sk\/de\/wp-json\/wp\/v2\/media?parent=9731"}],"wp:term":[{"taxonomy":"product_brand","embeddable":true,"href":"https:\/\/eshop.tca.sk\/de\/wp-json\/wp\/v2\/product_brand?post=9731"},{"taxonomy":"product_cat","embeddable":true,"href":"https:\/\/eshop.tca.sk\/de\/wp-json\/wp\/v2\/product_cat?post=9731"},{"taxonomy":"product_tag","embeddable":true,"href":"https:\/\/eshop.tca.sk\/de\/wp-json\/wp\/v2\/product_tag?post=9731"},{"taxonomy":"giftcard-category","embeddable":true,"href":"https:\/\/eshop.tca.sk\/de\/wp-json\/wp\/v2\/giftcard-category?post=9731"}],"curies":[{"name":"wp","href":"https:\/\/api.w.org\/{rel}","templated":true}]}}