{"id":9790,"date":"2023-09-11T16:05:44","date_gmt":"2023-09-11T14:05:44","guid":{"rendered":"https:\/\/eshop.tca.sk\/?post_type=product&#038;p=9790"},"modified":"2025-11-23T19:28:30","modified_gmt":"2025-11-23T18:28:30","slug":"esstac-5-56-single-kywi-shorty-pouch-naked-multicam-black","status":"publish","type":"product","link":"https:\/\/eshop.tca.sk\/de\/ausruestung\/esstac-5-56-single-kywi-shorty-pouch-naked-multicam-black\/","title":{"rendered":"Gewehrholster f\u00fcr Magazine Esstac 5.56 Single KYWI Shorty Pouch Naked MULTICAM BLACK"},"content":{"rendered":"<h3>Gewehrholster f\u00fcr Magazine Esstac 5.56 Single KYWI Shorty Pouch Naked MULTICAM BLACK<\/h3>\n<p>Das einfache, benutzerfreundliche und sehr intuitive Design der KYWI Magazintasche ist wie kein anderes. Dank der hybriden Konstruktion aus Kydex und Nylon erhalten Sie die Steifigkeit, die Sie von einem Kydex-Holster erwarten, und die Abwesenheit von Ger\u00e4uschen, die Sie von einem Nylon-Holster erwarten. Diese Holster verf\u00fcgen \u00fcber einen Kydex-Keil-Liner (KYWI), der die notwendige Retention bietet, um Magazine zu sichern, ohne dass ein Bungee-Seil f\u00fcr einen schnellen Magazinwechsel erforderlich ist.<\/p>\n<h4><strong>Eigenschaften::<\/strong><\/h4>\n<ul>\n<li>Dieses Holster ist f\u00fcr STANAG: AR15\/M4 Style Magazine konzipiert<\/li>\n<li>AK-Magazine passen nicht in diesen Koffer<\/li>\n<li>Hybriddesign aus Kydex und Nylon<\/li>\n<li>Kydex-Keil-Liner (KYWI) sorgt f\u00fcr Halt<\/li>\n<li>Die Tasche ist 3,5\u2033 hoch<\/li>\n<li>Erfordert Befestigungsmaterial<\/li>\n<\/ul>\n<p>&nbsp;<\/p>\n","protected":false},"excerpt":{"rendered":"<p><img loading=\"lazy\" decoding=\"async\" class=\"alignnone wp-image-9807\" src=\"https:\/\/eshop.tca.sk\/wp-content\/uploads\/2023\/09\/logo-esstac-3.png\" alt=\"\" width=\"123\" height=\"28\"><\/p>\n<p>Das einfache, benutzerfreundliche und sehr intuitive Design der KYWI Magazintasche ist wie kein anderes.<\/p>\n<p><img loading=\"lazy\" decoding=\"async\" class=\"wp-image-8564 alignnone\" src=\"https:\/\/eshop.tca.sk\/wp-content\/uploads\/2023\/04\/Logo-Whack-Black-White-R-APPROVED.png\" alt=\"\" width=\"138\" height=\"75\" srcset=\"https:\/\/eshop.tca.sk\/wp-content\/uploads\/2023\/04\/Logo-Whack-Black-White-R-APPROVED.png 571w, https:\/\/eshop.tca.sk\/wp-content\/uploads\/2023\/04\/Logo-Whack-Black-White-R-APPROVED-300x163.png 300w\" sizes=\"auto, (max-width: 138px) 100vw, 138px\" \/><\/p>\n<p>Vom <strong>TCA<\/strong> und dem <strong>WHACK<\/strong>-System verwendete und empfohlene Equipment.<\/p>\n","protected":false},"featured_media":9919,"template":"","meta":{"inline_featured_image":false},"product_brand":[],"product_cat":[323,319],"product_tag":[532],"giftcard-category":[],"class_list":{"0":"post-9790","1":"product","2":"type-product","3":"status-publish","4":"has-post-thumbnail","6":"product_cat-ausruestung","7":"product_cat-waffenholster","8":"product_tag-esstac-de","10":"first","11":"instock","12":"taxable","13":"shipping-taxable","14":"purchasable","15":"product-type-simple"},"yoast_head":"<!-- This site is optimized with the Yoast SEO plugin v26.4 - https:\/\/yoast.com\/wordpress\/plugins\/seo\/ -->\n<title>Gewehrholster f\u00fcr Magazine Esstac 5.56 Single KYWI Shorty Pouch Naked MULTICAM BLACK - TCA eShop - Tactical Combat Academy<\/title>\n<meta name=\"description\" content=\"Esstac 5.56 Single KYWI Shorty Pouch Naked MULTICAM BLACK - Das einfache, benutzerfreundliche und sehr intuitive Design der KYWI Magazintasche ist wie kein anderes.\" \/>\n<meta name=\"robots\" content=\"index, follow, max-snippet:-1, max-image-preview:large, max-video-preview:-1\" \/>\n<link rel=\"canonical\" href=\"https:\/\/eshop.tca.sk\/de\/ausruestung\/esstac-5-56-single-kywi-shorty-pouch-naked-multicam-black\/\" \/>\n<meta property=\"og:locale\" content=\"de_DE\" \/>\n<meta property=\"og:type\" content=\"article\" \/>\n<meta property=\"og:title\" content=\"Gewehrholster f\u00fcr Magazine Esstac 5.56 Single KYWI Shorty Pouch Naked MULTICAM BLACK - TCA eShop - Tactical Combat Academy\" \/>\n<meta property=\"og:description\" content=\"Esstac 5.56 Single KYWI Shorty Pouch Naked MULTICAM BLACK - Das einfache, benutzerfreundliche und sehr intuitive Design der KYWI Magazintasche ist wie kein anderes.\" \/>\n<meta property=\"og:url\" content=\"https:\/\/eshop.tca.sk\/de\/ausruestung\/esstac-5-56-single-kywi-shorty-pouch-naked-multicam-black\/\" \/>\n<meta property=\"og:site_name\" content=\"TCA eShop - Tactical Combat Academy\" \/>\n<meta property=\"article:modified_time\" content=\"2025-11-23T18:28:30+00:00\" \/>\n<meta property=\"og:image\" content=\"https:\/\/eshop.tca.sk\/wp-content\/uploads\/2023\/09\/Esstac-5.56-Single-KYWI-Shorty-Pouch-Naked-multicam-black_0003_j9cVtp67JrroPeCBNijLdP.jpg\" \/>\n\t<meta property=\"og:image:width\" content=\"1000\" \/>\n\t<meta property=\"og:image:height\" content=\"1000\" \/>\n\t<meta property=\"og:image:type\" content=\"image\/jpeg\" \/>\n<meta name=\"twitter:card\" content=\"summary_large_image\" \/>\n<script type=\"application\/ld+json\" class=\"yoast-schema-graph\">{\"@context\":\"https:\/\/schema.org\",\"@graph\":[{\"@type\":\"WebPage\",\"@id\":\"https:\/\/eshop.tca.sk\/de\/ausruestung\/esstac-5-56-single-kywi-shorty-pouch-naked-multicam-black\/\",\"url\":\"https:\/\/eshop.tca.sk\/de\/ausruestung\/esstac-5-56-single-kywi-shorty-pouch-naked-multicam-black\/\",\"name\":\"Gewehrholster f\u00fcr Magazine Esstac 5.56 Single KYWI Shorty Pouch Naked MULTICAM BLACK - TCA eShop - Tactical Combat Academy\",\"isPartOf\":{\"@id\":\"https:\/\/eshop.tca.sk\/de\/#website\"},\"primaryImageOfPage\":{\"@id\":\"https:\/\/eshop.tca.sk\/de\/ausruestung\/esstac-5-56-single-kywi-shorty-pouch-naked-multicam-black\/#primaryimage\"},\"image\":{\"@id\":\"https:\/\/eshop.tca.sk\/de\/ausruestung\/esstac-5-56-single-kywi-shorty-pouch-naked-multicam-black\/#primaryimage\"},\"thumbnailUrl\":\"https:\/\/eshop.tca.sk\/wp-content\/uploads\/2023\/09\/Esstac-5.56-Single-KYWI-Shorty-Pouch-Naked-multicam-black_0003_j9cVtp67JrroPeCBNijLdP.jpg\",\"datePublished\":\"2023-09-11T14:05:44+00:00\",\"dateModified\":\"2025-11-23T18:28:30+00:00\",\"description\":\"Esstac 5.56 Single KYWI Shorty Pouch Naked MULTICAM BLACK - Das einfache, benutzerfreundliche und sehr intuitive Design der KYWI Magazintasche ist wie kein anderes.\",\"breadcrumb\":{\"@id\":\"https:\/\/eshop.tca.sk\/de\/ausruestung\/esstac-5-56-single-kywi-shorty-pouch-naked-multicam-black\/#breadcrumb\"},\"inLanguage\":\"de\",\"potentialAction\":[{\"@type\":\"ReadAction\",\"target\":[\"https:\/\/eshop.tca.sk\/de\/ausruestung\/esstac-5-56-single-kywi-shorty-pouch-naked-multicam-black\/\"]}]},{\"@type\":\"ImageObject\",\"inLanguage\":\"de\",\"@id\":\"https:\/\/eshop.tca.sk\/de\/ausruestung\/esstac-5-56-single-kywi-shorty-pouch-naked-multicam-black\/#primaryimage\",\"url\":\"https:\/\/eshop.tca.sk\/wp-content\/uploads\/2023\/09\/Esstac-5.56-Single-KYWI-Shorty-Pouch-Naked-multicam-black_0003_j9cVtp67JrroPeCBNijLdP.jpg\",\"contentUrl\":\"https:\/\/eshop.tca.sk\/wp-content\/uploads\/2023\/09\/Esstac-5.56-Single-KYWI-Shorty-Pouch-Naked-multicam-black_0003_j9cVtp67JrroPeCBNijLdP.jpg\",\"width\":1000,\"height\":1000},{\"@type\":\"BreadcrumbList\",\"@id\":\"https:\/\/eshop.tca.sk\/de\/ausruestung\/esstac-5-56-single-kywi-shorty-pouch-naked-multicam-black\/#breadcrumb\",\"itemListElement\":[{\"@type\":\"ListItem\",\"position\":1,\"name\":\"Domovsk\u00e1 str\u00e1nka\",\"item\":\"https:\/\/eshop.tca.sk\/de\/\"},{\"@type\":\"ListItem\",\"position\":2,\"name\":\"Shop\",\"item\":\"https:\/\/eshop.tca.sk\/de\/shop\/\"},{\"@type\":\"ListItem\",\"position\":3,\"name\":\"Gewehrholster f\u00fcr Magazine Esstac 5.56 Single KYWI Shorty Pouch Naked MULTICAM BLACK\"}]},{\"@type\":\"WebSite\",\"@id\":\"https:\/\/eshop.tca.sk\/de\/#website\",\"url\":\"https:\/\/eshop.tca.sk\/de\/\",\"name\":\"TCA eShop - Tactical Combat Academy\",\"description\":\"Tactical Combat Academy\",\"publisher\":{\"@id\":\"https:\/\/eshop.tca.sk\/de\/#organization\"},\"potentialAction\":[{\"@type\":\"SearchAction\",\"target\":{\"@type\":\"EntryPoint\",\"urlTemplate\":\"https:\/\/eshop.tca.sk\/de\/?s={search_term_string}\"},\"query-input\":{\"@type\":\"PropertyValueSpecification\",\"valueRequired\":true,\"valueName\":\"search_term_string\"}}],\"inLanguage\":\"de\"},{\"@type\":\"Organization\",\"@id\":\"https:\/\/eshop.tca.sk\/de\/#organization\",\"name\":\"TCA eShop - Tactical Combat Academy\",\"url\":\"https:\/\/eshop.tca.sk\/de\/\",\"logo\":{\"@type\":\"ImageObject\",\"inLanguage\":\"de\",\"@id\":\"https:\/\/eshop.tca.sk\/de\/#\/schema\/logo\/image\/\",\"url\":\"https:\/\/eshop.tca.sk\/wp-content\/uploads\/2025\/06\/logo-new-header.png\",\"contentUrl\":\"https:\/\/eshop.tca.sk\/wp-content\/uploads\/2025\/06\/logo-new-header.png\",\"width\":300,\"height\":294,\"caption\":\"TCA eShop - Tactical Combat Academy\"},\"image\":{\"@id\":\"https:\/\/eshop.tca.sk\/de\/#\/schema\/logo\/image\/\"}}]}<\/script>\n<!-- \/ Yoast SEO plugin. -->","yoast_head_json":{"title":"Gewehrholster f\u00fcr Magazine Esstac 5.56 Single KYWI Shorty Pouch Naked MULTICAM BLACK - TCA eShop - Tactical Combat Academy","description":"Esstac 5.56 Single KYWI Shorty Pouch Naked MULTICAM BLACK - Das einfache, benutzerfreundliche und sehr intuitive Design der KYWI Magazintasche ist wie kein anderes.","robots":{"index":"index","follow":"follow","max-snippet":"max-snippet:-1","max-image-preview":"max-image-preview:large","max-video-preview":"max-video-preview:-1"},"canonical":"https:\/\/eshop.tca.sk\/de\/ausruestung\/esstac-5-56-single-kywi-shorty-pouch-naked-multicam-black\/","og_locale":"de_DE","og_type":"article","og_title":"Gewehrholster f\u00fcr Magazine Esstac 5.56 Single KYWI Shorty Pouch Naked MULTICAM BLACK - TCA eShop - Tactical Combat Academy","og_description":"Esstac 5.56 Single KYWI Shorty Pouch Naked MULTICAM BLACK - Das einfache, benutzerfreundliche und sehr intuitive Design der KYWI Magazintasche ist wie kein anderes.","og_url":"https:\/\/eshop.tca.sk\/de\/ausruestung\/esstac-5-56-single-kywi-shorty-pouch-naked-multicam-black\/","og_site_name":"TCA eShop - Tactical Combat Academy","article_modified_time":"2025-11-23T18:28:30+00:00","og_image":[{"width":1000,"height":1000,"url":"https:\/\/eshop.tca.sk\/wp-content\/uploads\/2023\/09\/Esstac-5.56-Single-KYWI-Shorty-Pouch-Naked-multicam-black_0003_j9cVtp67JrroPeCBNijLdP.jpg","type":"image\/jpeg"}],"twitter_card":"summary_large_image","schema":{"@context":"https:\/\/schema.org","@graph":[{"@type":"WebPage","@id":"https:\/\/eshop.tca.sk\/de\/ausruestung\/esstac-5-56-single-kywi-shorty-pouch-naked-multicam-black\/","url":"https:\/\/eshop.tca.sk\/de\/ausruestung\/esstac-5-56-single-kywi-shorty-pouch-naked-multicam-black\/","name":"Gewehrholster f\u00fcr Magazine Esstac 5.56 Single KYWI Shorty Pouch Naked MULTICAM BLACK - TCA eShop - Tactical Combat Academy","isPartOf":{"@id":"https:\/\/eshop.tca.sk\/de\/#website"},"primaryImageOfPage":{"@id":"https:\/\/eshop.tca.sk\/de\/ausruestung\/esstac-5-56-single-kywi-shorty-pouch-naked-multicam-black\/#primaryimage"},"image":{"@id":"https:\/\/eshop.tca.sk\/de\/ausruestung\/esstac-5-56-single-kywi-shorty-pouch-naked-multicam-black\/#primaryimage"},"thumbnailUrl":"https:\/\/eshop.tca.sk\/wp-content\/uploads\/2023\/09\/Esstac-5.56-Single-KYWI-Shorty-Pouch-Naked-multicam-black_0003_j9cVtp67JrroPeCBNijLdP.jpg","datePublished":"2023-09-11T14:05:44+00:00","dateModified":"2025-11-23T18:28:30+00:00","description":"Esstac 5.56 Single KYWI Shorty Pouch Naked MULTICAM BLACK - Das einfache, benutzerfreundliche und sehr intuitive Design der KYWI Magazintasche ist wie kein anderes.","breadcrumb":{"@id":"https:\/\/eshop.tca.sk\/de\/ausruestung\/esstac-5-56-single-kywi-shorty-pouch-naked-multicam-black\/#breadcrumb"},"inLanguage":"de","potentialAction":[{"@type":"ReadAction","target":["https:\/\/eshop.tca.sk\/de\/ausruestung\/esstac-5-56-single-kywi-shorty-pouch-naked-multicam-black\/"]}]},{"@type":"ImageObject","inLanguage":"de","@id":"https:\/\/eshop.tca.sk\/de\/ausruestung\/esstac-5-56-single-kywi-shorty-pouch-naked-multicam-black\/#primaryimage","url":"https:\/\/eshop.tca.sk\/wp-content\/uploads\/2023\/09\/Esstac-5.56-Single-KYWI-Shorty-Pouch-Naked-multicam-black_0003_j9cVtp67JrroPeCBNijLdP.jpg","contentUrl":"https:\/\/eshop.tca.sk\/wp-content\/uploads\/2023\/09\/Esstac-5.56-Single-KYWI-Shorty-Pouch-Naked-multicam-black_0003_j9cVtp67JrroPeCBNijLdP.jpg","width":1000,"height":1000},{"@type":"BreadcrumbList","@id":"https:\/\/eshop.tca.sk\/de\/ausruestung\/esstac-5-56-single-kywi-shorty-pouch-naked-multicam-black\/#breadcrumb","itemListElement":[{"@type":"ListItem","position":1,"name":"Domovsk\u00e1 str\u00e1nka","item":"https:\/\/eshop.tca.sk\/de\/"},{"@type":"ListItem","position":2,"name":"Shop","item":"https:\/\/eshop.tca.sk\/de\/shop\/"},{"@type":"ListItem","position":3,"name":"Gewehrholster f\u00fcr Magazine Esstac 5.56 Single KYWI Shorty Pouch Naked MULTICAM BLACK"}]},{"@type":"WebSite","@id":"https:\/\/eshop.tca.sk\/de\/#website","url":"https:\/\/eshop.tca.sk\/de\/","name":"TCA eShop - Tactical Combat Academy","description":"Tactical Combat Academy","publisher":{"@id":"https:\/\/eshop.tca.sk\/de\/#organization"},"potentialAction":[{"@type":"SearchAction","target":{"@type":"EntryPoint","urlTemplate":"https:\/\/eshop.tca.sk\/de\/?s={search_term_string}"},"query-input":{"@type":"PropertyValueSpecification","valueRequired":true,"valueName":"search_term_string"}}],"inLanguage":"de"},{"@type":"Organization","@id":"https:\/\/eshop.tca.sk\/de\/#organization","name":"TCA eShop - Tactical Combat Academy","url":"https:\/\/eshop.tca.sk\/de\/","logo":{"@type":"ImageObject","inLanguage":"de","@id":"https:\/\/eshop.tca.sk\/de\/#\/schema\/logo\/image\/","url":"https:\/\/eshop.tca.sk\/wp-content\/uploads\/2025\/06\/logo-new-header.png","contentUrl":"https:\/\/eshop.tca.sk\/wp-content\/uploads\/2025\/06\/logo-new-header.png","width":300,"height":294,"caption":"TCA eShop - Tactical Combat Academy"},"image":{"@id":"https:\/\/eshop.tca.sk\/de\/#\/schema\/logo\/image\/"}}]}},"_links":{"self":[{"href":"https:\/\/eshop.tca.sk\/de\/wp-json\/wp\/v2\/product\/9790","targetHints":{"allow":["GET"]}}],"collection":[{"href":"https:\/\/eshop.tca.sk\/de\/wp-json\/wp\/v2\/product"}],"about":[{"href":"https:\/\/eshop.tca.sk\/de\/wp-json\/wp\/v2\/types\/product"}],"wp:featuredmedia":[{"embeddable":true,"href":"https:\/\/eshop.tca.sk\/de\/wp-json\/wp\/v2\/media\/9919"}],"wp:attachment":[{"href":"https:\/\/eshop.tca.sk\/de\/wp-json\/wp\/v2\/media?parent=9790"}],"wp:term":[{"taxonomy":"product_brand","embeddable":true,"href":"https:\/\/eshop.tca.sk\/de\/wp-json\/wp\/v2\/product_brand?post=9790"},{"taxonomy":"product_cat","embeddable":true,"href":"https:\/\/eshop.tca.sk\/de\/wp-json\/wp\/v2\/product_cat?post=9790"},{"taxonomy":"product_tag","embeddable":true,"href":"https:\/\/eshop.tca.sk\/de\/wp-json\/wp\/v2\/product_tag?post=9790"},{"taxonomy":"giftcard-category","embeddable":true,"href":"https:\/\/eshop.tca.sk\/de\/wp-json\/wp\/v2\/giftcard-category?post=9790"}],"curies":[{"name":"wp","href":"https:\/\/api.w.org\/{rel}","templated":true}]}}