{"id":9841,"date":"2023-09-14T13:17:50","date_gmt":"2023-09-14T11:17:50","guid":{"rendered":"https:\/\/eshop.tca.sk\/?post_type=product&#038;p=9841"},"modified":"2025-11-26T12:02:40","modified_gmt":"2025-11-26T11:02:40","slug":"esstac-malice-clips-short-black","status":"publish","type":"product","link":"https:\/\/eshop.tca.sk\/de\/ausruestung\/esstac-malice-clips-short-black\/","title":{"rendered":"Esstac Malice Clips Short BLACK"},"content":{"rendered":"<h3><strong>Esstac Malice Clips Short BLACK<\/strong><\/h3>\n<h4><strong>Eigenschaften::<\/strong><\/h4>\n<ul>\n<li>Wiederverwendbare, hochfeste Verbindungsclips, die zur Befestigung von modularen Taschen an Westen, G\u00fcrteln, Rucks\u00e4cken und MOLLE-\/PALS-Ausr\u00fcstung entwickelt wurden.<\/li>\n<li>Sie sind hitze- und k\u00e4ltebest\u00e4ndig, korrodieren nicht und verlieren nicht ihre ged\u00e4mpfte Oberfl\u00e4che.<\/li>\n<li>Nach dem Anbringen muss ein flacher Gegenstand (Schraubenzieher, Autoschl\u00fcssel, Messerspitze, Kugelschreiber) in den \u00d6ffnungsschlitz auf der R\u00fcckseite des Clips eingef\u00fchrt werden, um ihn zu entriegeln.<\/li>\n<li>Der Clip \u00f6ffnet sich erst, wenn er vom Benutzer entriegelt wird.<\/li>\n<li>Die kleinen Malice Clips sind die vielseitigsten &#8211; sie passen an fast alle Gegenst\u00e4nde, die einen MALICE Clip verwenden, wie z. B. Munitionstaschen, Feldflaschen, SAW oder Erste-Hilfe-Taschen.<\/li>\n<li>Mit den kleinen Malice Clips k\u00f6nnen Sie eine alte Tasche sicher an einer MOLLE-Weste befestigen.<\/li>\n<li>Sie k\u00f6nnen die Malice Clips auch als Ersatz f\u00fcr die alten Metallclips verwenden, um Ihre Ausr\u00fcstung sicherer zu befestigen.<\/li>\n<\/ul>\n","protected":false},"excerpt":{"rendered":"<p><img loading=\"lazy\" decoding=\"async\" class=\"alignnone wp-image-9807\" src=\"https:\/\/eshop.tca.sk\/wp-content\/uploads\/2023\/09\/logo-esstac-3.png\" alt=\"\" width=\"123\" height=\"28\"><\/p>\n<p>Wiederverwendbare, hochfeste Verbindungsclips, die zur Befestigung von modularen Taschen an Westen, G\u00fcrteln, Rucks\u00e4cken und MOLLE-\/PALS-Ausr\u00fcstung entwickelt wurden.<\/p>\n<p><img loading=\"lazy\" decoding=\"async\" class=\"wp-image-8564 alignnone\" src=\"https:\/\/eshop.tca.sk\/wp-content\/uploads\/2023\/04\/Logo-Whack-Black-White-R-APPROVED.png\" alt=\"\" width=\"138\" height=\"75\" srcset=\"https:\/\/eshop.tca.sk\/wp-content\/uploads\/2023\/04\/Logo-Whack-Black-White-R-APPROVED.png 571w, https:\/\/eshop.tca.sk\/wp-content\/uploads\/2023\/04\/Logo-Whack-Black-White-R-APPROVED-300x163.png 300w\" sizes=\"auto, (max-width: 138px) 100vw, 138px\" \/><\/p>\n<p>Vom <strong>TCA<\/strong> und dem <strong>WHACK<\/strong>-System verwendete und empfohlene Equipment.<\/p>\n","protected":false},"featured_media":9833,"template":"","meta":{"inline_featured_image":false},"product_brand":[],"product_cat":[323,319],"product_tag":[532],"giftcard-category":[],"class_list":{"0":"post-9841","1":"product","2":"type-product","3":"status-publish","4":"has-post-thumbnail","6":"product_cat-ausruestung","7":"product_cat-waffenholster","8":"product_tag-esstac-de","10":"first","11":"outofstock","12":"taxable","13":"shipping-taxable","14":"purchasable","15":"product-type-simple"},"yoast_head":"<!-- This site is optimized with the Yoast SEO plugin v26.4 - https:\/\/yoast.com\/wordpress\/plugins\/seo\/ -->\n<title>Esstac Malice Clips Short BLACK - TCA eShop - Tactical Combat Academy<\/title>\n<meta name=\"description\" content=\"Esstac Malice Clips Short BLACK - Wiederverwendbare, hochfeste Verbindungsclips, die zur Befestigung von modularen Taschen an Westen, G\u00fcrteln, Rucks\u00e4cken und MOLLE-\/PALS-Ausr\u00fcstung entwickelt wurden.\" \/>\n<meta name=\"robots\" content=\"index, follow, max-snippet:-1, max-image-preview:large, max-video-preview:-1\" \/>\n<link rel=\"canonical\" href=\"https:\/\/eshop.tca.sk\/de\/ausruestung\/esstac-malice-clips-short-black\/\" \/>\n<meta property=\"og:locale\" content=\"de_DE\" \/>\n<meta property=\"og:type\" content=\"article\" \/>\n<meta property=\"og:title\" content=\"Esstac Malice Clips Short BLACK - TCA eShop - Tactical Combat Academy\" \/>\n<meta property=\"og:description\" content=\"Esstac Malice Clips Short BLACK - Wiederverwendbare, hochfeste Verbindungsclips, die zur Befestigung von modularen Taschen an Westen, G\u00fcrteln, Rucks\u00e4cken und MOLLE-\/PALS-Ausr\u00fcstung entwickelt wurden.\" \/>\n<meta property=\"og:url\" content=\"https:\/\/eshop.tca.sk\/de\/ausruestung\/esstac-malice-clips-short-black\/\" \/>\n<meta property=\"og:site_name\" content=\"TCA eShop - Tactical Combat Academy\" \/>\n<meta property=\"article:modified_time\" content=\"2025-11-26T11:02:40+00:00\" \/>\n<meta property=\"og:image\" content=\"https:\/\/eshop.tca.sk\/wp-content\/uploads\/2023\/09\/Esstac-Malice-CLips-3.jpg\" \/>\n\t<meta property=\"og:image:width\" content=\"1000\" \/>\n\t<meta property=\"og:image:height\" content=\"1000\" \/>\n\t<meta property=\"og:image:type\" content=\"image\/jpeg\" \/>\n<meta name=\"twitter:card\" content=\"summary_large_image\" \/>\n<script type=\"application\/ld+json\" class=\"yoast-schema-graph\">{\"@context\":\"https:\/\/schema.org\",\"@graph\":[{\"@type\":\"WebPage\",\"@id\":\"https:\/\/eshop.tca.sk\/de\/ausruestung\/esstac-malice-clips-short-black\/\",\"url\":\"https:\/\/eshop.tca.sk\/de\/ausruestung\/esstac-malice-clips-short-black\/\",\"name\":\"Esstac Malice Clips Short BLACK - TCA eShop - Tactical Combat Academy\",\"isPartOf\":{\"@id\":\"https:\/\/eshop.tca.sk\/de\/#website\"},\"primaryImageOfPage\":{\"@id\":\"https:\/\/eshop.tca.sk\/de\/ausruestung\/esstac-malice-clips-short-black\/#primaryimage\"},\"image\":{\"@id\":\"https:\/\/eshop.tca.sk\/de\/ausruestung\/esstac-malice-clips-short-black\/#primaryimage\"},\"thumbnailUrl\":\"https:\/\/eshop.tca.sk\/wp-content\/uploads\/2023\/09\/Esstac-Malice-CLips-3.jpg\",\"datePublished\":\"2023-09-14T11:17:50+00:00\",\"dateModified\":\"2025-11-26T11:02:40+00:00\",\"description\":\"Esstac Malice Clips Short BLACK - Wiederverwendbare, hochfeste Verbindungsclips, die zur Befestigung von modularen Taschen an Westen, G\u00fcrteln, Rucks\u00e4cken und MOLLE-\/PALS-Ausr\u00fcstung entwickelt wurden.\",\"breadcrumb\":{\"@id\":\"https:\/\/eshop.tca.sk\/de\/ausruestung\/esstac-malice-clips-short-black\/#breadcrumb\"},\"inLanguage\":\"de\",\"potentialAction\":[{\"@type\":\"ReadAction\",\"target\":[\"https:\/\/eshop.tca.sk\/de\/ausruestung\/esstac-malice-clips-short-black\/\"]}]},{\"@type\":\"ImageObject\",\"inLanguage\":\"de\",\"@id\":\"https:\/\/eshop.tca.sk\/de\/ausruestung\/esstac-malice-clips-short-black\/#primaryimage\",\"url\":\"https:\/\/eshop.tca.sk\/wp-content\/uploads\/2023\/09\/Esstac-Malice-CLips-3.jpg\",\"contentUrl\":\"https:\/\/eshop.tca.sk\/wp-content\/uploads\/2023\/09\/Esstac-Malice-CLips-3.jpg\",\"width\":1000,\"height\":1000},{\"@type\":\"BreadcrumbList\",\"@id\":\"https:\/\/eshop.tca.sk\/de\/ausruestung\/esstac-malice-clips-short-black\/#breadcrumb\",\"itemListElement\":[{\"@type\":\"ListItem\",\"position\":1,\"name\":\"Domovsk\u00e1 str\u00e1nka\",\"item\":\"https:\/\/eshop.tca.sk\/de\/\"},{\"@type\":\"ListItem\",\"position\":2,\"name\":\"Shop\",\"item\":\"https:\/\/eshop.tca.sk\/de\/shop\/\"},{\"@type\":\"ListItem\",\"position\":3,\"name\":\"Esstac Malice Clips Short BLACK\"}]},{\"@type\":\"WebSite\",\"@id\":\"https:\/\/eshop.tca.sk\/de\/#website\",\"url\":\"https:\/\/eshop.tca.sk\/de\/\",\"name\":\"TCA eShop - Tactical Combat Academy\",\"description\":\"Tactical Combat Academy\",\"publisher\":{\"@id\":\"https:\/\/eshop.tca.sk\/de\/#organization\"},\"potentialAction\":[{\"@type\":\"SearchAction\",\"target\":{\"@type\":\"EntryPoint\",\"urlTemplate\":\"https:\/\/eshop.tca.sk\/de\/?s={search_term_string}\"},\"query-input\":{\"@type\":\"PropertyValueSpecification\",\"valueRequired\":true,\"valueName\":\"search_term_string\"}}],\"inLanguage\":\"de\"},{\"@type\":\"Organization\",\"@id\":\"https:\/\/eshop.tca.sk\/de\/#organization\",\"name\":\"TCA eShop - Tactical Combat Academy\",\"url\":\"https:\/\/eshop.tca.sk\/de\/\",\"logo\":{\"@type\":\"ImageObject\",\"inLanguage\":\"de\",\"@id\":\"https:\/\/eshop.tca.sk\/de\/#\/schema\/logo\/image\/\",\"url\":\"https:\/\/eshop.tca.sk\/wp-content\/uploads\/2025\/06\/logo-new-header.png\",\"contentUrl\":\"https:\/\/eshop.tca.sk\/wp-content\/uploads\/2025\/06\/logo-new-header.png\",\"width\":300,\"height\":294,\"caption\":\"TCA eShop - Tactical Combat Academy\"},\"image\":{\"@id\":\"https:\/\/eshop.tca.sk\/de\/#\/schema\/logo\/image\/\"}}]}<\/script>\n<!-- \/ Yoast SEO plugin. -->","yoast_head_json":{"title":"Esstac Malice Clips Short BLACK - TCA eShop - Tactical Combat Academy","description":"Esstac Malice Clips Short BLACK - Wiederverwendbare, hochfeste Verbindungsclips, die zur Befestigung von modularen Taschen an Westen, G\u00fcrteln, Rucks\u00e4cken und MOLLE-\/PALS-Ausr\u00fcstung entwickelt wurden.","robots":{"index":"index","follow":"follow","max-snippet":"max-snippet:-1","max-image-preview":"max-image-preview:large","max-video-preview":"max-video-preview:-1"},"canonical":"https:\/\/eshop.tca.sk\/de\/ausruestung\/esstac-malice-clips-short-black\/","og_locale":"de_DE","og_type":"article","og_title":"Esstac Malice Clips Short BLACK - TCA eShop - Tactical Combat Academy","og_description":"Esstac Malice Clips Short BLACK - Wiederverwendbare, hochfeste Verbindungsclips, die zur Befestigung von modularen Taschen an Westen, G\u00fcrteln, Rucks\u00e4cken und MOLLE-\/PALS-Ausr\u00fcstung entwickelt wurden.","og_url":"https:\/\/eshop.tca.sk\/de\/ausruestung\/esstac-malice-clips-short-black\/","og_site_name":"TCA eShop - Tactical Combat Academy","article_modified_time":"2025-11-26T11:02:40+00:00","og_image":[{"width":1000,"height":1000,"url":"https:\/\/eshop.tca.sk\/wp-content\/uploads\/2023\/09\/Esstac-Malice-CLips-3.jpg","type":"image\/jpeg"}],"twitter_card":"summary_large_image","schema":{"@context":"https:\/\/schema.org","@graph":[{"@type":"WebPage","@id":"https:\/\/eshop.tca.sk\/de\/ausruestung\/esstac-malice-clips-short-black\/","url":"https:\/\/eshop.tca.sk\/de\/ausruestung\/esstac-malice-clips-short-black\/","name":"Esstac Malice Clips Short BLACK - TCA eShop - Tactical Combat Academy","isPartOf":{"@id":"https:\/\/eshop.tca.sk\/de\/#website"},"primaryImageOfPage":{"@id":"https:\/\/eshop.tca.sk\/de\/ausruestung\/esstac-malice-clips-short-black\/#primaryimage"},"image":{"@id":"https:\/\/eshop.tca.sk\/de\/ausruestung\/esstac-malice-clips-short-black\/#primaryimage"},"thumbnailUrl":"https:\/\/eshop.tca.sk\/wp-content\/uploads\/2023\/09\/Esstac-Malice-CLips-3.jpg","datePublished":"2023-09-14T11:17:50+00:00","dateModified":"2025-11-26T11:02:40+00:00","description":"Esstac Malice Clips Short BLACK - Wiederverwendbare, hochfeste Verbindungsclips, die zur Befestigung von modularen Taschen an Westen, G\u00fcrteln, Rucks\u00e4cken und MOLLE-\/PALS-Ausr\u00fcstung entwickelt wurden.","breadcrumb":{"@id":"https:\/\/eshop.tca.sk\/de\/ausruestung\/esstac-malice-clips-short-black\/#breadcrumb"},"inLanguage":"de","potentialAction":[{"@type":"ReadAction","target":["https:\/\/eshop.tca.sk\/de\/ausruestung\/esstac-malice-clips-short-black\/"]}]},{"@type":"ImageObject","inLanguage":"de","@id":"https:\/\/eshop.tca.sk\/de\/ausruestung\/esstac-malice-clips-short-black\/#primaryimage","url":"https:\/\/eshop.tca.sk\/wp-content\/uploads\/2023\/09\/Esstac-Malice-CLips-3.jpg","contentUrl":"https:\/\/eshop.tca.sk\/wp-content\/uploads\/2023\/09\/Esstac-Malice-CLips-3.jpg","width":1000,"height":1000},{"@type":"BreadcrumbList","@id":"https:\/\/eshop.tca.sk\/de\/ausruestung\/esstac-malice-clips-short-black\/#breadcrumb","itemListElement":[{"@type":"ListItem","position":1,"name":"Domovsk\u00e1 str\u00e1nka","item":"https:\/\/eshop.tca.sk\/de\/"},{"@type":"ListItem","position":2,"name":"Shop","item":"https:\/\/eshop.tca.sk\/de\/shop\/"},{"@type":"ListItem","position":3,"name":"Esstac Malice Clips Short BLACK"}]},{"@type":"WebSite","@id":"https:\/\/eshop.tca.sk\/de\/#website","url":"https:\/\/eshop.tca.sk\/de\/","name":"TCA eShop - Tactical Combat Academy","description":"Tactical Combat Academy","publisher":{"@id":"https:\/\/eshop.tca.sk\/de\/#organization"},"potentialAction":[{"@type":"SearchAction","target":{"@type":"EntryPoint","urlTemplate":"https:\/\/eshop.tca.sk\/de\/?s={search_term_string}"},"query-input":{"@type":"PropertyValueSpecification","valueRequired":true,"valueName":"search_term_string"}}],"inLanguage":"de"},{"@type":"Organization","@id":"https:\/\/eshop.tca.sk\/de\/#organization","name":"TCA eShop - Tactical Combat Academy","url":"https:\/\/eshop.tca.sk\/de\/","logo":{"@type":"ImageObject","inLanguage":"de","@id":"https:\/\/eshop.tca.sk\/de\/#\/schema\/logo\/image\/","url":"https:\/\/eshop.tca.sk\/wp-content\/uploads\/2025\/06\/logo-new-header.png","contentUrl":"https:\/\/eshop.tca.sk\/wp-content\/uploads\/2025\/06\/logo-new-header.png","width":300,"height":294,"caption":"TCA eShop - Tactical Combat Academy"},"image":{"@id":"https:\/\/eshop.tca.sk\/de\/#\/schema\/logo\/image\/"}}]}},"_links":{"self":[{"href":"https:\/\/eshop.tca.sk\/de\/wp-json\/wp\/v2\/product\/9841","targetHints":{"allow":["GET"]}}],"collection":[{"href":"https:\/\/eshop.tca.sk\/de\/wp-json\/wp\/v2\/product"}],"about":[{"href":"https:\/\/eshop.tca.sk\/de\/wp-json\/wp\/v2\/types\/product"}],"wp:featuredmedia":[{"embeddable":true,"href":"https:\/\/eshop.tca.sk\/de\/wp-json\/wp\/v2\/media\/9833"}],"wp:attachment":[{"href":"https:\/\/eshop.tca.sk\/de\/wp-json\/wp\/v2\/media?parent=9841"}],"wp:term":[{"taxonomy":"product_brand","embeddable":true,"href":"https:\/\/eshop.tca.sk\/de\/wp-json\/wp\/v2\/product_brand?post=9841"},{"taxonomy":"product_cat","embeddable":true,"href":"https:\/\/eshop.tca.sk\/de\/wp-json\/wp\/v2\/product_cat?post=9841"},{"taxonomy":"product_tag","embeddable":true,"href":"https:\/\/eshop.tca.sk\/de\/wp-json\/wp\/v2\/product_tag?post=9841"},{"taxonomy":"giftcard-category","embeddable":true,"href":"https:\/\/eshop.tca.sk\/de\/wp-json\/wp\/v2\/giftcard-category?post=9841"}],"curies":[{"name":"wp","href":"https:\/\/api.w.org\/{rel}","templated":true}]}}