{"id":9887,"date":"2023-10-11T16:42:55","date_gmt":"2023-10-11T14:42:55","guid":{"rendered":"https:\/\/eshop.tca.sk\/unkategorisiert\/kolimator-aimpoint-duty-rds-2\/"},"modified":"2025-11-26T12:03:52","modified_gmt":"2025-11-26T11:03:52","slug":"kolimator-aimpoint-duty-rds","status":"publish","type":"product","link":"https:\/\/eshop.tca.sk\/de\/waffenzubehoer\/kolimator-aimpoint-duty-rds\/","title":{"rendered":"Kolimator Aimpoint Duty RDS"},"content":{"rendered":"<h3 class=\"a-size-large a-spacing-none\"><strong>Kolimator Aimpoint Duty RDS\u2122<\/strong><\/h3>\n<p><strong>Das Aimpoint\u00ae Duty RDS<\/strong> ist die Rotpunktvisierl\u00f6sung, auf die die Welt gewartet hat &#8211; es bietet Aimpoint Qualit\u00e4t zu einem erschwinglichen Preis. Diese kompakte, hochwertige Reflex-Optik wurde entwickelt, um die anspruchsvollen Bed\u00fcrfnisse der modernen Strafverfolgungsbeamten zu erf\u00fcllen. Das Duty RDS\u2122 (Red Dot Sight) bietet einen hellen, scharfen 2 MOA Punkt, der ideal f\u00fcr kurze bis mittlere Entfernungen ist. Alle neuen Wind- und H\u00f6henverstellungen sind b\u00fcndig montiert und wasserdicht, so dass keine Schutzkappen erforderlich sind. Die Revolver bieten h\u00f6rbare &#8220;Klicks&#8221; beim Einstellen der Optik. Der Helligkeitsschalter ist ein digitales Tastenfeld mit intuitiven Tasten, die auch mit Handschuhen leicht bedient werden k\u00f6nnen. Das Geh\u00e4use aus einer druckgeschmiedeten Aluminiumlegierung ist widerstandsf\u00e4hig gegen extreme Beanspruchung und drastische Temperaturschwankungen. Das Visier ist vibrations- und sto\u00dffest und kann bis zu einer Tiefe von 80 Fu\u00df untergetaucht werden. Es wird mit einer einzigen CR2032-Batterie betrieben, und die ACET-Technologie sorgt f\u00fcr \u00fcber 3 Jahre Dauerbetrieb bei Tageslichtposition 7 und noch l\u00e4nger bei den Nachtsichteinstellungen. Das Duty RDS wird mit einer einteiligen Torsionsmutterhalterung geliefert, und die Optik verf\u00fcgt \u00fcber aufklappbare Linsenabdeckungen &#8211; die vordere ist massiv, die hintere transparent. Das Visier ist voll kompatibel mit allen Generationen von Nachtsichtger\u00e4ten.<\/p>\n<ul>\n<li style=\"list-style-type: none;\">\n<ul>\n<li>2 MOA Rotpunkt f\u00fcr Pr\u00e4zision und schnelle Zielerfassung<\/li>\n<li>Batterielebensdauer: 30.000 Stunden (\u00fcber 3 Jahre) Dauerbetrieb mit einer Batterie auf Stufe 7<\/li>\n<li>CR2032-Batterie (im Lieferumfang enthalten)<\/li>\n<li>Einteilige Torsionsmutter-Montage<\/li>\n<li>Aufklappbare Linsenabdeckungen &#8211; vorne massiv, hinten transparent<\/li>\n<li>Hochentwickelte optische Linsen f\u00fcr verbesserte<\/li>\n<li>H\u00f6hen- und Seitenverstellung sind b\u00fcndig montiert und wasserdicht &#8211; Schutzkappen sind \u00fcberfl\u00fcssig<\/li>\n<li>Hart anodisierte, nicht reflektierende Oberfl\u00e4che<\/li>\n<li>10 Helligkeitseinstellungen: 1 Aus-Position, 4 Nachtsicht-kompatible Einstellungen und 6 Tageslicht-Einstellungen<\/li>\n<li>1X (nicht vergr\u00f6\u00dfernde) parallaxenfreie Optik<\/li>\n<li>Untertauchbar bis 25 Meter (80 Fu\u00df)<\/li>\n<li>Temperaturbereich -49\u00b0F bis +160\u00b0F<\/li>\n<li>Gewicht 108 g (nur Visier)<\/li>\n<li>L\u00e4nge x Breite x H\u00f6he 68 x 37 x 43 mm (2,7 x 1,5 x 1,7 Zoll)<\/li>\n<\/ul>\n<\/li>\n<\/ul>\n<p><iframe loading=\"lazy\" title=\"Aimpoint DutyRDS 360\" width=\"1170\" height=\"658\" src=\"https:\/\/www.youtube.com\/embed\/veSX0R264g4?feature=oembed\" frameborder=\"0\" allow=\"accelerometer; autoplay; clipboard-write; encrypted-media; gyroscope; picture-in-picture; web-share\" allowfullscreen><\/iframe><\/p>\n","protected":false},"excerpt":{"rendered":"<p><img loading=\"lazy\" decoding=\"async\" class=\"alignnone size-full wp-image-7487\" src=\"https:\/\/eshop.tca.sk\/wp-content\/uploads\/2022\/12\/Aimpoint_logo.svg.png\" alt=\"\" width=\"150\" height=\"32\"><\/p>\n<p><strong>Das Aimpoint\u00ae Duty RDS<\/strong> ist die Rotpunktvisierl\u00f6sung, auf die die Welt gewartet hat &#8211; es bietet Aimpoint Qualit\u00e4t zu einem erschwinglichen Preis.<\/p>\n<p><img loading=\"lazy\" decoding=\"async\" class=\"wp-image-8564 alignnone\" src=\"https:\/\/eshop.tca.sk\/wp-content\/uploads\/2023\/04\/Logo-Whack-Black-White-R-APPROVED.png\" alt=\"\" width=\"138\" height=\"75\" srcset=\"https:\/\/eshop.tca.sk\/wp-content\/uploads\/2023\/04\/Logo-Whack-Black-White-R-APPROVED.png 571w, https:\/\/eshop.tca.sk\/wp-content\/uploads\/2023\/04\/Logo-Whack-Black-White-R-APPROVED-300x163.png 300w\" sizes=\"auto, (max-width: 138px) 100vw, 138px\" \/><\/p>\n<p>Vom <strong>TCA<\/strong> und dem <strong>WHACK<\/strong>-System verwendete und empfohlene Equipment.<\/p>\n","protected":false},"featured_media":8418,"template":"","meta":{"inline_featured_image":false},"product_brand":[],"product_cat":[320,318],"product_tag":[376],"giftcard-category":[],"class_list":{"0":"post-9887","1":"product","2":"type-product","3":"status-publish","4":"has-post-thumbnail","6":"product_cat-optik","7":"product_cat-waffenzubehoer","8":"product_tag-aimpoint-de","10":"first","11":"outofstock","12":"taxable","13":"shipping-taxable","14":"purchasable","15":"product-type-simple"},"yoast_head":"<!-- This site is optimized with the Yoast SEO plugin v26.4 - https:\/\/yoast.com\/wordpress\/plugins\/seo\/ -->\n<title>Kolimator Aimpoint Duty RDS - TCA eShop - Tactical Combat Academy<\/title>\n<meta name=\"description\" content=\"Das Aimpoint\u00ae Duty RDS ist die Rotpunktvisierl\u00f6sung, auf die die Welt gewartet hat - es bietet Aimpoint Qualit\u00e4t zu einem erschwinglichen Preis.\" \/>\n<meta name=\"robots\" content=\"index, follow, max-snippet:-1, max-image-preview:large, max-video-preview:-1\" \/>\n<link rel=\"canonical\" href=\"https:\/\/eshop.tca.sk\/de\/waffenzubehoer\/kolimator-aimpoint-duty-rds\/\" \/>\n<meta property=\"og:locale\" content=\"de_DE\" \/>\n<meta property=\"og:type\" content=\"article\" \/>\n<meta property=\"og:title\" content=\"Kolimator Aimpoint Duty RDS - TCA eShop - Tactical Combat Academy\" \/>\n<meta property=\"og:description\" content=\"Das Aimpoint\u00ae Duty RDS ist die Rotpunktvisierl\u00f6sung, auf die die Welt gewartet hat - es bietet Aimpoint Qualit\u00e4t zu einem erschwinglichen Preis.\" \/>\n<meta property=\"og:url\" content=\"https:\/\/eshop.tca.sk\/de\/waffenzubehoer\/kolimator-aimpoint-duty-rds\/\" \/>\n<meta property=\"og:site_name\" content=\"TCA eShop - Tactical Combat Academy\" \/>\n<meta property=\"article:modified_time\" content=\"2025-11-26T11:03:52+00:00\" \/>\n<meta property=\"og:image\" content=\"https:\/\/eshop.tca.sk\/wp-content\/uploads\/2023\/03\/Kolimator-Aimpoint-Duty-RDS\u2122-3.jpg\" \/>\n\t<meta property=\"og:image:width\" content=\"640\" \/>\n\t<meta property=\"og:image:height\" content=\"640\" \/>\n\t<meta property=\"og:image:type\" content=\"image\/jpeg\" \/>\n<meta name=\"twitter:card\" content=\"summary_large_image\" \/>\n<script type=\"application\/ld+json\" class=\"yoast-schema-graph\">{\"@context\":\"https:\/\/schema.org\",\"@graph\":[{\"@type\":\"WebPage\",\"@id\":\"https:\/\/eshop.tca.sk\/de\/waffenzubehoer\/kolimator-aimpoint-duty-rds\/\",\"url\":\"https:\/\/eshop.tca.sk\/de\/waffenzubehoer\/kolimator-aimpoint-duty-rds\/\",\"name\":\"Kolimator Aimpoint Duty RDS - TCA eShop - Tactical Combat Academy\",\"isPartOf\":{\"@id\":\"https:\/\/eshop.tca.sk\/de\/#website\"},\"primaryImageOfPage\":{\"@id\":\"https:\/\/eshop.tca.sk\/de\/waffenzubehoer\/kolimator-aimpoint-duty-rds\/#primaryimage\"},\"image\":{\"@id\":\"https:\/\/eshop.tca.sk\/de\/waffenzubehoer\/kolimator-aimpoint-duty-rds\/#primaryimage\"},\"thumbnailUrl\":\"https:\/\/eshop.tca.sk\/wp-content\/uploads\/2023\/03\/Kolimator-Aimpoint-Duty-RDS\u2122-3.jpg\",\"datePublished\":\"2023-10-11T14:42:55+00:00\",\"dateModified\":\"2025-11-26T11:03:52+00:00\",\"description\":\"Das Aimpoint\u00ae Duty RDS ist die Rotpunktvisierl\u00f6sung, auf die die Welt gewartet hat - es bietet Aimpoint Qualit\u00e4t zu einem erschwinglichen Preis.\",\"breadcrumb\":{\"@id\":\"https:\/\/eshop.tca.sk\/de\/waffenzubehoer\/kolimator-aimpoint-duty-rds\/#breadcrumb\"},\"inLanguage\":\"de\",\"potentialAction\":[{\"@type\":\"ReadAction\",\"target\":[\"https:\/\/eshop.tca.sk\/de\/waffenzubehoer\/kolimator-aimpoint-duty-rds\/\"]}]},{\"@type\":\"ImageObject\",\"inLanguage\":\"de\",\"@id\":\"https:\/\/eshop.tca.sk\/de\/waffenzubehoer\/kolimator-aimpoint-duty-rds\/#primaryimage\",\"url\":\"https:\/\/eshop.tca.sk\/wp-content\/uploads\/2023\/03\/Kolimator-Aimpoint-Duty-RDS\u2122-3.jpg\",\"contentUrl\":\"https:\/\/eshop.tca.sk\/wp-content\/uploads\/2023\/03\/Kolimator-Aimpoint-Duty-RDS\u2122-3.jpg\",\"width\":640,\"height\":640},{\"@type\":\"BreadcrumbList\",\"@id\":\"https:\/\/eshop.tca.sk\/de\/waffenzubehoer\/kolimator-aimpoint-duty-rds\/#breadcrumb\",\"itemListElement\":[{\"@type\":\"ListItem\",\"position\":1,\"name\":\"Domovsk\u00e1 str\u00e1nka\",\"item\":\"https:\/\/eshop.tca.sk\/de\/\"},{\"@type\":\"ListItem\",\"position\":2,\"name\":\"Shop\",\"item\":\"https:\/\/eshop.tca.sk\/de\/shop\/\"},{\"@type\":\"ListItem\",\"position\":3,\"name\":\"Kolimator Aimpoint Duty RDS\"}]},{\"@type\":\"WebSite\",\"@id\":\"https:\/\/eshop.tca.sk\/de\/#website\",\"url\":\"https:\/\/eshop.tca.sk\/de\/\",\"name\":\"TCA eShop - Tactical Combat Academy\",\"description\":\"Tactical Combat Academy\",\"publisher\":{\"@id\":\"https:\/\/eshop.tca.sk\/de\/#organization\"},\"potentialAction\":[{\"@type\":\"SearchAction\",\"target\":{\"@type\":\"EntryPoint\",\"urlTemplate\":\"https:\/\/eshop.tca.sk\/de\/?s={search_term_string}\"},\"query-input\":{\"@type\":\"PropertyValueSpecification\",\"valueRequired\":true,\"valueName\":\"search_term_string\"}}],\"inLanguage\":\"de\"},{\"@type\":\"Organization\",\"@id\":\"https:\/\/eshop.tca.sk\/de\/#organization\",\"name\":\"TCA eShop - Tactical Combat Academy\",\"url\":\"https:\/\/eshop.tca.sk\/de\/\",\"logo\":{\"@type\":\"ImageObject\",\"inLanguage\":\"de\",\"@id\":\"https:\/\/eshop.tca.sk\/de\/#\/schema\/logo\/image\/\",\"url\":\"https:\/\/eshop.tca.sk\/wp-content\/uploads\/2025\/06\/logo-new-header.png\",\"contentUrl\":\"https:\/\/eshop.tca.sk\/wp-content\/uploads\/2025\/06\/logo-new-header.png\",\"width\":300,\"height\":294,\"caption\":\"TCA eShop - Tactical Combat Academy\"},\"image\":{\"@id\":\"https:\/\/eshop.tca.sk\/de\/#\/schema\/logo\/image\/\"}}]}<\/script>\n<!-- \/ Yoast SEO plugin. -->","yoast_head_json":{"title":"Kolimator Aimpoint Duty RDS - TCA eShop - Tactical Combat Academy","description":"Das Aimpoint\u00ae Duty RDS ist die Rotpunktvisierl\u00f6sung, auf die die Welt gewartet hat - es bietet Aimpoint Qualit\u00e4t zu einem erschwinglichen Preis.","robots":{"index":"index","follow":"follow","max-snippet":"max-snippet:-1","max-image-preview":"max-image-preview:large","max-video-preview":"max-video-preview:-1"},"canonical":"https:\/\/eshop.tca.sk\/de\/waffenzubehoer\/kolimator-aimpoint-duty-rds\/","og_locale":"de_DE","og_type":"article","og_title":"Kolimator Aimpoint Duty RDS - TCA eShop - Tactical Combat Academy","og_description":"Das Aimpoint\u00ae Duty RDS ist die Rotpunktvisierl\u00f6sung, auf die die Welt gewartet hat - es bietet Aimpoint Qualit\u00e4t zu einem erschwinglichen Preis.","og_url":"https:\/\/eshop.tca.sk\/de\/waffenzubehoer\/kolimator-aimpoint-duty-rds\/","og_site_name":"TCA eShop - Tactical Combat Academy","article_modified_time":"2025-11-26T11:03:52+00:00","og_image":[{"width":640,"height":640,"url":"https:\/\/eshop.tca.sk\/wp-content\/uploads\/2023\/03\/Kolimator-Aimpoint-Duty-RDS\u2122-3.jpg","type":"image\/jpeg"}],"twitter_card":"summary_large_image","schema":{"@context":"https:\/\/schema.org","@graph":[{"@type":"WebPage","@id":"https:\/\/eshop.tca.sk\/de\/waffenzubehoer\/kolimator-aimpoint-duty-rds\/","url":"https:\/\/eshop.tca.sk\/de\/waffenzubehoer\/kolimator-aimpoint-duty-rds\/","name":"Kolimator Aimpoint Duty RDS - TCA eShop - Tactical Combat Academy","isPartOf":{"@id":"https:\/\/eshop.tca.sk\/de\/#website"},"primaryImageOfPage":{"@id":"https:\/\/eshop.tca.sk\/de\/waffenzubehoer\/kolimator-aimpoint-duty-rds\/#primaryimage"},"image":{"@id":"https:\/\/eshop.tca.sk\/de\/waffenzubehoer\/kolimator-aimpoint-duty-rds\/#primaryimage"},"thumbnailUrl":"https:\/\/eshop.tca.sk\/wp-content\/uploads\/2023\/03\/Kolimator-Aimpoint-Duty-RDS\u2122-3.jpg","datePublished":"2023-10-11T14:42:55+00:00","dateModified":"2025-11-26T11:03:52+00:00","description":"Das Aimpoint\u00ae Duty RDS ist die Rotpunktvisierl\u00f6sung, auf die die Welt gewartet hat - es bietet Aimpoint Qualit\u00e4t zu einem erschwinglichen Preis.","breadcrumb":{"@id":"https:\/\/eshop.tca.sk\/de\/waffenzubehoer\/kolimator-aimpoint-duty-rds\/#breadcrumb"},"inLanguage":"de","potentialAction":[{"@type":"ReadAction","target":["https:\/\/eshop.tca.sk\/de\/waffenzubehoer\/kolimator-aimpoint-duty-rds\/"]}]},{"@type":"ImageObject","inLanguage":"de","@id":"https:\/\/eshop.tca.sk\/de\/waffenzubehoer\/kolimator-aimpoint-duty-rds\/#primaryimage","url":"https:\/\/eshop.tca.sk\/wp-content\/uploads\/2023\/03\/Kolimator-Aimpoint-Duty-RDS\u2122-3.jpg","contentUrl":"https:\/\/eshop.tca.sk\/wp-content\/uploads\/2023\/03\/Kolimator-Aimpoint-Duty-RDS\u2122-3.jpg","width":640,"height":640},{"@type":"BreadcrumbList","@id":"https:\/\/eshop.tca.sk\/de\/waffenzubehoer\/kolimator-aimpoint-duty-rds\/#breadcrumb","itemListElement":[{"@type":"ListItem","position":1,"name":"Domovsk\u00e1 str\u00e1nka","item":"https:\/\/eshop.tca.sk\/de\/"},{"@type":"ListItem","position":2,"name":"Shop","item":"https:\/\/eshop.tca.sk\/de\/shop\/"},{"@type":"ListItem","position":3,"name":"Kolimator Aimpoint Duty RDS"}]},{"@type":"WebSite","@id":"https:\/\/eshop.tca.sk\/de\/#website","url":"https:\/\/eshop.tca.sk\/de\/","name":"TCA eShop - Tactical Combat Academy","description":"Tactical Combat Academy","publisher":{"@id":"https:\/\/eshop.tca.sk\/de\/#organization"},"potentialAction":[{"@type":"SearchAction","target":{"@type":"EntryPoint","urlTemplate":"https:\/\/eshop.tca.sk\/de\/?s={search_term_string}"},"query-input":{"@type":"PropertyValueSpecification","valueRequired":true,"valueName":"search_term_string"}}],"inLanguage":"de"},{"@type":"Organization","@id":"https:\/\/eshop.tca.sk\/de\/#organization","name":"TCA eShop - Tactical Combat Academy","url":"https:\/\/eshop.tca.sk\/de\/","logo":{"@type":"ImageObject","inLanguage":"de","@id":"https:\/\/eshop.tca.sk\/de\/#\/schema\/logo\/image\/","url":"https:\/\/eshop.tca.sk\/wp-content\/uploads\/2025\/06\/logo-new-header.png","contentUrl":"https:\/\/eshop.tca.sk\/wp-content\/uploads\/2025\/06\/logo-new-header.png","width":300,"height":294,"caption":"TCA eShop - Tactical Combat Academy"},"image":{"@id":"https:\/\/eshop.tca.sk\/de\/#\/schema\/logo\/image\/"}}]}},"_links":{"self":[{"href":"https:\/\/eshop.tca.sk\/de\/wp-json\/wp\/v2\/product\/9887","targetHints":{"allow":["GET"]}}],"collection":[{"href":"https:\/\/eshop.tca.sk\/de\/wp-json\/wp\/v2\/product"}],"about":[{"href":"https:\/\/eshop.tca.sk\/de\/wp-json\/wp\/v2\/types\/product"}],"wp:featuredmedia":[{"embeddable":true,"href":"https:\/\/eshop.tca.sk\/de\/wp-json\/wp\/v2\/media\/8418"}],"wp:attachment":[{"href":"https:\/\/eshop.tca.sk\/de\/wp-json\/wp\/v2\/media?parent=9887"}],"wp:term":[{"taxonomy":"product_brand","embeddable":true,"href":"https:\/\/eshop.tca.sk\/de\/wp-json\/wp\/v2\/product_brand?post=9887"},{"taxonomy":"product_cat","embeddable":true,"href":"https:\/\/eshop.tca.sk\/de\/wp-json\/wp\/v2\/product_cat?post=9887"},{"taxonomy":"product_tag","embeddable":true,"href":"https:\/\/eshop.tca.sk\/de\/wp-json\/wp\/v2\/product_tag?post=9887"},{"taxonomy":"giftcard-category","embeddable":true,"href":"https:\/\/eshop.tca.sk\/de\/wp-json\/wp\/v2\/giftcard-category?post=9887"}],"curies":[{"name":"wp","href":"https:\/\/api.w.org\/{rel}","templated":true}]}}